{"id":1170,"date":"2017-01-11T15:23:43","date_gmt":"2017-01-11T15:23:43","guid":{"rendered":"http:\/\/www.conseg.pt\/de\/?page_id=1170"},"modified":"2020-11-02T16:24:37","modified_gmt":"2020-11-02T16:24:37","slug":"ueber-uns","status":"publish","type":"page","link":"https:\/\/www.conseg.pt\/de\/ueber-uns\/","title":{"rendered":"\u00dcber uns"},"content":{"rendered":"<p>[vc_row][vc_column width=&#8221;2\/3&#8243; offset=&#8221;vc_col-lg-6 vc_col-md-6 vc_col-xs-12&#8243;]<div id=\"ultimate-heading-245369f271be66370\" class=\"uvc-heading ult-adjust-bottom-margin ultimate-heading-245369f271be66370 uvc-6017 \" data-hspacer=\"no_spacer\"  data-halign=\"left\" style=\"text-align:left\"><div class=\"uvc-heading-spacer no_spacer\" style=\"top\"><\/div><div class=\"uvc-main-heading ult-responsive\"  data-ultimate-target='.uvc-heading.ultimate-heading-245369f271be66370 h2'  data-responsive-json-new='{\"font-size\":\"\",\"line-height\":\"\"}' ><h2 style=\"font-weight:normal;margin-bottom:20px;\">Unser Ziel: die bestm\u00f6gliche L\u00f6sung f\u00fcr Sie<\/h2><\/div><\/div>[vc_column_text]Unser Anliegen ist es die Zufriedenheit derer zu gew\u00e4hrleisten, die uns ihre Versicherungen anvertrauen. Wir fokussieren uns auf einen exzellenten Service, um eine kundennahe und kontinuierliche Betreuung und die bestm\u00f6glichen Versicherungsl\u00f6sungen zu garantieren.<\/p>\n<p>Wir sind f\u00fcr Sie da, wenn Sie uns brauchen![\/vc_column_text]<div class=\"ult-spacer spacer-69f271be663e9\" data-id=\"69f271be663e9\" data-height=\"40\" data-height-mobile=\"20\" data-height-tab=\"30\" data-height-tab-portrait=\"20\" data-height-mobile-landscape=\"0\" style=\"clear:both;display:block;\"><\/div>[\/vc_column][vc_column width=&#8221;1\/3&#8243; offset=&#8221;vc_col-lg-6 vc_col-md-6 vc_col-xs-12&#8243;]<div class=\"ult-spacer spacer-69f271be66448\" data-id=\"69f271be66448\" data-height=\"45\" data-height-mobile=\"20\" data-height-tab=\"30\" data-height-tab-portrait=\"20\" data-height-mobile-landscape=\"20\" style=\"clear:both;display:block;\"><\/div><div id=\"ultimate-heading-337469f271be664c3\" class=\"uvc-heading ult-adjust-bottom-margin ultimate-heading-337469f271be664c3 uvc-5120 \" data-hspacer=\"no_spacer\"  data-halign=\"left\" style=\"text-align:left\"><div class=\"uvc-heading-spacer no_spacer\" style=\"top\"><\/div><div class=\"uvc-main-heading ult-responsive\"  data-ultimate-target='.uvc-heading.ultimate-heading-337469f271be664c3 h3'  data-responsive-json-new='{\"font-size\":\"\",\"line-height\":\"\"}' ><h3 style=\"font-weight:normal;margin-bottom:15px;\">Unsere Werte<\/h3><\/div><\/div>[vc_progress_bar values=&#8221;%5B%7B%22label%22%3A%22Engagement%22%2C%22value%22%3A%22100%22%7D%2C%7B%22label%22%3A%22Professionalit%C3%A4t%22%2C%22value%22%3A%22100%22%7D%2C%7B%22label%22%3A%22Ehrlichkeit%22%2C%22value%22%3A%22100%22%7D%2C%7B%22label%22%3A%22Respekt%22%2C%22value%22%3A%22100%22%7D%5D&#8221; css_animation=&#8221;bounceIn&#8221;]<div class=\"ult-spacer spacer-69f271be66530\" data-id=\"69f271be66530\" data-height=\"40\" data-height-mobile=\"20\" data-height-tab=\"30\" data-height-tab-portrait=\"20\" data-height-mobile-landscape=\"20\" style=\"clear:both;display:block;\"><\/div>[\/vc_column][\/vc_row][vc_row type=&#8221;3&#8243; margin_top=&#8221;0&#8243; margin_bottom=&#8221;0&#8243; padding_top=&#8221;60px&#8221; padding_bottom=&#8221;20px&#8221; css=&#8221;.vc_custom_1481046165981{margin-bottom: 35px !important;}&#8221;][vc_column width=&#8221;1\/4&#8243;]<div class=\"stats-block stats-top  \"><div class=\"aio-icon-top\"><div class=\"ult-just-icon-wrapper  \"><div class=\"align-icon\" style=\"text-align:center;\">\n<div class=\"aio-icon none \"  style=\"color:#00a2a5;font-size:32px;display:inline-block;\">\n\t<i class=\"Defaults-thumbs-up\"><\/i>\n<\/div><\/div><\/div><\/div><div class=\"stats-desc\" id=\"counter-responsv-wrap-7899\"><div id=\"counter_19830687069f271be666eb\" data-id=\"counter_19830687069f271be666eb\"  data-ultimate-target='#counter-responsv-wrap-7899 .stats-number'  data-responsive-json-new='{\"font-size\":\"\",\"line-height\":\"\"}'  class=\"stats-number ult-responsive\" style=\"font-size:28px;  \" data-speed=\"3\" data-counter-value=\"0\" data-separator=\",\" data-decimal=\".\">0<\/div><div counter-responsv-wrap-7899  data-ultimate-target='#counter-responsv-wrap-7899 .stats-text'  data-responsive-json-new='{\"font-size\":\"\",\"line-height\":\"\"}'  class=\"stats-text ult-responsive\" style=\"font-size:18px;  \">Incidentes<\/div><\/div><\/div>[\/vc_column][vc_column width=&#8221;1\/4&#8243;]<div class=\"stats-block stats-top  \"><div class=\"aio-icon-top\"><div class=\"ult-just-icon-wrapper  \"><div class=\"align-icon\" style=\"text-align:center;\">\n<div class=\"aio-icon none \"  style=\"color:#00a2a5;font-size:32px;display:inline-block;\">\n\t<i class=\"Defaults-star\"><\/i>\n<\/div><\/div><\/div><\/div><div class=\"stats-desc\" id=\"counter-responsv-wrap-5075\"><div class=\"counter_prefix mycust ult-responsive\"  data-ultimate-target='#counter-responsv-wrap-5075 .mycust'  data-responsive-json-new='{\"font-size\":\"\",\"line-height\":\"\"}'  style=\"font-size:28px; color:\">+<\/div><div id=\"counter_168462785869f271be6686e\" data-id=\"counter_168462785869f271be6686e\"  data-ultimate-target='#counter-responsv-wrap-5075 .stats-number'  data-responsive-json-new='{\"font-size\":\"\",\"line-height\":\"\"}'  class=\"stats-number ult-responsive\" style=\"font-size:28px;  \" data-speed=\"3\" data-counter-value=\"10\" data-separator=\",\" data-decimal=\".\">0<\/div><div counter-responsv-wrap-5075  data-ultimate-target='#counter-responsv-wrap-5075 .stats-text'  data-responsive-json-new='{\"font-size\":\"\",\"line-height\":\"\"}'  class=\"stats-text ult-responsive\" style=\"font-size:18px;  \">Anos de Exist\u00eancia<\/div><\/div><\/div>[\/vc_column][vc_column width=&#8221;1\/4&#8243;]<div class=\"stats-block stats-top  \"><div class=\"aio-icon-top\"><div class=\"ult-just-icon-wrapper  \"><div class=\"align-icon\" style=\"text-align:center;\">\n<div class=\"aio-icon none \"  style=\"color:#00a2a5;font-size:32px;display:inline-block;\">\n\t<i class=\"Defaults-heart\"><\/i>\n<\/div><\/div><\/div><\/div><div class=\"stats-desc\" id=\"counter-responsv-wrap-1075\"><div id=\"counter_99522400369f271be66a13\" data-id=\"counter_99522400369f271be66a13\"  data-ultimate-target='#counter-responsv-wrap-1075 .stats-number'  data-responsive-json-new='{\"font-size\":\"\",\"line-height\":\"\"}'  class=\"stats-number ult-responsive\" style=\"font-size:28px;  \" data-speed=\"3\" data-counter-value=\"100\" data-separator=\",\" data-decimal=\".\">0<\/div><div class=\"counter_suffix mycust ult-responsive\"  data-ultimate-target='#counter-responsv-wrap-1075 .mycust'  data-responsive-json-new='{\"font-size\":\"\",\"line-height\":\"\"}'  style=\"font-size:28px; color:\">%<\/div><div counter-responsv-wrap-1075  data-ultimate-target='#counter-responsv-wrap-1075 .stats-text'  data-responsive-json-new='{\"font-size\":\"\",\"line-height\":\"\"}'  class=\"stats-text ult-responsive\" style=\"font-size:18px;  \">Dedica\u00e7\u00e3o<\/div><\/div><\/div>[\/vc_column][vc_column width=&#8221;1\/4&#8243;]<div class=\"stats-block stats-top  \"><div class=\"aio-icon-top\"><div class=\"ult-just-icon-wrapper  \"><div class=\"align-icon\" style=\"text-align:center;\">\n<div class=\"aio-icon none \"  style=\"color:#00a2a5;font-size:32px;display:inline-block;\">\n\t<i class=\"Defaults-group users\"><\/i>\n<\/div><\/div><\/div><\/div><div class=\"stats-desc\" id=\"counter-responsv-wrap-9853\"><div class=\"counter_prefix mycust ult-responsive\"  data-ultimate-target='#counter-responsv-wrap-9853 .mycust'  data-responsive-json-new='{\"font-size\":\"\",\"line-height\":\"\"}'  style=\"font-size:28px; color:\">+<\/div><div id=\"counter_113297943969f271be66bb5\" data-id=\"counter_113297943969f271be66bb5\"  data-ultimate-target='#counter-responsv-wrap-9853 .stats-number'  data-responsive-json-new='{\"font-size\":\"\",\"line-height\":\"\"}'  class=\"stats-number ult-responsive\" style=\"font-size:28px;  \" data-speed=\"3\" data-counter-value=\"500\" data-separator=\",\" data-decimal=\".\">0<\/div><div counter-responsv-wrap-9853  data-ultimate-target='#counter-responsv-wrap-9853 .stats-text'  data-responsive-json-new='{\"font-size\":\"\",\"line-height\":\"\"}'  class=\"stats-text ult-responsive\" style=\"font-size:18px;  \">Clientes<\/div><\/div><\/div>[\/vc_column][\/vc_row][vc_row][vc_column]<div class=\"ult-spacer spacer-69f271be66c1d\" data-id=\"69f271be66c1d\" data-height=\"40\" data-height-mobile=\"20\" data-height-tab=\"30\" data-height-tab-portrait=\"20\" data-height-mobile-landscape=\"20\" style=\"clear:both;display:block;\"><\/div>[\/vc_column][\/vc_row][vc_row][vc_column offset=&#8221;vc_col-lg-6 vc_col-md-6 vc_col-xs-12&#8243;][vc_empty_space height=&#8221;20px&#8221;]<div id=\"ultimate-heading-774269f271be66c99\" class=\"uvc-heading ult-adjust-bottom-margin ultimate-heading-774269f271be66c99 uvc-1452 \" data-hspacer=\"no_spacer\"  data-halign=\"left\" style=\"text-align:left\"><div class=\"uvc-heading-spacer no_spacer\" style=\"top\"><\/div><div class=\"uvc-main-heading ult-responsive\"  data-ultimate-target='.uvc-heading.ultimate-heading-774269f271be66c99 h2'  data-responsive-json-new='{\"font-size\":\"\",\"line-height\":\"\"}' ><h2 style=\"font-weight:normal;margin-bottom:20px;\">Ich stelle mich vor<\/h2><\/div><\/div>[vc_column_text]Ich, Rui Gomes, begann meine T\u00e4tigkeit im Jahr 2004 als selbst\u00e4ndiger Versicherungsvermittler bei Victoria Versicherungen. Im folgenden Jahr wurde ich Mitarbeiter bei der Victoria und arbeitete dort als Betreuer f\u00fcr Versicherungsmakler.<\/p>\n<p>Nach 10 Jahren habe ich mir im Jahre 2015 neue Ziele gesetzt und eine eigene Versicherungsagentur gegr\u00fcndet: CONSEG[\/vc_column_text][vc_empty_space height=&#8221;20px&#8221;]<div id=\"ultimate-heading-58869f271be66d1c\" class=\"uvc-heading ult-adjust-bottom-margin ultimate-heading-58869f271be66d1c uvc-2917 \" data-hspacer=\"no_spacer\"  data-halign=\"left\" style=\"text-align:left\"><div class=\"uvc-heading-spacer no_spacer\" style=\"top\"><\/div><div class=\"uvc-main-heading ult-responsive\"  data-ultimate-target='.uvc-heading.ultimate-heading-58869f271be66d1c h2'  data-responsive-json-new='{\"font-size\":\"\",\"line-height\":\"\"}' ><h2 style=\"font-weight:normal;margin-bottom:20px;\">Bescheinigung<\/h2><\/div><\/div>[vc_column_text]Die ASF (Autoridade de Supervis\u00e3o de Fundos e Seguros) autorisiert unter der Nummer 315426161 Herrn Rui Gomes den Beruf des Versicherungsmaklers f\u00fcr Lebens- und Sachversicherungen auszu\u00fcben.<\/p>\n<p>Es ist ihm erlaubt Versicherungsvertr\u00e4ge im Namen der Versicherungsgesellschaften abzuschlie\u00dfen und die entsprechenden Pr\u00e4mien zu erhalten.[\/vc_column_text][\/vc_column][vc_column offset=&#8221;vc_col-lg-6 vc_col-md-6 vc_col-xs-12&#8243;][vc_empty_space height=&#8221;40px&#8221;][vc_single_image image=&#8221;1530&#8243; img_size=&#8221;full&#8221; alignment=&#8221;center&#8221;][\/vc_column][\/vc_row][vc_row type=&#8221;1&#8243; margin_bottom=&#8221;-50px&#8221;][vc_column][vc_empty_space height=&#8221;30px&#8221;]<div id=\"ult-carousel-77495056869f271be66ea4\" class=\"ult-carousel-wrapper  vc_custom_1481043385724  ult_horizontal\" data-gutter=\"30\" data-rtl=\"false\" ><div class=\"ult-carousel-30080383969f271be66dab \" >[vc_single_image image=&#8221;1149&#8243; img_size=&#8221;400&#215;300&#8243; alignment=&#8221;center&#8221; onclick=&#8221;custom_link&#8221; img_link_target=&#8221;_blank&#8221; image_hovers=&#8221;false&#8221; lazy_loading=&#8221;true&#8221; css=&#8221;.vc_custom_1483978015040{padding-top: 20px !important;padding-bottom: 20px !important;}&#8221;][vc_single_image image=&#8221;1148&#8243; img_size=&#8221;400&#215;300&#8243; onclick=&#8221;custom_link&#8221; img_link_target=&#8221;_blank&#8221; image_hovers=&#8221;false&#8221; lazy_loading=&#8221;true&#8221; css=&#8221;.vc_custom_1483976857331{padding-top: 20px !important;padding-bottom: 20px !important;}&#8221; link=&#8221;http:\/\/themeforest.net\/item\/the7-responsive-multipurpose-wordpress-theme\/5556590http:\/\/&#8221;][vc_single_image image=&#8221;1152&#8243; img_size=&#8221;400&#215;300&#8243; onclick=&#8221;custom_link&#8221; img_link_target=&#8221;_blank&#8221; image_hovers=&#8221;false&#8221; lazy_loading=&#8221;true&#8221; css=&#8221;.vc_custom_1483977493339{padding-top: 20px !important;padding-bottom: 20px !important;}&#8221; link=&#8221;http:\/\/themeforest.net\/item\/the7-responsive-multipurpose-wordpress-theme\/5556590&#8243;][vc_single_image image=&#8221;1150&#8243; img_size=&#8221;400&#215;300&#8243; onclick=&#8221;custom_link&#8221; img_link_target=&#8221;_blank&#8221; image_hovers=&#8221;false&#8221; lazy_loading=&#8221;true&#8221; css=&#8221;.vc_custom_1483977508399{padding-top: 20px !important;padding-bottom: 20px !important;}&#8221; link=&#8221;http:\/\/themeforest.net\/item\/the7-responsive-multipurpose-wordpress-theme\/5556590&#8243;][vc_single_image image=&#8221;1151&#8243; img_size=&#8221;400&#215;300&#8243; onclick=&#8221;custom_link&#8221; img_link_target=&#8221;_blank&#8221; image_hovers=&#8221;false&#8221; lazy_loading=&#8221;true&#8221; css=&#8221;.vc_custom_1483977523408{padding-top: 20px !important;padding-bottom: 20px !important;}&#8221; link=&#8221;http:\/\/themeforest.net\/item\/the7-responsive-multipurpose-wordpress-theme\/5556590&#8243;][vc_single_image image=&#8221;1153&#8243; img_size=&#8221;400&#215;300&#8243; onclick=&#8221;custom_link&#8221; img_link_target=&#8221;_blank&#8221; image_hovers=&#8221;false&#8221; lazy_loading=&#8221;true&#8221; css=&#8221;.vc_custom_1483977537244{padding-top: 20px !important;padding-bottom: 20px !important;}&#8221; link=&#8221;http:\/\/themeforest.net\/item\/the7-responsive-multipurpose-wordpress-theme\/5556590&#8243;][vc_single_image image=&#8221;1154&#8243; img_size=&#8221;400&#215;300&#8243; onclick=&#8221;custom_link&#8221; img_link_target=&#8221;_blank&#8221; image_hovers=&#8221;false&#8221; lazy_loading=&#8221;true&#8221; css=&#8221;.vc_custom_1483977549256{padding-top: 20px !important;padding-bottom: 20px !important;}&#8221; link=&#8221;http:\/\/themeforest.net\/item\/the7-responsive-multipurpose-wordpress-theme\/5556590&#8243;]<\/div><\/div>            <script type=\"text\/javascript\">\r\n\t\t\t\tjQuery(document).ready(function($){\r\n               \t\t$('.ult-carousel-30080383969f271be66dab').slick({dots: false,autoplaySpeed: 5000,speed: 600,infinite: true,arrows: true,nextArrow: '<button type=\"button\" style=\"color:#ffffff; font-size:25px;background:#008183;\" class=\"slick-next circle-bg\"><i class=\"ultsl-arrow-right4\"><\/i><\/button>',prevArrow: '<button type=\"button\" style=\"color:#ffffff; font-size:25px;background:#008183;\" class=\"slick-prev circle-bg\"><i class=\"ultsl-arrow-left4\"><\/i><\/button>',slidesToScroll:1,slidesToShow:5,swipe: true,draggable: true,touchMove: true,responsive: [\r\n\t\t\t\t\t\t\t{\r\n\t\t\t\t\t\t\t  breakpoint: 1025,\r\n\t\t\t\t\t\t\t  settings: {\r\n\t\t\t\t\t\t\t\tslidesToShow: 5,\r\n\t\t\t\t\t\t\t\tslidesToScroll: 1,  \r\n\t\t\t\t\t\t\t  }\r\n\t\t\t\t\t\t\t},\r\n\t\t\t\t\t\t\t{\r\n\t\t\t\t\t\t\t  breakpoint: 769,\r\n\t\t\t\t\t\t\t  settings: {\r\n\t\t\t\t\t\t\t\tslidesToShow: 3,\r\n\t\t\t\t\t\t\t\tslidesToScroll: 3\r\n\t\t\t\t\t\t\t  }\r\n\t\t\t\t\t\t\t},\r\n\t\t\t\t\t\t\t{\r\n\t\t\t\t\t\t\t  breakpoint: 481,\r\n\t\t\t\t\t\t\t  settings: {\r\n\t\t\t\t\t\t\t\tslidesToShow: 1,\r\n\t\t\t\t\t\t\t\tslidesToScroll: 1\r\n\t\t\t\t\t\t\t  }\r\n\t\t\t\t\t\t\t}\r\n\t\t\t\t\t\t],pauseOnHover: true,\r\n\t\t\t\t\t\tpauseOnDotsHover: true,customPaging: function(slider, i) {\r\n                   return '<i type=\"button\" style=\"color:#333333;\" class=\"ultsl-record\" data-role=\"none\"><\/i>';\r\n                },});\r\n\t\t\t\t});\r\n\t\t\t<\/script>\r\n            [\/vc_column][\/vc_row]<\/p>\n","protected":false},"excerpt":{"rendered":"<p>[vc_row][vc_column width=&#8221;2\/3&#8243; offset=&#8221;vc_col-lg-6 vc_col-md-6 vc_col-xs-12&#8243;][vc_column_text]Unser Anliegen ist es die Zufriedenheit derer zu gew\u00e4hrleisten, die uns ihre Versicherungen anvertrauen. Wir fokussieren uns auf einen exzellenten Service, um eine kundennahe und kontinuierliche Betreuung und die bestm\u00f6glichen Versicherungsl\u00f6sungen zu garantieren. Wir sind f\u00fcr Sie da, wenn Sie uns brauchen![\/vc_column_text][\/vc_column][vc_column width=&#8221;1\/3&#8243; offset=&#8221;vc_col-lg-6 vc_col-md-6 vc_col-xs-12&#8243;][vc_progress_bar values=&#8221;%5B%7B%22label%22%3A%22Engagement%22%2C%22value%22%3A%22100%22%7D%2C%7B%22label%22%3A%22Professionalit%C3%A4t%22%2C%22value%22%3A%22100%22%7D%2C%7B%22label%22%3A%22Ehrlichkeit%22%2C%22value%22%3A%22100%22%7D%2C%7B%22label%22%3A%22Respekt%22%2C%22value%22%3A%22100%22%7D%5D&#8221; css_animation=&#8221;bounceIn&#8221;][\/vc_column][\/vc_row][vc_row type=&#8221;3&#8243; margin_top=&#8221;0&#8243; margin_bottom=&#8221;0&#8243;&hellip;<\/p>\n","protected":false},"author":1,"featured_media":0,"parent":0,"menu_order":2,"comment_status":"closed","ping_status":"closed","template":"","meta":[],"yoast_head":"<!-- This site is optimized with the Yoast SEO plugin v15.9 - https:\/\/yoast.com\/wordpress\/plugins\/seo\/ -->\n<title>\u00dcber uns | Conseg<\/title>\n<meta name=\"robots\" content=\"index, follow, max-snippet:-1, max-image-preview:large, max-video-preview:-1\" \/>\n<link rel=\"canonical\" href=\"https:\/\/www.conseg.pt\/de\/ueber-uns\/\" \/>\n<meta property=\"og:locale\" content=\"de_DE\" \/>\n<meta property=\"og:type\" content=\"article\" \/>\n<meta property=\"og:title\" content=\"\u00dcber uns | Conseg\" \/>\n<meta property=\"og:description\" content=\"[vc_row][vc_column width=&#8221;2\/3&#8243; offset=&#8221;vc_col-lg-6 vc_col-md-6 vc_col-xs-12&#8243;][vc_column_text]Unser Anliegen ist es die Zufriedenheit derer zu gew\u00e4hrleisten, die uns ihre Versicherungen anvertrauen. Wir fokussieren uns auf einen exzellenten Service, um eine kundennahe und kontinuierliche Betreuung und die bestm\u00f6glichen Versicherungsl\u00f6sungen zu garantieren. Wir sind f\u00fcr Sie da, wenn Sie uns brauchen![\/vc_column_text][\/vc_column][vc_column width=&#8221;1\/3&#8243; offset=&#8221;vc_col-lg-6 vc_col-md-6 vc_col-xs-12&#8243;][vc_progress_bar values=&#8221;%5B%7B%22label%22%3A%22Engagement%22%2C%22value%22%3A%22100%22%7D%2C%7B%22label%22%3A%22Professionalit%C3%A4t%22%2C%22value%22%3A%22100%22%7D%2C%7B%22label%22%3A%22Ehrlichkeit%22%2C%22value%22%3A%22100%22%7D%2C%7B%22label%22%3A%22Respekt%22%2C%22value%22%3A%22100%22%7D%5D&#8221; css_animation=&#8221;bounceIn&#8221;][\/vc_column][\/vc_row][vc_row type=&#8221;3&#8243; margin_top=&#8221;0&#8243; margin_bottom=&#8221;0&#8243;&hellip;\" \/>\n<meta property=\"og:url\" content=\"https:\/\/www.conseg.pt\/de\/ueber-uns\/\" \/>\n<meta property=\"og:site_name\" content=\"Conseg\" \/>\n<meta property=\"article:publisher\" content=\"https:\/\/www.facebook.com\/Conseg.pt\/\" \/>\n<meta property=\"article:modified_time\" content=\"2020-11-02T16:24:37+00:00\" \/>\n<meta property=\"og:image\" content=\"https:\/\/www.conseg.pt\/wp-content\/uploads\/2020\/11\/Logo_Conseg-01-e1604333642146.png\" \/>\n\t<meta property=\"og:image:width\" content=\"500\" \/>\n\t<meta property=\"og:image:height\" content=\"313\" \/>\n<meta name=\"twitter:card\" content=\"summary\" \/>\n<meta name=\"twitter:label1\" content=\"Est. reading time\">\n\t<meta name=\"twitter:data1\" content=\"4 minutes\">\n<script type=\"application\/ld+json\" class=\"yoast-schema-graph\">{\"@context\":\"https:\/\/schema.org\",\"@graph\":[{\"@type\":\"Organization\",\"@id\":\"https:\/\/www.conseg.pt\/#organization\",\"name\":\"Conseg seguros\",\"url\":\"https:\/\/www.conseg.pt\/\",\"sameAs\":[\"https:\/\/www.facebook.com\/Conseg.pt\/\",\"https:\/\/www.instagram.com\/conseg.pt\/\"],\"logo\":{\"@type\":\"ImageObject\",\"@id\":\"https:\/\/www.conseg.pt\/#logo\",\"inLanguage\":\"de-DE\",\"url\":\"https:\/\/www.conseg.pt\/wp-content\/uploads\/2020\/11\/Logo_Conseg-01-e1604333642146.png\",\"width\":500,\"height\":313,\"caption\":\"Conseg seguros\"},\"image\":{\"@id\":\"https:\/\/www.conseg.pt\/#logo\"}},{\"@type\":\"WebSite\",\"@id\":\"https:\/\/www.conseg.pt\/#website\",\"url\":\"https:\/\/www.conseg.pt\/\",\"name\":\"Conseg\",\"description\":\"Seguros\",\"publisher\":{\"@id\":\"https:\/\/www.conseg.pt\/#organization\"},\"potentialAction\":[{\"@type\":\"SearchAction\",\"target\":\"https:\/\/www.conseg.pt\/?s={search_term_string}\",\"query-input\":\"required name=search_term_string\"}],\"inLanguage\":\"de-DE\"},{\"@type\":\"WebPage\",\"@id\":\"https:\/\/www.conseg.pt\/de\/ueber-uns\/#webpage\",\"url\":\"https:\/\/www.conseg.pt\/de\/ueber-uns\/\",\"name\":\"\\u00dcber uns | Conseg\",\"isPartOf\":{\"@id\":\"https:\/\/www.conseg.pt\/#website\"},\"datePublished\":\"2017-01-11T15:23:43+00:00\",\"dateModified\":\"2020-11-02T16:24:37+00:00\",\"breadcrumb\":{\"@id\":\"https:\/\/www.conseg.pt\/de\/ueber-uns\/#breadcrumb\"},\"inLanguage\":\"de-DE\",\"potentialAction\":[{\"@type\":\"ReadAction\",\"target\":[\"https:\/\/www.conseg.pt\/de\/ueber-uns\/\"]}]},{\"@type\":\"BreadcrumbList\",\"@id\":\"https:\/\/www.conseg.pt\/de\/ueber-uns\/#breadcrumb\",\"itemListElement\":[{\"@type\":\"ListItem\",\"position\":1,\"item\":{\"@type\":\"WebPage\",\"@id\":\"https:\/\/www.conseg.pt\/de\/\",\"url\":\"https:\/\/www.conseg.pt\/de\/\",\"name\":\"Home\"}},{\"@type\":\"ListItem\",\"position\":2,\"item\":{\"@type\":\"WebPage\",\"@id\":\"https:\/\/www.conseg.pt\/de\/ueber-uns\/\",\"url\":\"https:\/\/www.conseg.pt\/de\/ueber-uns\/\",\"name\":\"\\u00dcber uns\"}}]}]}<\/script>\n<!-- \/ Yoast SEO plugin. -->","_links":{"self":[{"href":"https:\/\/www.conseg.pt\/de\/wp-json\/wp\/v2\/pages\/1170"}],"collection":[{"href":"https:\/\/www.conseg.pt\/de\/wp-json\/wp\/v2\/pages"}],"about":[{"href":"https:\/\/www.conseg.pt\/de\/wp-json\/wp\/v2\/types\/page"}],"author":[{"embeddable":true,"href":"https:\/\/www.conseg.pt\/de\/wp-json\/wp\/v2\/users\/1"}],"replies":[{"embeddable":true,"href":"https:\/\/www.conseg.pt\/de\/wp-json\/wp\/v2\/comments?post=1170"}],"version-history":[{"count":5,"href":"https:\/\/www.conseg.pt\/de\/wp-json\/wp\/v2\/pages\/1170\/revisions"}],"predecessor-version":[{"id":1887,"href":"https:\/\/www.conseg.pt\/de\/wp-json\/wp\/v2\/pages\/1170\/revisions\/1887"}],"wp:attachment":[{"href":"https:\/\/www.conseg.pt\/de\/wp-json\/wp\/v2\/media?parent=1170"}],"curies":[{"name":"wp","href":"https:\/\/api.w.org\/{rel}","templated":true}]}}