{"id":1182,"date":"2017-01-11T15:32:53","date_gmt":"2017-01-11T15:32:53","guid":{"rendered":"http:\/\/www.conseg.pt\/de\/?page_id=1182"},"modified":"2020-11-02T17:10:28","modified_gmt":"2020-11-02T17:10:28","slug":"unternehmen","status":"publish","type":"page","link":"https:\/\/www.conseg.pt\/de\/unternehmen\/","title":{"rendered":"Versicherungen f\u00fcr das Unternehmen"},"content":{"rendered":"<p>[vc_row][vc_column width=&#8221;1\/3&#8243;][vc_single_image image=&#8221;1614&#8243; img_size=&#8221;full&#8221; alignment=&#8221;center&#8221; lazy_loading=&#8221;true&#8221; css=&#8221;.vc_custom_1604336803544{margin-bottom: 0px !important;border-bottom-width: 0px !important;padding-bottom: 0px !important;}&#8221;]<div class=\"ult-content-box-container \" >\t\t<div class=\"ult-content-box\" style=\"background-color:#f9f9f9;box-shadow: px px px px #f7f7f7 none;padding-top:25px;padding-right:20px;padding-bottom:0px;padding-left:20px;-webkit-transition: all 700ms ease;-moz-transition: all 700ms ease;-ms-transition: all 700ms ease;-o-transition: all 700ms ease;transition: all 700ms ease;\"  data-hover_box_shadow=\"none\"     data-bg=\"#f9f9f9\" ><div id=\"ultimate-heading-290969f27db12ee70\" class=\"uvc-heading ult-adjust-bottom-margin ultimate-heading-290969f27db12ee70 uvc-9367 \" data-hspacer=\"no_spacer\"  data-halign=\"left\" style=\"text-align:left\"><div class=\"uvc-heading-spacer no_spacer\" style=\"top\"><\/div><div class=\"uvc-main-heading ult-responsive\"  data-ultimate-target='.uvc-heading.ultimate-heading-290969f27db12ee70 h2'  data-responsive-json-new='{\"font-size\":\"\",\"line-height\":\"\"}' ><h2 style=\"font-weight:normal;margin-bottom:15px;\">Firmenversicherung<\/h2><\/div><\/div>[vc_column_text]Die wirtschaftliche Stabilit\u00e4t Ihres Unternehmens zu sch\u00fctzen, ist f\u00fcr ein nachhaltiges Wachstum des Unternehmens von gr\u00f6\u00dfter Bedeutung.[\/vc_column_text][vc_btn title=&#8221;Mehr Informationen&#8221; color=&#8221;peacoc&#8221; link=&#8221;url:http%3A%2F%2Fwww.conseg.pt%2Fde%2Funternehmen%2Ffirmenversicherung%2F|||&#8221; el_class=&#8221;btn-primary&#8221;]\t\t<\/div><\/div>[\/vc_column][vc_column width=&#8221;1\/3&#8243;][vc_single_image image=&#8221;1609&#8243; img_size=&#8221;full&#8221; alignment=&#8221;center&#8221; lazy_loading=&#8221;true&#8221; css=&#8221;.vc_custom_1604337024718{margin-bottom: 0px !important;border-bottom-width: 0px !important;padding-bottom: 0px !important;}&#8221;]<div class=\"ult-content-box-container \" >\t\t<div class=\"ult-content-box\" style=\"background-color:#f9f9f9;box-shadow: px px px px #f7f7f7 none;padding-top:25px;padding-right:20px;padding-bottom:0px;padding-left:20px;-webkit-transition: all 700ms ease;-moz-transition: all 700ms ease;-ms-transition: all 700ms ease;-o-transition: all 700ms ease;transition: all 700ms ease;\"  data-hover_box_shadow=\"none\"     data-bg=\"#f9f9f9\" ><div id=\"ultimate-heading-701169f27db12efc4\" class=\"uvc-heading ult-adjust-bottom-margin ultimate-heading-701169f27db12efc4 uvc-7303 \" data-hspacer=\"no_spacer\"  data-halign=\"left\" style=\"text-align:left\"><div class=\"uvc-heading-spacer no_spacer\" style=\"top\"><\/div><div class=\"uvc-main-heading ult-responsive\"  data-ultimate-target='.uvc-heading.ultimate-heading-701169f27db12efc4 h2'  data-responsive-json-new='{\"font-size\":\"\",\"line-height\":\"\"}' ><h2 style=\"font-weight:normal;margin-bottom:15px;\">Arbeitsunfallversicherung<\/h2><\/div><\/div>[vc_column_text]Seguro de contrata\u00e7\u00e3o obrigat\u00f3ria por Lei e porque ningu\u00e9m est\u00e1 livre de ter um acidente durante o per\u00edodo de trabalho.[\/vc_column_text][vc_btn title=&#8221;Mehr Informationen&#8221; color=&#8221;peacoc&#8221; link=&#8221;url:http%3A%2F%2Fwww.conseg.pt%2Fde%2Funternehmen%2Farbeitsunfallversicherung%2F|||&#8221; el_class=&#8221;btn-primary&#8221;]\t\t<\/div><\/div>[\/vc_column][vc_column width=&#8221;1\/3&#8243;][vc_single_image image=&#8221;1615&#8243; img_size=&#8221;full&#8221; alignment=&#8221;center&#8221; lazy_loading=&#8221;true&#8221; css=&#8221;.vc_custom_1604336870505{margin-bottom: 0px !important;border-bottom-width: 0px !important;padding-bottom: 0px !important;}&#8221;]<div class=\"ult-content-box-container \" >\t\t<div class=\"ult-content-box\" style=\"background-color:#f9f9f9;box-shadow: px px px px #f7f7f7 none;padding-top:25px;padding-right:20px;padding-bottom:0px;padding-left:20px;-webkit-transition: all 700ms ease;-moz-transition: all 700ms ease;-ms-transition: all 700ms ease;-o-transition: all 700ms ease;transition: all 700ms ease;\"  data-hover_box_shadow=\"none\"     data-bg=\"#f9f9f9\" ><div id=\"ultimate-heading-827669f27db12f112\" class=\"uvc-heading ult-adjust-bottom-margin ultimate-heading-827669f27db12f112 uvc-6153 \" data-hspacer=\"no_spacer\"  data-halign=\"left\" style=\"text-align:left\"><div class=\"uvc-heading-spacer no_spacer\" style=\"top\"><\/div><div class=\"uvc-main-heading ult-responsive\"  data-ultimate-target='.uvc-heading.ultimate-heading-827669f27db12f112 h2'  data-responsive-json-new='{\"font-size\":\"\",\"line-height\":\"\"}' ><h2 style=\"font-weight:normal;margin-bottom:15px;\">Haftpflichtversicherung<\/h2><\/div><\/div>[vc_column_text]Die Vorsorge ist der Schl\u00fcssel f\u00fcr die Garantie, dass nichts Unvorhergesehenes ihr Gesch\u00e4ft beeinflusst.[\/vc_column_text][vc_btn title=&#8221;Mehr Informationen&#8221; color=&#8221;peacoc&#8221; link=&#8221;url:http%3A%2F%2Fwww.conseg.pt%2Fde%2Funternehmen%2Fhaftpflichtversicherung%2F|||&#8221; el_class=&#8221;btn-primary&#8221;]\t\t<\/div><\/div>[\/vc_column][\/vc_row][vc_row][vc_column][vc_empty_space height=&#8221;40px&#8221;][\/vc_column][\/vc_row][vc_row][vc_column width=&#8221;1\/3&#8243;][vc_single_image image=&#8221;1616&#8243; img_size=&#8221;full&#8221; alignment=&#8221;center&#8221; lazy_loading=&#8221;true&#8221; css=&#8221;.vc_custom_1604336892921{margin-bottom: 0px !important;border-bottom-width: 0px !important;padding-bottom: 0px !important;}&#8221;]<div class=\"ult-content-box-container \" >\t\t<div class=\"ult-content-box\" style=\"background-color:#f9f9f9;box-shadow: px px px px #f7f7f7 none;padding-top:25px;padding-right:20px;padding-bottom:0px;padding-left:20px;-webkit-transition: all 700ms ease;-moz-transition: all 700ms ease;-ms-transition: all 700ms ease;-o-transition: all 700ms ease;transition: all 700ms ease;\"  data-hover_box_shadow=\"none\"     data-bg=\"#f9f9f9\" ><div id=\"ultimate-heading-298269f27db12f268\" class=\"uvc-heading ult-adjust-bottom-margin ultimate-heading-298269f27db12f268 uvc-5556 \" data-hspacer=\"no_spacer\"  data-halign=\"left\" style=\"text-align:left\"><div class=\"uvc-heading-spacer no_spacer\" style=\"top\"><\/div><div class=\"uvc-main-heading ult-responsive\"  data-ultimate-target='.uvc-heading.ultimate-heading-298269f27db12f268 h2'  data-responsive-json-new='{\"font-size\":\"\",\"line-height\":\"\"}' ><h2 style=\"font-weight:normal;margin-bottom:15px;\"> Gruppen-Krankenversicherung<\/h2><\/div><\/div>[vc_column_text]Eine Krankenversicherung ist die optimale M\u00f6glichkeit den Mitarbeitern einen Mehrwert zu bieten.[\/vc_column_text][vc_btn title=&#8221;Mehr Informationen&#8221; color=&#8221;peacoc&#8221; link=&#8221;url:http%3A%2F%2Fwww.conseg.pt%2Fde%2Funternehmen%2Fgruppen-krankenversicherung%2F|||&#8221; el_class=&#8221;btn-primary&#8221;]\t\t<\/div><\/div>[\/vc_column][vc_column width=&#8221;1\/3&#8243;][vc_single_image image=&#8221;1617&#8243; img_size=&#8221;full&#8221; alignment=&#8221;center&#8221; lazy_loading=&#8221;true&#8221; css=&#8221;.vc_custom_1604336922370{margin-bottom: 0px !important;border-bottom-width: 0px !important;padding-bottom: 0px !important;}&#8221;]<div class=\"ult-content-box-container \" >\t\t<div class=\"ult-content-box\" style=\"background-color:#f9f9f9;box-shadow: px px px px #f7f7f7 none;padding-top:25px;padding-right:20px;padding-bottom:0px;padding-left:20px;-webkit-transition: all 700ms ease;-moz-transition: all 700ms ease;-ms-transition: all 700ms ease;-o-transition: all 700ms ease;transition: all 700ms ease;\"  data-hover_box_shadow=\"none\"     data-bg=\"#f9f9f9\" ><div id=\"ultimate-heading-304069f27db12f3b2\" class=\"uvc-heading ult-adjust-bottom-margin ultimate-heading-304069f27db12f3b2 uvc-8837 \" data-hspacer=\"no_spacer\"  data-halign=\"left\" style=\"text-align:left\"><div class=\"uvc-heading-spacer no_spacer\" style=\"top\"><\/div><div class=\"uvc-main-heading ult-responsive\"  data-ultimate-target='.uvc-heading.ultimate-heading-304069f27db12f3b2 h2'  data-responsive-json-new='{\"font-size\":\"\",\"line-height\":\"\"}' ><h2 style=\"font-weight:normal;margin-bottom:15px;\"> Waren-Transport-Versicherung<\/h2><\/div><\/div>[vc_column_text]Sch\u00fctzt Ihre Waren w\u00e4hrend des Transportes.[\/vc_column_text][vc_btn title=&#8221;Mehr Informationen&#8221; color=&#8221;peacoc&#8221; link=&#8221;url:http%3A%2F%2Fwww.conseg.pt%2Fde%2Funternehmen%2Fwaren-transport-versicherung%2F|||&#8221; el_class=&#8221;btn-primary&#8221;]\t\t<\/div><\/div>[\/vc_column][vc_column width=&#8221;1\/3&#8243;][vc_single_image image=&#8221;1612&#8243; img_size=&#8221;full&#8221; alignment=&#8221;center&#8221; lazy_loading=&#8221;true&#8221; css=&#8221;.vc_custom_1604336950652{margin-bottom: 0px !important;border-bottom-width: 0px !important;padding-bottom: 0px !important;}&#8221;]<div class=\"ult-content-box-container \" >\t\t<div class=\"ult-content-box\" style=\"background-color:#f9f9f9;box-shadow: px px px px #f7f7f7 none;padding-top:25px;padding-right:20px;padding-bottom:0px;padding-left:20px;-webkit-transition: all 700ms ease;-moz-transition: all 700ms ease;-ms-transition: all 700ms ease;-o-transition: all 700ms ease;transition: all 700ms ease;\"  data-hover_box_shadow=\"none\"     data-bg=\"#f9f9f9\" ><div id=\"ultimate-heading-497169f27db12f4f0\" class=\"uvc-heading ult-adjust-bottom-margin ultimate-heading-497169f27db12f4f0 uvc-4173 \" data-hspacer=\"no_spacer\"  data-halign=\"left\" style=\"text-align:left\"><div class=\"uvc-heading-spacer no_spacer\" style=\"top\"><\/div><div class=\"uvc-main-heading ult-responsive\"  data-ultimate-target='.uvc-heading.ultimate-heading-497169f27db12f4f0 h2'  data-responsive-json-new='{\"font-size\":\"\",\"line-height\":\"\"}' ><h2 style=\"font-weight:normal;margin-bottom:15px;\"> Bauwesenversicherung<\/h2><\/div><\/div>[vc_column_text]Die Bauversicherung richtet sich an alle Bauherren und Baufirmen.[\/vc_column_text][vc_btn title=&#8221;Mehr Informationen&#8221; color=&#8221;peacoc&#8221; link=&#8221;url:http%3A%2F%2Fwww.conseg.pt%2Fde%2Funternehmen%2Fbauwesenversicherung%2F|||&#8221; el_class=&#8221;btn-primary&#8221;]\t\t<\/div><\/div>[\/vc_column][\/vc_row]<\/p>\n","protected":false},"excerpt":{"rendered":"<p>[vc_row][vc_column width=&#8221;1\/3&#8243;][vc_single_image image=&#8221;1614&#8243; img_size=&#8221;full&#8221; alignment=&#8221;center&#8221; lazy_loading=&#8221;true&#8221; css=&#8221;.vc_custom_1604336803544{margin-bottom: 0px !important;border-bottom-width: 0px !important;padding-bottom: 0px !important;}&#8221;][\/vc_column][vc_column width=&#8221;1\/3&#8243;][vc_single_image image=&#8221;1609&#8243; img_size=&#8221;full&#8221; alignment=&#8221;center&#8221; lazy_loading=&#8221;true&#8221; css=&#8221;.vc_custom_1604337024718{margin-bottom: 0px !important;border-bottom-width: 0px !important;padding-bottom: 0px !important;}&#8221;][\/vc_column][vc_column width=&#8221;1\/3&#8243;][vc_single_image image=&#8221;1615&#8243; img_size=&#8221;full&#8221; alignment=&#8221;center&#8221; lazy_loading=&#8221;true&#8221; css=&#8221;.vc_custom_1604336870505{margin-bottom: 0px !important;border-bottom-width: 0px !important;padding-bottom: 0px !important;}&#8221;][\/vc_column][\/vc_row][vc_row][vc_column][vc_empty_space height=&#8221;40px&#8221;][\/vc_column][\/vc_row][vc_row][vc_column width=&#8221;1\/3&#8243;][vc_single_image image=&#8221;1616&#8243; img_size=&#8221;full&#8221; alignment=&#8221;center&#8221; lazy_loading=&#8221;true&#8221; css=&#8221;.vc_custom_1604336892921{margin-bottom: 0px !important;border-bottom-width: 0px !important;padding-bottom: 0px !important;}&#8221;][\/vc_column][vc_column width=&#8221;1\/3&#8243;][vc_single_image image=&#8221;1617&#8243; img_size=&#8221;full&#8221; alignment=&#8221;center&#8221; lazy_loading=&#8221;true&#8221;&hellip;<\/p>\n","protected":false},"author":1,"featured_media":0,"parent":0,"menu_order":0,"comment_status":"closed","ping_status":"closed","template":"","meta":[],"yoast_head":"<!-- This site is optimized with the Yoast SEO plugin v15.9 - https:\/\/yoast.com\/wordpress\/plugins\/seo\/ -->\n<title>Versicherungen f\u00fcr das Unternehmen | Conseg<\/title>\n<meta name=\"robots\" content=\"index, follow, max-snippet:-1, max-image-preview:large, max-video-preview:-1\" \/>\n<link rel=\"canonical\" href=\"https:\/\/www.conseg.pt\/de\/unternehmen\/\" \/>\n<meta property=\"og:locale\" content=\"de_DE\" \/>\n<meta property=\"og:type\" content=\"article\" \/>\n<meta property=\"og:title\" content=\"Versicherungen f\u00fcr das Unternehmen | Conseg\" \/>\n<meta property=\"og:description\" content=\"[vc_row][vc_column width=&#8221;1\/3&#8243;][vc_single_image image=&#8221;1614&#8243; img_size=&#8221;full&#8221; alignment=&#8221;center&#8221; lazy_loading=&#8221;true&#8221; css=&#8221;.vc_custom_1604336803544{margin-bottom: 0px !important;border-bottom-width: 0px !important;padding-bottom: 0px !important;}&#8221;][\/vc_column][vc_column width=&#8221;1\/3&#8243;][vc_single_image image=&#8221;1609&#8243; img_size=&#8221;full&#8221; alignment=&#8221;center&#8221; lazy_loading=&#8221;true&#8221; css=&#8221;.vc_custom_1604337024718{margin-bottom: 0px !important;border-bottom-width: 0px !important;padding-bottom: 0px !important;}&#8221;][\/vc_column][vc_column width=&#8221;1\/3&#8243;][vc_single_image image=&#8221;1615&#8243; img_size=&#8221;full&#8221; alignment=&#8221;center&#8221; lazy_loading=&#8221;true&#8221; css=&#8221;.vc_custom_1604336870505{margin-bottom: 0px !important;border-bottom-width: 0px !important;padding-bottom: 0px !important;}&#8221;][\/vc_column][\/vc_row][vc_row][vc_column][vc_empty_space height=&#8221;40px&#8221;][\/vc_column][\/vc_row][vc_row][vc_column width=&#8221;1\/3&#8243;][vc_single_image image=&#8221;1616&#8243; img_size=&#8221;full&#8221; alignment=&#8221;center&#8221; lazy_loading=&#8221;true&#8221; css=&#8221;.vc_custom_1604336892921{margin-bottom: 0px !important;border-bottom-width: 0px !important;padding-bottom: 0px !important;}&#8221;][\/vc_column][vc_column width=&#8221;1\/3&#8243;][vc_single_image image=&#8221;1617&#8243; img_size=&#8221;full&#8221; alignment=&#8221;center&#8221; lazy_loading=&#8221;true&#8221;&hellip;\" \/>\n<meta property=\"og:url\" content=\"https:\/\/www.conseg.pt\/de\/unternehmen\/\" \/>\n<meta property=\"og:site_name\" content=\"Conseg\" \/>\n<meta property=\"article:publisher\" content=\"https:\/\/www.facebook.com\/Conseg.pt\/\" \/>\n<meta property=\"article:modified_time\" content=\"2020-11-02T17:10:28+00:00\" \/>\n<meta property=\"og:image\" content=\"https:\/\/www.conseg.pt\/wp-content\/uploads\/2020\/11\/Logo_Conseg-01-e1604333642146.png\" \/>\n\t<meta property=\"og:image:width\" content=\"500\" \/>\n\t<meta property=\"og:image:height\" content=\"313\" \/>\n<meta name=\"twitter:card\" content=\"summary\" \/>\n<meta name=\"twitter:label1\" content=\"Est. reading time\">\n\t<meta name=\"twitter:data1\" content=\"4 minutes\">\n<script type=\"application\/ld+json\" class=\"yoast-schema-graph\">{\"@context\":\"https:\/\/schema.org\",\"@graph\":[{\"@type\":\"Organization\",\"@id\":\"https:\/\/www.conseg.pt\/#organization\",\"name\":\"Conseg seguros\",\"url\":\"https:\/\/www.conseg.pt\/\",\"sameAs\":[\"https:\/\/www.facebook.com\/Conseg.pt\/\",\"https:\/\/www.instagram.com\/conseg.pt\/\"],\"logo\":{\"@type\":\"ImageObject\",\"@id\":\"https:\/\/www.conseg.pt\/#logo\",\"inLanguage\":\"de-DE\",\"url\":\"https:\/\/www.conseg.pt\/wp-content\/uploads\/2020\/11\/Logo_Conseg-01-e1604333642146.png\",\"width\":500,\"height\":313,\"caption\":\"Conseg seguros\"},\"image\":{\"@id\":\"https:\/\/www.conseg.pt\/#logo\"}},{\"@type\":\"WebSite\",\"@id\":\"https:\/\/www.conseg.pt\/#website\",\"url\":\"https:\/\/www.conseg.pt\/\",\"name\":\"Conseg\",\"description\":\"Seguros\",\"publisher\":{\"@id\":\"https:\/\/www.conseg.pt\/#organization\"},\"potentialAction\":[{\"@type\":\"SearchAction\",\"target\":\"https:\/\/www.conseg.pt\/?s={search_term_string}\",\"query-input\":\"required name=search_term_string\"}],\"inLanguage\":\"de-DE\"},{\"@type\":\"WebPage\",\"@id\":\"https:\/\/www.conseg.pt\/de\/unternehmen\/#webpage\",\"url\":\"https:\/\/www.conseg.pt\/de\/unternehmen\/\",\"name\":\"Versicherungen f\\u00fcr das Unternehmen | Conseg\",\"isPartOf\":{\"@id\":\"https:\/\/www.conseg.pt\/#website\"},\"datePublished\":\"2017-01-11T15:32:53+00:00\",\"dateModified\":\"2020-11-02T17:10:28+00:00\",\"breadcrumb\":{\"@id\":\"https:\/\/www.conseg.pt\/de\/unternehmen\/#breadcrumb\"},\"inLanguage\":\"de-DE\",\"potentialAction\":[{\"@type\":\"ReadAction\",\"target\":[\"https:\/\/www.conseg.pt\/de\/unternehmen\/\"]}]},{\"@type\":\"BreadcrumbList\",\"@id\":\"https:\/\/www.conseg.pt\/de\/unternehmen\/#breadcrumb\",\"itemListElement\":[{\"@type\":\"ListItem\",\"position\":1,\"item\":{\"@type\":\"WebPage\",\"@id\":\"https:\/\/www.conseg.pt\/de\/\",\"url\":\"https:\/\/www.conseg.pt\/de\/\",\"name\":\"Home\"}},{\"@type\":\"ListItem\",\"position\":2,\"item\":{\"@type\":\"WebPage\",\"@id\":\"https:\/\/www.conseg.pt\/de\/unternehmen\/\",\"url\":\"https:\/\/www.conseg.pt\/de\/unternehmen\/\",\"name\":\"Versicherungen f\\u00fcr das Unternehmen\"}}]}]}<\/script>\n<!-- \/ Yoast SEO plugin. -->","_links":{"self":[{"href":"https:\/\/www.conseg.pt\/de\/wp-json\/wp\/v2\/pages\/1182"}],"collection":[{"href":"https:\/\/www.conseg.pt\/de\/wp-json\/wp\/v2\/pages"}],"about":[{"href":"https:\/\/www.conseg.pt\/de\/wp-json\/wp\/v2\/types\/page"}],"author":[{"embeddable":true,"href":"https:\/\/www.conseg.pt\/de\/wp-json\/wp\/v2\/users\/1"}],"replies":[{"embeddable":true,"href":"https:\/\/www.conseg.pt\/de\/wp-json\/wp\/v2\/comments?post=1182"}],"version-history":[{"count":11,"href":"https:\/\/www.conseg.pt\/de\/wp-json\/wp\/v2\/pages\/1182\/revisions"}],"predecessor-version":[{"id":1912,"href":"https:\/\/www.conseg.pt\/de\/wp-json\/wp\/v2\/pages\/1182\/revisions\/1912"}],"wp:attachment":[{"href":"https:\/\/www.conseg.pt\/de\/wp-json\/wp\/v2\/media?parent=1182"}],"curies":[{"name":"wp","href":"https:\/\/api.w.org\/{rel}","templated":true}]}}