{"id":1187,"date":"2017-01-11T15:37:45","date_gmt":"2017-01-11T15:37:45","guid":{"rendered":"http:\/\/www.conseg.pt\/de\/?page_id=1187"},"modified":"2020-11-02T16:39:42","modified_gmt":"2020-11-02T16:39:42","slug":"firmenversicherung","status":"publish","type":"page","link":"https:\/\/www.conseg.pt\/de\/unternehmen\/firmenversicherung\/","title":{"rendered":"Firmenversicherung"},"content":{"rendered":"<p>[vc_row][vc_column width=&#8221;2\/3&#8243;]<div id=\"ultimate-heading-600969f2726e3a00f\" class=\"uvc-heading ult-adjust-bottom-margin ultimate-heading-600969f2726e3a00f uvc-9529 \" data-hspacer=\"no_spacer\"  data-halign=\"left\" style=\"text-align:left\"><div class=\"uvc-heading-spacer no_spacer\" style=\"top\"><\/div><div class=\"uvc-main-heading ult-responsive\"  data-ultimate-target='.uvc-heading.ultimate-heading-600969f2726e3a00f h2'  data-responsive-json-new='{\"font-size\":\"\",\"line-height\":\"\"}' ><h2 style=\"font-weight:normal;margin-bottom:10px;\">Die wirtschaftliche Stabilit\u00e4t Ihres Unternehmens zu sch\u00fctzen, ist f\u00fcr ein nachhaltiges Wachstum des Unternehmens von gr\u00f6\u00dfter Bedeutung.<\/h2><\/div><\/div>[vc_column_text]Unvorhersehbares passiert. Erst dann wei\u00df man einen ad\u00e4quaten Schutz zu sch\u00e4tzen. Die Firmenversicherung deckt folgende Risiken ab:<br \/>\n&#8211; Sch\u00e4den in den Gesch\u00e4ftsr\u00e4umen und \/ oder M\u00f6beln<br \/>\n&#8211; Inventar, Maschinen, etc. und Equipment<br \/>\n&#8211; Sch\u00e4den, die Kunden durch Ihre Gesch\u00e4ftst\u00e4tigkeit erleiden[\/vc_column_text][vc_btn title=&#8221;Kontaktieren Sie uns&#8221; color=&#8221;default&#8221; i_icon_fontawesome=&#8221;fa fa-info-circle&#8221; add_icon=&#8221;true&#8221; el_class=&#8221;btn-primary&#8221; css=&#8221;.vc_custom_1496341991581{margin-right: 5px !important;}&#8221; link=&#8221;url:http%3A%2F%2Fwww.conseg.pt%2Fde%2Fkontakte%2F|||&#8221;][\/vc_column][vc_column width=&#8221;1\/3&#8243;][vc_single_image image=&#8221;1614&#8243; img_size=&#8221;full&#8221; alignment=&#8221;center&#8221;][\/vc_column][\/vc_row]<\/p>\n","protected":false},"excerpt":{"rendered":"<p>[vc_row][vc_column width=&#8221;2\/3&#8243;][vc_column_text]Unvorhersehbares passiert. Erst dann wei\u00df man einen ad\u00e4quaten Schutz zu sch\u00e4tzen. Die Firmenversicherung deckt folgende Risiken ab: &#8211; Sch\u00e4den in den Gesch\u00e4ftsr\u00e4umen und \/ oder M\u00f6beln &#8211; Inventar, Maschinen, etc. und Equipment &#8211; Sch\u00e4den, die Kunden durch Ihre Gesch\u00e4ftst\u00e4tigkeit erleiden[\/vc_column_text][vc_btn title=&#8221;Kontaktieren Sie uns&#8221; color=&#8221;default&#8221; i_icon_fontawesome=&#8221;fa fa-info-circle&#8221; add_icon=&#8221;true&#8221; el_class=&#8221;btn-primary&#8221; css=&#8221;.vc_custom_1496341991581{margin-right: 5px !important;}&#8221; link=&#8221;url:http%3A%2F%2Fwww.conseg.pt%2Fde%2Fkontakte%2F|||&#8221;][\/vc_column][vc_column width=&#8221;1\/3&#8243;][vc_single_image image=&#8221;1614&#8243;&hellip;<\/p>\n","protected":false},"author":1,"featured_media":1336,"parent":1182,"menu_order":0,"comment_status":"closed","ping_status":"closed","template":"","meta":[],"yoast_head":"<!-- This site is optimized with the Yoast SEO plugin v15.9 - https:\/\/yoast.com\/wordpress\/plugins\/seo\/ -->\n<title>Firmenversicherung | Conseg<\/title>\n<meta name=\"robots\" content=\"index, follow, max-snippet:-1, max-image-preview:large, max-video-preview:-1\" \/>\n<link rel=\"canonical\" href=\"https:\/\/www.conseg.pt\/de\/unternehmen\/firmenversicherung\/\" \/>\n<meta property=\"og:locale\" content=\"de_DE\" \/>\n<meta property=\"og:type\" content=\"article\" \/>\n<meta property=\"og:title\" content=\"Firmenversicherung | Conseg\" \/>\n<meta property=\"og:description\" content=\"[vc_row][vc_column width=&#8221;2\/3&#8243;][vc_column_text]Unvorhersehbares passiert. Erst dann wei\u00df man einen ad\u00e4quaten Schutz zu sch\u00e4tzen. Die Firmenversicherung deckt folgende Risiken ab: &#8211; Sch\u00e4den in den Gesch\u00e4ftsr\u00e4umen und \/ oder M\u00f6beln &#8211; Inventar, Maschinen, etc. und Equipment &#8211; Sch\u00e4den, die Kunden durch Ihre Gesch\u00e4ftst\u00e4tigkeit erleiden[\/vc_column_text][vc_btn title=&#8221;Kontaktieren Sie uns&#8221; color=&#8221;default&#8221; i_icon_fontawesome=&#8221;fa fa-info-circle&#8221; add_icon=&#8221;true&#8221; el_class=&#8221;btn-primary&#8221; css=&#8221;.vc_custom_1496341991581{margin-right: 5px !important;}&#8221; link=&#8221;url:http%3A%2F%2Fwww.conseg.pt%2Fde%2Fkontakte%2F|||&#8221;][\/vc_column][vc_column width=&#8221;1\/3&#8243;][vc_single_image image=&#8221;1614&#8243;&hellip;\" \/>\n<meta property=\"og:url\" content=\"https:\/\/www.conseg.pt\/de\/unternehmen\/firmenversicherung\/\" \/>\n<meta property=\"og:site_name\" content=\"Conseg\" \/>\n<meta property=\"article:publisher\" content=\"https:\/\/www.facebook.com\/Conseg.pt\/\" \/>\n<meta property=\"article:modified_time\" content=\"2020-11-02T16:39:42+00:00\" \/>\n<meta property=\"og:image\" content=\"https:\/\/www.conseg.pt\/wp-content\/uploads\/2016\/12\/seguro-multiriscos-empresa.png\" \/>\n\t<meta property=\"og:image:width\" content=\"900\" \/>\n\t<meta property=\"og:image:height\" content=\"600\" \/>\n<meta name=\"twitter:card\" content=\"summary\" \/>\n<meta name=\"twitter:label1\" content=\"Est. reading time\">\n\t<meta name=\"twitter:data1\" content=\"1 minute\">\n<script type=\"application\/ld+json\" class=\"yoast-schema-graph\">{\"@context\":\"https:\/\/schema.org\",\"@graph\":[{\"@type\":\"Organization\",\"@id\":\"https:\/\/www.conseg.pt\/#organization\",\"name\":\"Conseg seguros\",\"url\":\"https:\/\/www.conseg.pt\/\",\"sameAs\":[\"https:\/\/www.facebook.com\/Conseg.pt\/\",\"https:\/\/www.instagram.com\/conseg.pt\/\"],\"logo\":{\"@type\":\"ImageObject\",\"@id\":\"https:\/\/www.conseg.pt\/#logo\",\"inLanguage\":\"de-DE\",\"url\":\"https:\/\/www.conseg.pt\/wp-content\/uploads\/2020\/11\/Logo_Conseg-01-e1604333642146.png\",\"width\":500,\"height\":313,\"caption\":\"Conseg seguros\"},\"image\":{\"@id\":\"https:\/\/www.conseg.pt\/#logo\"}},{\"@type\":\"WebSite\",\"@id\":\"https:\/\/www.conseg.pt\/#website\",\"url\":\"https:\/\/www.conseg.pt\/\",\"name\":\"Conseg\",\"description\":\"Seguros\",\"publisher\":{\"@id\":\"https:\/\/www.conseg.pt\/#organization\"},\"potentialAction\":[{\"@type\":\"SearchAction\",\"target\":\"https:\/\/www.conseg.pt\/?s={search_term_string}\",\"query-input\":\"required name=search_term_string\"}],\"inLanguage\":\"de-DE\"},{\"@type\":\"ImageObject\",\"@id\":\"https:\/\/www.conseg.pt\/de\/unternehmen\/firmenversicherung\/#primaryimage\",\"inLanguage\":\"de-DE\",\"url\":\"https:\/\/www.conseg.pt\/wp-content\/uploads\/2016\/12\/seguro-multiriscos-empresa.png\",\"width\":900,\"height\":600,\"caption\":\"seguro multi-riscos empresa\"},{\"@type\":\"WebPage\",\"@id\":\"https:\/\/www.conseg.pt\/de\/unternehmen\/firmenversicherung\/#webpage\",\"url\":\"https:\/\/www.conseg.pt\/de\/unternehmen\/firmenversicherung\/\",\"name\":\"Firmenversicherung | Conseg\",\"isPartOf\":{\"@id\":\"https:\/\/www.conseg.pt\/#website\"},\"primaryImageOfPage\":{\"@id\":\"https:\/\/www.conseg.pt\/de\/unternehmen\/firmenversicherung\/#primaryimage\"},\"datePublished\":\"2017-01-11T15:37:45+00:00\",\"dateModified\":\"2020-11-02T16:39:42+00:00\",\"breadcrumb\":{\"@id\":\"https:\/\/www.conseg.pt\/de\/unternehmen\/firmenversicherung\/#breadcrumb\"},\"inLanguage\":\"de-DE\",\"potentialAction\":[{\"@type\":\"ReadAction\",\"target\":[\"https:\/\/www.conseg.pt\/de\/unternehmen\/firmenversicherung\/\"]}]},{\"@type\":\"BreadcrumbList\",\"@id\":\"https:\/\/www.conseg.pt\/de\/unternehmen\/firmenversicherung\/#breadcrumb\",\"itemListElement\":[{\"@type\":\"ListItem\",\"position\":1,\"item\":{\"@type\":\"WebPage\",\"@id\":\"https:\/\/www.conseg.pt\/de\/\",\"url\":\"https:\/\/www.conseg.pt\/de\/\",\"name\":\"Home\"}},{\"@type\":\"ListItem\",\"position\":2,\"item\":{\"@type\":\"WebPage\",\"@id\":\"https:\/\/www.conseg.pt\/de\/unternehmen\/\",\"url\":\"https:\/\/www.conseg.pt\/de\/unternehmen\/\",\"name\":\"Versicherungen f\\u00fcr das Unternehmen\"}},{\"@type\":\"ListItem\",\"position\":3,\"item\":{\"@type\":\"WebPage\",\"@id\":\"https:\/\/www.conseg.pt\/de\/unternehmen\/firmenversicherung\/\",\"url\":\"https:\/\/www.conseg.pt\/de\/unternehmen\/firmenversicherung\/\",\"name\":\"Firmenversicherung\"}}]}]}<\/script>\n<!-- \/ Yoast SEO plugin. -->","_links":{"self":[{"href":"https:\/\/www.conseg.pt\/de\/wp-json\/wp\/v2\/pages\/1187"}],"collection":[{"href":"https:\/\/www.conseg.pt\/de\/wp-json\/wp\/v2\/pages"}],"about":[{"href":"https:\/\/www.conseg.pt\/de\/wp-json\/wp\/v2\/types\/page"}],"author":[{"embeddable":true,"href":"https:\/\/www.conseg.pt\/de\/wp-json\/wp\/v2\/users\/1"}],"replies":[{"embeddable":true,"href":"https:\/\/www.conseg.pt\/de\/wp-json\/wp\/v2\/comments?post=1187"}],"version-history":[{"count":5,"href":"https:\/\/www.conseg.pt\/de\/wp-json\/wp\/v2\/pages\/1187\/revisions"}],"predecessor-version":[{"id":1894,"href":"https:\/\/www.conseg.pt\/de\/wp-json\/wp\/v2\/pages\/1187\/revisions\/1894"}],"up":[{"embeddable":true,"href":"https:\/\/www.conseg.pt\/de\/wp-json\/wp\/v2\/pages\/1182"}],"wp:featuredmedia":[{"embeddable":true,"href":"https:\/\/www.conseg.pt\/de\/wp-json\/wp\/v2\/media\/1336"}],"wp:attachment":[{"href":"https:\/\/www.conseg.pt\/de\/wp-json\/wp\/v2\/media?parent=1187"}],"curies":[{"name":"wp","href":"https:\/\/api.w.org\/{rel}","templated":true}]}}