{"id":1195,"date":"2017-01-11T15:43:22","date_gmt":"2017-01-11T15:43:22","guid":{"rendered":"http:\/\/www.conseg.pt\/de\/?page_id=1195"},"modified":"2020-11-02T16:51:04","modified_gmt":"2020-11-02T16:51:04","slug":"haftpflichtversicherung","status":"publish","type":"page","link":"https:\/\/www.conseg.pt\/de\/unternehmen\/haftpflichtversicherung\/","title":{"rendered":"Haftpflichtversicherung"},"content":{"rendered":"<p>[vc_row][vc_column width=&#8221;2\/3&#8243;]<div id=\"ultimate-heading-534269f2726b3ca51\" class=\"uvc-heading ult-adjust-bottom-margin ultimate-heading-534269f2726b3ca51 uvc-5 \" data-hspacer=\"no_spacer\"  data-halign=\"left\" style=\"text-align:left\"><div class=\"uvc-heading-spacer no_spacer\" style=\"top\"><\/div><div class=\"uvc-main-heading ult-responsive\"  data-ultimate-target='.uvc-heading.ultimate-heading-534269f2726b3ca51 h2'  data-responsive-json-new='{\"font-size\":\"\",\"line-height\":\"\"}' ><h2 style=\"font-weight:normal;margin-bottom:10px;\">Die Vorsorge ist der Schl\u00fcssel f\u00fcr die Garantie, dass nichts Unvorhergesehenes ihr Gesch\u00e4ft beeinflusst.<\/h2><\/div><\/div>[vc_column_text]Haftpflichtversicherungen werden unterteilt in gesetzlich vorgeschriebene und optionale. In diesem Bereich kann man Versicherungen abschlie\u00dfen, die durch Unf\u00e4lle hervorgerufen werden und oder die Sch\u00e4den an dritten Personen abdecken.<\/p>\n<p>Generell deckt die Haftpflichtversicherung verschiedene Risiken ab, wie zum Beispiel:[\/vc_column_text]<div class=\"uavc-list-icon uavc-list-icon-wrapper ult-adjust-bottom-margin   \"><ul class=\"uavc-list\"><li><div class=\"uavc-list-content\" id=\"list-icon-wrap-6049\">\n<div class=\"uavc-list-icon  \" data-animation=\"\" data-animation-delay=\"03\" style=\"margin-right:10px;\"><div class=\"ult-just-icon-wrapper  \"><div class=\"align-icon\" style=\"text-align:center;\">\n<div class=\"aio-icon none \"  style=\"color:#008183;font-size:16px;display:inline-block;\">\n\t<i class=\"Defaults-check\"><\/i>\n<\/div><\/div><\/div>\n<\/div><span  data-ultimate-target='#list-icon-wrap-6049 .uavc-list-desc'  data-responsive-json-new='{\"font-size\":\"\",\"line-height\":\"\"}'  class=\"uavc-list-desc ult-responsive\" style=\"\">Gesch\u00e4ftliche T\u00e4tigkeiten<\/span><\/div><\/li><li><div class=\"uavc-list-content\" id=\"list-icon-wrap-8146\">\n<div class=\"uavc-list-icon  \" data-animation=\"\" data-animation-delay=\"03\" style=\"margin-right:10px;\"><div class=\"ult-just-icon-wrapper  \"><div class=\"align-icon\" style=\"text-align:center;\">\n<div class=\"aio-icon none \"  style=\"color:#008183;font-size:16px;display:inline-block;\">\n\t<i class=\"Defaults-check\"><\/i>\n<\/div><\/div><\/div>\n<\/div><span  data-ultimate-target='#list-icon-wrap-8146 .uavc-list-desc'  data-responsive-json-new='{\"font-size\":\"\",\"line-height\":\"\"}'  class=\"uavc-list-desc ult-responsive\" style=\"\">Berufliche<\/span><\/div><\/li><li><div class=\"uavc-list-content\" id=\"list-icon-wrap-4267\">\n<div class=\"uavc-list-icon  \" data-animation=\"\" data-animation-delay=\"03\" style=\"margin-right:10px;\"><div class=\"ult-just-icon-wrapper  \"><div class=\"align-icon\" style=\"text-align:center;\">\n<div class=\"aio-icon none \"  style=\"color:#008183;font-size:16px;display:inline-block;\">\n\t<i class=\"Defaults-check\"><\/i>\n<\/div><\/div><\/div>\n<\/div><span  data-ultimate-target='#list-icon-wrap-4267 .uavc-list-desc'  data-responsive-json-new='{\"font-size\":\"\",\"line-height\":\"\"}'  class=\"uavc-list-desc ult-responsive\" style=\"\">Private Situationen<\/span><\/div><\/li><\/ul><\/div><a href=\"http:\/\/www.conseg.pt\/de\/kontakte\/\" class=\"btn-shortcode dt-btn-m dt-btn default-btn-color default-btn-hover-color default-btn-bg-color default-btn-bg-hover-color\" id=\"dt-btn-1\"><i class=\"fa fa-info-circle\"><\/i><span>Kontaktieren Sie uns<\/span><\/a>[\/vc_column][vc_column width=&#8221;1\/3&#8243;][vc_single_image image=&#8221;1615&#8243; img_size=&#8221;full&#8221; alignment=&#8221;center&#8221;][\/vc_column][\/vc_row]<\/p>\n","protected":false},"excerpt":{"rendered":"<p>[vc_row][vc_column width=&#8221;2\/3&#8243;][vc_column_text]Haftpflichtversicherungen werden unterteilt in gesetzlich vorgeschriebene und optionale. In diesem Bereich kann man Versicherungen abschlie\u00dfen, die durch Unf\u00e4lle hervorgerufen werden und oder die Sch\u00e4den an dritten Personen abdecken. Generell deckt die Haftpflichtversicherung verschiedene Risiken ab, wie zum Beispiel:[\/vc_column_text][\/vc_column][vc_column width=&#8221;1\/3&#8243;][vc_single_image image=&#8221;1615&#8243; img_size=&#8221;full&#8221; alignment=&#8221;center&#8221;][\/vc_column][\/vc_row]<\/p>\n","protected":false},"author":1,"featured_media":1337,"parent":1182,"menu_order":3,"comment_status":"closed","ping_status":"closed","template":"","meta":[],"yoast_head":"<!-- This site is optimized with the Yoast SEO plugin v15.9 - https:\/\/yoast.com\/wordpress\/plugins\/seo\/ -->\n<title>Haftpflichtversicherung | Conseg<\/title>\n<meta name=\"robots\" content=\"index, follow, max-snippet:-1, max-image-preview:large, max-video-preview:-1\" \/>\n<link rel=\"canonical\" href=\"https:\/\/www.conseg.pt\/de\/unternehmen\/haftpflichtversicherung\/\" \/>\n<meta property=\"og:locale\" content=\"de_DE\" \/>\n<meta property=\"og:type\" content=\"article\" \/>\n<meta property=\"og:title\" content=\"Haftpflichtversicherung | Conseg\" \/>\n<meta property=\"og:description\" content=\"[vc_row][vc_column width=&#8221;2\/3&#8243;][vc_column_text]Haftpflichtversicherungen werden unterteilt in gesetzlich vorgeschriebene und optionale. In diesem Bereich kann man Versicherungen abschlie\u00dfen, die durch Unf\u00e4lle hervorgerufen werden und oder die Sch\u00e4den an dritten Personen abdecken. Generell deckt die Haftpflichtversicherung verschiedene Risiken ab, wie zum Beispiel:[\/vc_column_text][\/vc_column][vc_column width=&#8221;1\/3&#8243;][vc_single_image image=&#8221;1615&#8243; img_size=&#8221;full&#8221; alignment=&#8221;center&#8221;][\/vc_column][\/vc_row]\" \/>\n<meta property=\"og:url\" content=\"https:\/\/www.conseg.pt\/de\/unternehmen\/haftpflichtversicherung\/\" \/>\n<meta property=\"og:site_name\" content=\"Conseg\" \/>\n<meta property=\"article:publisher\" content=\"https:\/\/www.facebook.com\/Conseg.pt\/\" \/>\n<meta property=\"article:modified_time\" content=\"2020-11-02T16:51:04+00:00\" \/>\n<meta property=\"og:image\" content=\"https:\/\/www.conseg.pt\/wp-content\/uploads\/2016\/12\/seguro-responsabilidade-civil.png\" \/>\n\t<meta property=\"og:image:width\" content=\"900\" \/>\n\t<meta property=\"og:image:height\" content=\"600\" \/>\n<meta name=\"twitter:card\" content=\"summary\" \/>\n<meta name=\"twitter:label1\" content=\"Est. reading time\">\n\t<meta name=\"twitter:data1\" content=\"1 minute\">\n<script type=\"application\/ld+json\" class=\"yoast-schema-graph\">{\"@context\":\"https:\/\/schema.org\",\"@graph\":[{\"@type\":\"Organization\",\"@id\":\"https:\/\/www.conseg.pt\/#organization\",\"name\":\"Conseg seguros\",\"url\":\"https:\/\/www.conseg.pt\/\",\"sameAs\":[\"https:\/\/www.facebook.com\/Conseg.pt\/\",\"https:\/\/www.instagram.com\/conseg.pt\/\"],\"logo\":{\"@type\":\"ImageObject\",\"@id\":\"https:\/\/www.conseg.pt\/#logo\",\"inLanguage\":\"de-DE\",\"url\":\"https:\/\/www.conseg.pt\/wp-content\/uploads\/2020\/11\/Logo_Conseg-01-e1604333642146.png\",\"width\":500,\"height\":313,\"caption\":\"Conseg seguros\"},\"image\":{\"@id\":\"https:\/\/www.conseg.pt\/#logo\"}},{\"@type\":\"WebSite\",\"@id\":\"https:\/\/www.conseg.pt\/#website\",\"url\":\"https:\/\/www.conseg.pt\/\",\"name\":\"Conseg\",\"description\":\"Seguros\",\"publisher\":{\"@id\":\"https:\/\/www.conseg.pt\/#organization\"},\"potentialAction\":[{\"@type\":\"SearchAction\",\"target\":\"https:\/\/www.conseg.pt\/?s={search_term_string}\",\"query-input\":\"required name=search_term_string\"}],\"inLanguage\":\"de-DE\"},{\"@type\":\"ImageObject\",\"@id\":\"https:\/\/www.conseg.pt\/de\/unternehmen\/haftpflichtversicherung\/#primaryimage\",\"inLanguage\":\"de-DE\",\"url\":\"https:\/\/www.conseg.pt\/wp-content\/uploads\/2016\/12\/seguro-responsabilidade-civil.png\",\"width\":900,\"height\":600},{\"@type\":\"WebPage\",\"@id\":\"https:\/\/www.conseg.pt\/de\/unternehmen\/haftpflichtversicherung\/#webpage\",\"url\":\"https:\/\/www.conseg.pt\/de\/unternehmen\/haftpflichtversicherung\/\",\"name\":\"Haftpflichtversicherung | Conseg\",\"isPartOf\":{\"@id\":\"https:\/\/www.conseg.pt\/#website\"},\"primaryImageOfPage\":{\"@id\":\"https:\/\/www.conseg.pt\/de\/unternehmen\/haftpflichtversicherung\/#primaryimage\"},\"datePublished\":\"2017-01-11T15:43:22+00:00\",\"dateModified\":\"2020-11-02T16:51:04+00:00\",\"breadcrumb\":{\"@id\":\"https:\/\/www.conseg.pt\/de\/unternehmen\/haftpflichtversicherung\/#breadcrumb\"},\"inLanguage\":\"de-DE\",\"potentialAction\":[{\"@type\":\"ReadAction\",\"target\":[\"https:\/\/www.conseg.pt\/de\/unternehmen\/haftpflichtversicherung\/\"]}]},{\"@type\":\"BreadcrumbList\",\"@id\":\"https:\/\/www.conseg.pt\/de\/unternehmen\/haftpflichtversicherung\/#breadcrumb\",\"itemListElement\":[{\"@type\":\"ListItem\",\"position\":1,\"item\":{\"@type\":\"WebPage\",\"@id\":\"https:\/\/www.conseg.pt\/de\/\",\"url\":\"https:\/\/www.conseg.pt\/de\/\",\"name\":\"Home\"}},{\"@type\":\"ListItem\",\"position\":2,\"item\":{\"@type\":\"WebPage\",\"@id\":\"https:\/\/www.conseg.pt\/de\/unternehmen\/\",\"url\":\"https:\/\/www.conseg.pt\/de\/unternehmen\/\",\"name\":\"Versicherungen f\\u00fcr das Unternehmen\"}},{\"@type\":\"ListItem\",\"position\":3,\"item\":{\"@type\":\"WebPage\",\"@id\":\"https:\/\/www.conseg.pt\/de\/unternehmen\/haftpflichtversicherung\/\",\"url\":\"https:\/\/www.conseg.pt\/de\/unternehmen\/haftpflichtversicherung\/\",\"name\":\"Haftpflichtversicherung\"}}]}]}<\/script>\n<!-- \/ Yoast SEO plugin. -->","_links":{"self":[{"href":"https:\/\/www.conseg.pt\/de\/wp-json\/wp\/v2\/pages\/1195"}],"collection":[{"href":"https:\/\/www.conseg.pt\/de\/wp-json\/wp\/v2\/pages"}],"about":[{"href":"https:\/\/www.conseg.pt\/de\/wp-json\/wp\/v2\/types\/page"}],"author":[{"embeddable":true,"href":"https:\/\/www.conseg.pt\/de\/wp-json\/wp\/v2\/users\/1"}],"replies":[{"embeddable":true,"href":"https:\/\/www.conseg.pt\/de\/wp-json\/wp\/v2\/comments?post=1195"}],"version-history":[{"count":5,"href":"https:\/\/www.conseg.pt\/de\/wp-json\/wp\/v2\/pages\/1195\/revisions"}],"predecessor-version":[{"id":1898,"href":"https:\/\/www.conseg.pt\/de\/wp-json\/wp\/v2\/pages\/1195\/revisions\/1898"}],"up":[{"embeddable":true,"href":"https:\/\/www.conseg.pt\/de\/wp-json\/wp\/v2\/pages\/1182"}],"wp:featuredmedia":[{"embeddable":true,"href":"https:\/\/www.conseg.pt\/de\/wp-json\/wp\/v2\/media\/1337"}],"wp:attachment":[{"href":"https:\/\/www.conseg.pt\/de\/wp-json\/wp\/v2\/media?parent=1195"}],"curies":[{"name":"wp","href":"https:\/\/api.w.org\/{rel}","templated":true}]}}