{"id":1199,"date":"2017-01-11T15:46:49","date_gmt":"2017-01-11T15:46:49","guid":{"rendered":"http:\/\/www.conseg.pt\/de\/?page_id=1199"},"modified":"2020-11-02T16:52:09","modified_gmt":"2020-11-02T16:52:09","slug":"gruppen-krankenversicherung","status":"publish","type":"page","link":"https:\/\/www.conseg.pt\/de\/unternehmen\/gruppen-krankenversicherung\/","title":{"rendered":"Gruppen-Krankenversicherung"},"content":{"rendered":"<p>[vc_row][vc_column width=&#8221;2\/3&#8243;]<div id=\"ultimate-heading-370669f273942c3b0\" class=\"uvc-heading ult-adjust-bottom-margin ultimate-heading-370669f273942c3b0 uvc-9720 \" data-hspacer=\"no_spacer\"  data-halign=\"left\" style=\"text-align:left\"><div class=\"uvc-heading-spacer no_spacer\" style=\"top\"><\/div><div class=\"uvc-main-heading ult-responsive\"  data-ultimate-target='.uvc-heading.ultimate-heading-370669f273942c3b0 h2'  data-responsive-json-new='{\"font-size\":\"\",\"line-height\":\"\"}' ><h2 style=\"font-weight:normal;margin-bottom:10px;\">Eine Krankenversicherung ist die optimale M\u00f6glichkeit den Mitarbeitern einen Mehrwert zu bieten. <\/h2><\/div><\/div>[vc_column_text]Eine Firmen-Krankenversicherung bietet ihnen folgende Vorteile:<\/p>\n<p>&#8211; G\u00fcnstige medizinische Versorgung der Mitarbeiter und ihrer Familie im Falle eines Unfalles oder Krankheit<br \/>\n&#8211; Gr\u00f6\u00dfere Mitarbeiterzufriedenheit und dadurch<br \/>\n&#8211; Geringerer Krankenstand<br \/>\n&#8211; Pr\u00e4mien von der Steuer absetzbar<br \/>\n&#8211; Von Sozialabgaben befreit<\/p>\n<p>Lassen sie sich ein individuelles Angebot\u00a0 von uns erstellen.[\/vc_column_text]<a href=\"http:\/\/www.conseg.pt\/de\/kontakte\/\" class=\"btn-shortcode dt-btn-m dt-btn default-btn-color default-btn-hover-color default-btn-bg-color default-btn-bg-hover-color\" id=\"dt-btn-1\"><i class=\"fa fa-info-circle\"><\/i><span>Kontaktieren Sie uns<\/span><\/a>[\/vc_column][vc_column width=&#8221;1\/3&#8243;][vc_single_image image=&#8221;1616&#8243; img_size=&#8221;full&#8221; alignment=&#8221;center&#8221;][\/vc_column][\/vc_row]<\/p>\n","protected":false},"excerpt":{"rendered":"<p>[vc_row][vc_column width=&#8221;2\/3&#8243;][vc_column_text]Eine Firmen-Krankenversicherung bietet ihnen folgende Vorteile: &#8211; G\u00fcnstige medizinische Versorgung der Mitarbeiter und ihrer Familie im Falle eines Unfalles oder Krankheit &#8211; Gr\u00f6\u00dfere Mitarbeiterzufriedenheit und dadurch &#8211; Geringerer Krankenstand &#8211; Pr\u00e4mien von der Steuer absetzbar &#8211; Von Sozialabgaben befreit Lassen sie sich ein individuelles Angebot\u00a0 von uns erstellen.[\/vc_column_text][\/vc_column][vc_column width=&#8221;1\/3&#8243;][vc_single_image image=&#8221;1616&#8243; img_size=&#8221;full&#8221; alignment=&#8221;center&#8221;][\/vc_column][\/vc_row]<\/p>\n","protected":false},"author":1,"featured_media":0,"parent":1182,"menu_order":4,"comment_status":"closed","ping_status":"closed","template":"","meta":[],"yoast_head":"<!-- This site is optimized with the Yoast SEO plugin v15.9 - https:\/\/yoast.com\/wordpress\/plugins\/seo\/ -->\n<title>Gruppen-Krankenversicherung | Conseg<\/title>\n<meta name=\"robots\" content=\"index, follow, max-snippet:-1, max-image-preview:large, max-video-preview:-1\" \/>\n<link rel=\"canonical\" href=\"https:\/\/www.conseg.pt\/de\/unternehmen\/gruppen-krankenversicherung\/\" \/>\n<meta property=\"og:locale\" content=\"de_DE\" \/>\n<meta property=\"og:type\" content=\"article\" \/>\n<meta property=\"og:title\" content=\"Gruppen-Krankenversicherung | Conseg\" \/>\n<meta property=\"og:description\" content=\"[vc_row][vc_column width=&#8221;2\/3&#8243;][vc_column_text]Eine Firmen-Krankenversicherung bietet ihnen folgende Vorteile: &#8211; G\u00fcnstige medizinische Versorgung der Mitarbeiter und ihrer Familie im Falle eines Unfalles oder Krankheit &#8211; Gr\u00f6\u00dfere Mitarbeiterzufriedenheit und dadurch &#8211; Geringerer Krankenstand &#8211; Pr\u00e4mien von der Steuer absetzbar &#8211; Von Sozialabgaben befreit Lassen sie sich ein individuelles Angebot\u00a0 von uns erstellen.[\/vc_column_text][\/vc_column][vc_column width=&#8221;1\/3&#8243;][vc_single_image image=&#8221;1616&#8243; img_size=&#8221;full&#8221; alignment=&#8221;center&#8221;][\/vc_column][\/vc_row]\" \/>\n<meta property=\"og:url\" content=\"https:\/\/www.conseg.pt\/de\/unternehmen\/gruppen-krankenversicherung\/\" \/>\n<meta property=\"og:site_name\" content=\"Conseg\" \/>\n<meta property=\"article:publisher\" content=\"https:\/\/www.facebook.com\/Conseg.pt\/\" \/>\n<meta property=\"article:modified_time\" content=\"2020-11-02T16:52:09+00:00\" \/>\n<meta property=\"og:image\" content=\"https:\/\/www.conseg.pt\/wp-content\/uploads\/2020\/11\/Logo_Conseg-01-e1604333642146.png\" \/>\n\t<meta property=\"og:image:width\" content=\"500\" \/>\n\t<meta property=\"og:image:height\" content=\"313\" \/>\n<meta name=\"twitter:card\" content=\"summary\" \/>\n<meta name=\"twitter:label1\" content=\"Est. reading time\">\n\t<meta name=\"twitter:data1\" content=\"1 minute\">\n<script type=\"application\/ld+json\" class=\"yoast-schema-graph\">{\"@context\":\"https:\/\/schema.org\",\"@graph\":[{\"@type\":\"Organization\",\"@id\":\"https:\/\/www.conseg.pt\/#organization\",\"name\":\"Conseg seguros\",\"url\":\"https:\/\/www.conseg.pt\/\",\"sameAs\":[\"https:\/\/www.facebook.com\/Conseg.pt\/\",\"https:\/\/www.instagram.com\/conseg.pt\/\"],\"logo\":{\"@type\":\"ImageObject\",\"@id\":\"https:\/\/www.conseg.pt\/#logo\",\"inLanguage\":\"de-DE\",\"url\":\"https:\/\/www.conseg.pt\/wp-content\/uploads\/2020\/11\/Logo_Conseg-01-e1604333642146.png\",\"width\":500,\"height\":313,\"caption\":\"Conseg seguros\"},\"image\":{\"@id\":\"https:\/\/www.conseg.pt\/#logo\"}},{\"@type\":\"WebSite\",\"@id\":\"https:\/\/www.conseg.pt\/#website\",\"url\":\"https:\/\/www.conseg.pt\/\",\"name\":\"Conseg\",\"description\":\"Seguros\",\"publisher\":{\"@id\":\"https:\/\/www.conseg.pt\/#organization\"},\"potentialAction\":[{\"@type\":\"SearchAction\",\"target\":\"https:\/\/www.conseg.pt\/?s={search_term_string}\",\"query-input\":\"required name=search_term_string\"}],\"inLanguage\":\"de-DE\"},{\"@type\":\"WebPage\",\"@id\":\"https:\/\/www.conseg.pt\/de\/unternehmen\/gruppen-krankenversicherung\/#webpage\",\"url\":\"https:\/\/www.conseg.pt\/de\/unternehmen\/gruppen-krankenversicherung\/\",\"name\":\"Gruppen-Krankenversicherung | Conseg\",\"isPartOf\":{\"@id\":\"https:\/\/www.conseg.pt\/#website\"},\"datePublished\":\"2017-01-11T15:46:49+00:00\",\"dateModified\":\"2020-11-02T16:52:09+00:00\",\"breadcrumb\":{\"@id\":\"https:\/\/www.conseg.pt\/de\/unternehmen\/gruppen-krankenversicherung\/#breadcrumb\"},\"inLanguage\":\"de-DE\",\"potentialAction\":[{\"@type\":\"ReadAction\",\"target\":[\"https:\/\/www.conseg.pt\/de\/unternehmen\/gruppen-krankenversicherung\/\"]}]},{\"@type\":\"BreadcrumbList\",\"@id\":\"https:\/\/www.conseg.pt\/de\/unternehmen\/gruppen-krankenversicherung\/#breadcrumb\",\"itemListElement\":[{\"@type\":\"ListItem\",\"position\":1,\"item\":{\"@type\":\"WebPage\",\"@id\":\"https:\/\/www.conseg.pt\/de\/\",\"url\":\"https:\/\/www.conseg.pt\/de\/\",\"name\":\"Home\"}},{\"@type\":\"ListItem\",\"position\":2,\"item\":{\"@type\":\"WebPage\",\"@id\":\"https:\/\/www.conseg.pt\/de\/unternehmen\/\",\"url\":\"https:\/\/www.conseg.pt\/de\/unternehmen\/\",\"name\":\"Versicherungen f\\u00fcr das Unternehmen\"}},{\"@type\":\"ListItem\",\"position\":3,\"item\":{\"@type\":\"WebPage\",\"@id\":\"https:\/\/www.conseg.pt\/de\/unternehmen\/gruppen-krankenversicherung\/\",\"url\":\"https:\/\/www.conseg.pt\/de\/unternehmen\/gruppen-krankenversicherung\/\",\"name\":\"Gruppen-Krankenversicherung\"}}]}]}<\/script>\n<!-- \/ Yoast SEO plugin. -->","_links":{"self":[{"href":"https:\/\/www.conseg.pt\/de\/wp-json\/wp\/v2\/pages\/1199"}],"collection":[{"href":"https:\/\/www.conseg.pt\/de\/wp-json\/wp\/v2\/pages"}],"about":[{"href":"https:\/\/www.conseg.pt\/de\/wp-json\/wp\/v2\/types\/page"}],"author":[{"embeddable":true,"href":"https:\/\/www.conseg.pt\/de\/wp-json\/wp\/v2\/users\/1"}],"replies":[{"embeddable":true,"href":"https:\/\/www.conseg.pt\/de\/wp-json\/wp\/v2\/comments?post=1199"}],"version-history":[{"count":5,"href":"https:\/\/www.conseg.pt\/de\/wp-json\/wp\/v2\/pages\/1199\/revisions"}],"predecessor-version":[{"id":1899,"href":"https:\/\/www.conseg.pt\/de\/wp-json\/wp\/v2\/pages\/1199\/revisions\/1899"}],"up":[{"embeddable":true,"href":"https:\/\/www.conseg.pt\/de\/wp-json\/wp\/v2\/pages\/1182"}],"wp:attachment":[{"href":"https:\/\/www.conseg.pt\/de\/wp-json\/wp\/v2\/media?parent=1199"}],"curies":[{"name":"wp","href":"https:\/\/api.w.org\/{rel}","templated":true}]}}