{"id":1221,"date":"2017-01-11T16:00:35","date_gmt":"2017-01-11T16:00:35","guid":{"rendered":"http:\/\/www.conseg.pt\/de\/?page_id=1221"},"modified":"2020-11-02T16:27:16","modified_gmt":"2020-11-02T16:27:16","slug":"krankenversicherung","status":"publish","type":"page","link":"https:\/\/www.conseg.pt\/de\/privat\/krankenversicherung\/","title":{"rendered":"Krankenversicherung"},"content":{"rendered":"<p>[vc_row][vc_column width=&#8221;2\/3&#8243;]<div id=\"ultimate-heading-362669f2727589e34\" class=\"uvc-heading ult-adjust-bottom-margin ultimate-heading-362669f2727589e34 uvc-4350 \" data-hspacer=\"no_spacer\"  data-halign=\"left\" style=\"text-align:left\"><div class=\"uvc-heading-spacer no_spacer\" style=\"top\"><\/div><div class=\"uvc-main-heading ult-responsive\"  data-ultimate-target='.uvc-heading.ultimate-heading-362669f2727589e34 h2'  data-responsive-json-new='{\"font-size\":\"\",\"line-height\":\"\"}' ><h2 style=\"font-weight:normal;margin-bottom:10px;\">W\u00e4hlen Sie die ideale Krankenversicherung f\u00fcr sich und Ihre Familie<\/h2><\/div><\/div>[vc_column_text]Das Wichtigste hierbei ist die Auswahl. Viele gehen nur nach dem Preis, aber es gibt wichtigeres als das, schlie\u00dflich geht es um Ihre Gesundheit und die Ihrer Familie.[\/vc_column_text]<div id=\"ultimate-heading-763069f2727589ec5\" class=\"uvc-heading ult-adjust-bottom-margin ultimate-heading-763069f2727589ec5 uvc-8838 \" data-hspacer=\"no_spacer\"  data-halign=\"left\" style=\"text-align:left\"><div class=\"uvc-heading-spacer no_spacer\" style=\"top\"><\/div><div class=\"uvc-main-heading ult-responsive\"  data-ultimate-target='.uvc-heading.ultimate-heading-763069f2727589ec5 h2'  data-responsive-json-new='{\"font-size\":\"\",\"line-height\":\"\"}' ><h2 style=\"font-weight:normal;margin-bottom:10px;\">Grunde fur eine Krankenversicherung<\/h2><\/div><\/div>[vc_column_text]Unter Ber\u00fccksichtigung des Zustandes unseres nationalen Gesundheitssystems mit seinen enormen Einschr\u00e4nkungen, M\u00e4ngel an Ressourcen usw. ist es wichtig, eine Krankenversicherung zu haben, die Ihre und die Ihrer Familie medizinisch notwendige Versorgung gew\u00e4hrleistet.[\/vc_column_text][vc_btn title=&#8221;Kontaktieren Sie uns&#8221; color=&#8221;default&#8221; i_icon_fontawesome=&#8221;fa fa-info-circle&#8221; add_icon=&#8221;true&#8221; el_class=&#8221;btn-primary&#8221; css=&#8221;.vc_custom_1496341611695{margin-right: 5px !important;}&#8221; link=&#8221;url:http%3A%2F%2Fwww.conseg.pt%2Fde%2Fkontakte%2F|||&#8221;][\/vc_column][vc_column width=&#8221;1\/3&#8243;][vc_single_image image=&#8221;1616&#8243; img_size=&#8221;full&#8221; alignment=&#8221;center&#8221;][\/vc_column][\/vc_row]<\/p>\n","protected":false},"excerpt":{"rendered":"<p>[vc_row][vc_column width=&#8221;2\/3&#8243;][vc_column_text]Das Wichtigste hierbei ist die Auswahl. Viele gehen nur nach dem Preis, aber es gibt wichtigeres als das, schlie\u00dflich geht es um Ihre Gesundheit und die Ihrer Familie.[\/vc_column_text][vc_column_text]Unter Ber\u00fccksichtigung des Zustandes unseres nationalen Gesundheitssystems mit seinen enormen Einschr\u00e4nkungen, M\u00e4ngel an Ressourcen usw. ist es wichtig, eine Krankenversicherung zu haben, die Ihre und die Ihrer&hellip;<\/p>\n","protected":false},"author":1,"featured_media":1338,"parent":1213,"menu_order":0,"comment_status":"closed","ping_status":"closed","template":"","meta":[],"yoast_head":"<!-- This site is optimized with the Yoast SEO plugin v15.9 - https:\/\/yoast.com\/wordpress\/plugins\/seo\/ -->\n<title>Krankenversicherung | Conseg<\/title>\n<meta name=\"robots\" content=\"index, follow, max-snippet:-1, max-image-preview:large, max-video-preview:-1\" \/>\n<link rel=\"canonical\" href=\"https:\/\/www.conseg.pt\/de\/privat\/krankenversicherung\/\" \/>\n<meta property=\"og:locale\" content=\"de_DE\" \/>\n<meta property=\"og:type\" content=\"article\" \/>\n<meta property=\"og:title\" content=\"Krankenversicherung | Conseg\" \/>\n<meta property=\"og:description\" content=\"[vc_row][vc_column width=&#8221;2\/3&#8243;][vc_column_text]Das Wichtigste hierbei ist die Auswahl. Viele gehen nur nach dem Preis, aber es gibt wichtigeres als das, schlie\u00dflich geht es um Ihre Gesundheit und die Ihrer Familie.[\/vc_column_text][vc_column_text]Unter Ber\u00fccksichtigung des Zustandes unseres nationalen Gesundheitssystems mit seinen enormen Einschr\u00e4nkungen, M\u00e4ngel an Ressourcen usw. ist es wichtig, eine Krankenversicherung zu haben, die Ihre und die Ihrer&hellip;\" \/>\n<meta property=\"og:url\" content=\"https:\/\/www.conseg.pt\/de\/privat\/krankenversicherung\/\" \/>\n<meta property=\"og:site_name\" content=\"Conseg\" \/>\n<meta property=\"article:publisher\" content=\"https:\/\/www.facebook.com\/Conseg.pt\/\" \/>\n<meta property=\"article:modified_time\" content=\"2020-11-02T16:27:16+00:00\" \/>\n<meta property=\"og:image\" content=\"https:\/\/www.conseg.pt\/wp-content\/uploads\/2016\/12\/seguro-saude.png\" \/>\n\t<meta property=\"og:image:width\" content=\"900\" \/>\n\t<meta property=\"og:image:height\" content=\"600\" \/>\n<meta name=\"twitter:card\" content=\"summary\" \/>\n<meta name=\"twitter:label1\" content=\"Est. reading time\">\n\t<meta name=\"twitter:data1\" content=\"1 minute\">\n<script type=\"application\/ld+json\" class=\"yoast-schema-graph\">{\"@context\":\"https:\/\/schema.org\",\"@graph\":[{\"@type\":\"Organization\",\"@id\":\"https:\/\/www.conseg.pt\/#organization\",\"name\":\"Conseg seguros\",\"url\":\"https:\/\/www.conseg.pt\/\",\"sameAs\":[\"https:\/\/www.facebook.com\/Conseg.pt\/\",\"https:\/\/www.instagram.com\/conseg.pt\/\"],\"logo\":{\"@type\":\"ImageObject\",\"@id\":\"https:\/\/www.conseg.pt\/#logo\",\"inLanguage\":\"de-DE\",\"url\":\"https:\/\/www.conseg.pt\/wp-content\/uploads\/2020\/11\/Logo_Conseg-01-e1604333642146.png\",\"width\":500,\"height\":313,\"caption\":\"Conseg seguros\"},\"image\":{\"@id\":\"https:\/\/www.conseg.pt\/#logo\"}},{\"@type\":\"WebSite\",\"@id\":\"https:\/\/www.conseg.pt\/#website\",\"url\":\"https:\/\/www.conseg.pt\/\",\"name\":\"Conseg\",\"description\":\"Seguros\",\"publisher\":{\"@id\":\"https:\/\/www.conseg.pt\/#organization\"},\"potentialAction\":[{\"@type\":\"SearchAction\",\"target\":\"https:\/\/www.conseg.pt\/?s={search_term_string}\",\"query-input\":\"required name=search_term_string\"}],\"inLanguage\":\"de-DE\"},{\"@type\":\"ImageObject\",\"@id\":\"https:\/\/www.conseg.pt\/de\/privat\/krankenversicherung\/#primaryimage\",\"inLanguage\":\"de-DE\",\"url\":\"https:\/\/www.conseg.pt\/wp-content\/uploads\/2016\/12\/seguro-saude.png\",\"width\":900,\"height\":600},{\"@type\":\"WebPage\",\"@id\":\"https:\/\/www.conseg.pt\/de\/privat\/krankenversicherung\/#webpage\",\"url\":\"https:\/\/www.conseg.pt\/de\/privat\/krankenversicherung\/\",\"name\":\"Krankenversicherung | Conseg\",\"isPartOf\":{\"@id\":\"https:\/\/www.conseg.pt\/#website\"},\"primaryImageOfPage\":{\"@id\":\"https:\/\/www.conseg.pt\/de\/privat\/krankenversicherung\/#primaryimage\"},\"datePublished\":\"2017-01-11T16:00:35+00:00\",\"dateModified\":\"2020-11-02T16:27:16+00:00\",\"breadcrumb\":{\"@id\":\"https:\/\/www.conseg.pt\/de\/privat\/krankenversicherung\/#breadcrumb\"},\"inLanguage\":\"de-DE\",\"potentialAction\":[{\"@type\":\"ReadAction\",\"target\":[\"https:\/\/www.conseg.pt\/de\/privat\/krankenversicherung\/\"]}]},{\"@type\":\"BreadcrumbList\",\"@id\":\"https:\/\/www.conseg.pt\/de\/privat\/krankenversicherung\/#breadcrumb\",\"itemListElement\":[{\"@type\":\"ListItem\",\"position\":1,\"item\":{\"@type\":\"WebPage\",\"@id\":\"https:\/\/www.conseg.pt\/de\/\",\"url\":\"https:\/\/www.conseg.pt\/de\/\",\"name\":\"Home\"}},{\"@type\":\"ListItem\",\"position\":2,\"item\":{\"@type\":\"WebPage\",\"@id\":\"https:\/\/www.conseg.pt\/de\/privat\/\",\"url\":\"https:\/\/www.conseg.pt\/de\/privat\/\",\"name\":\"Privatpersonen\"}},{\"@type\":\"ListItem\",\"position\":3,\"item\":{\"@type\":\"WebPage\",\"@id\":\"https:\/\/www.conseg.pt\/de\/privat\/krankenversicherung\/\",\"url\":\"https:\/\/www.conseg.pt\/de\/privat\/krankenversicherung\/\",\"name\":\"Krankenversicherung\"}}]}]}<\/script>\n<!-- \/ Yoast SEO plugin. -->","_links":{"self":[{"href":"https:\/\/www.conseg.pt\/de\/wp-json\/wp\/v2\/pages\/1221"}],"collection":[{"href":"https:\/\/www.conseg.pt\/de\/wp-json\/wp\/v2\/pages"}],"about":[{"href":"https:\/\/www.conseg.pt\/de\/wp-json\/wp\/v2\/types\/page"}],"author":[{"embeddable":true,"href":"https:\/\/www.conseg.pt\/de\/wp-json\/wp\/v2\/users\/1"}],"replies":[{"embeddable":true,"href":"https:\/\/www.conseg.pt\/de\/wp-json\/wp\/v2\/comments?post=1221"}],"version-history":[{"count":6,"href":"https:\/\/www.conseg.pt\/de\/wp-json\/wp\/v2\/pages\/1221\/revisions"}],"predecessor-version":[{"id":1888,"href":"https:\/\/www.conseg.pt\/de\/wp-json\/wp\/v2\/pages\/1221\/revisions\/1888"}],"up":[{"embeddable":true,"href":"https:\/\/www.conseg.pt\/de\/wp-json\/wp\/v2\/pages\/1213"}],"wp:featuredmedia":[{"embeddable":true,"href":"https:\/\/www.conseg.pt\/de\/wp-json\/wp\/v2\/media\/1338"}],"wp:attachment":[{"href":"https:\/\/www.conseg.pt\/de\/wp-json\/wp\/v2\/media?parent=1221"}],"curies":[{"name":"wp","href":"https:\/\/api.w.org\/{rel}","templated":true}]}}