{"id":1233,"date":"2017-01-11T16:07:39","date_gmt":"2017-01-11T16:07:39","guid":{"rendered":"http:\/\/www.conseg.pt\/de\/?page_id=1233"},"modified":"2020-11-02T16:46:29","modified_gmt":"2020-11-02T16:46:29","slug":"lebensversicherung","status":"publish","type":"page","link":"https:\/\/www.conseg.pt\/de\/privat\/lebensversicherung\/","title":{"rendered":"Lebensversicherung"},"content":{"rendered":"<p>[vc_row][vc_column width=&#8221;2\/3&#8243;]<div id=\"ultimate-heading-465769f272560df9f\" class=\"uvc-heading ult-adjust-bottom-margin ultimate-heading-465769f272560df9f uvc-7877 \" data-hspacer=\"no_spacer\"  data-halign=\"left\" style=\"text-align:left\"><div class=\"uvc-heading-spacer no_spacer\" style=\"top\"><\/div><div class=\"uvc-main-heading ult-responsive\"  data-ultimate-target='.uvc-heading.ultimate-heading-465769f272560df9f h2'  data-responsive-json-new='{\"font-size\":\"\",\"line-height\":\"\"}' ><h2 style=\"font-weight:normal;margin-bottom:10px;\">Eine Lebensversicherung sorgt daf\u00fcr, dass im Fall der F\u00e4lle Ihre Angeh\u00f6rigen zum pers\u00f6nlichen nicht auch noch einen finanziellen, existenzbedrohlichen Verlust erleiden.<\/h2><\/div><\/div>[vc_column_text]Wenn Sie daran denken, eine Investition zu t\u00e4tigen, ein Auto oder eine Immobilie zu kaufen, ein eigenes Unternehmen zu gr\u00fcnden oder Ihr Familienleben zu planen, m\u00fcssen Sie sich organisieren und einen Finanzplan aufstellen. In diesem Sinne bereiten Sie einen Plan vor und stellen ihn auf, damit Sie wissen, was Sie brauchen, um Ihr Ziel zu erreichen. Es ist jedoch zu diesem Zeitpunkt auch wichtig, \u00fcber das Unvorhergesehene nachzudenken, das auf dem Weg auftauchen kann. Daf\u00fcr ist die Lebensversicherung die beste Art, sich um Sie und Ihre Familie zu k\u00fcmmern. Im Falle Ihrer Ablebens erhalten Ihre<br \/>\nBeg\u00fcnstigten und \/ oder Angeh\u00f6rigen einen festgelegten Wert, der dem Wert der \u00fcbernommenen Verbindlichkeiten entsprechen sollte.<br \/>\nAls erg\u00e4nzende Deckung k\u00f6nnen Sie bei Krankheit oder Unfall auf die Unterst\u00fctzung bei Invalidit\u00e4t z\u00e4hlen oder bei bestimmten Krankheiten sogar das Kapital Ihrer Lebensversicherung im Voraus erhalten.[\/vc_column_text][vc_btn title=&#8221;Kontaktieren Sie uns&#8221; color=&#8221;default&#8221; i_icon_fontawesome=&#8221;fa fa-info-circle&#8221; add_icon=&#8221;true&#8221; css=&#8221;.vc_custom_1496341830252{margin-right: 5px !important;}&#8221; el_class=&#8221;btn-primary&#8221; link=&#8221;url:http%3A%2F%2Fwww.conseg.pt%2Fde%2Fkontakte%2F|||&#8221;][vc_empty_space][\/vc_column][vc_column width=&#8221;1\/3&#8243;][vc_single_image image=&#8221;1618&#8243; img_size=&#8221;full&#8221; alignment=&#8221;center&#8221;][\/vc_column][\/vc_row]<\/p>\n","protected":false},"excerpt":{"rendered":"<p>[vc_row][vc_column width=&#8221;2\/3&#8243;][vc_column_text]Wenn Sie daran denken, eine Investition zu t\u00e4tigen, ein Auto oder eine Immobilie zu kaufen, ein eigenes Unternehmen zu gr\u00fcnden oder Ihr Familienleben zu planen, m\u00fcssen Sie sich organisieren und einen Finanzplan aufstellen. In diesem Sinne bereiten Sie einen Plan vor und stellen ihn auf, damit Sie wissen, was Sie brauchen, um Ihr Ziel&hellip;<\/p>\n","protected":false},"author":1,"featured_media":1335,"parent":1213,"menu_order":5,"comment_status":"closed","ping_status":"closed","template":"","meta":[],"yoast_head":"<!-- This site is optimized with the Yoast SEO plugin v15.9 - https:\/\/yoast.com\/wordpress\/plugins\/seo\/ -->\n<title>Lebensversicherung | Conseg<\/title>\n<meta name=\"robots\" content=\"index, follow, max-snippet:-1, max-image-preview:large, max-video-preview:-1\" \/>\n<link rel=\"canonical\" href=\"https:\/\/www.conseg.pt\/de\/privat\/lebensversicherung\/\" \/>\n<meta property=\"og:locale\" content=\"de_DE\" \/>\n<meta property=\"og:type\" content=\"article\" \/>\n<meta property=\"og:title\" content=\"Lebensversicherung | Conseg\" \/>\n<meta property=\"og:description\" content=\"[vc_row][vc_column width=&#8221;2\/3&#8243;][vc_column_text]Wenn Sie daran denken, eine Investition zu t\u00e4tigen, ein Auto oder eine Immobilie zu kaufen, ein eigenes Unternehmen zu gr\u00fcnden oder Ihr Familienleben zu planen, m\u00fcssen Sie sich organisieren und einen Finanzplan aufstellen. In diesem Sinne bereiten Sie einen Plan vor und stellen ihn auf, damit Sie wissen, was Sie brauchen, um Ihr Ziel&hellip;\" \/>\n<meta property=\"og:url\" content=\"https:\/\/www.conseg.pt\/de\/privat\/lebensversicherung\/\" \/>\n<meta property=\"og:site_name\" content=\"Conseg\" \/>\n<meta property=\"article:publisher\" content=\"https:\/\/www.facebook.com\/Conseg.pt\/\" \/>\n<meta property=\"article:modified_time\" content=\"2020-11-02T16:46:29+00:00\" \/>\n<meta property=\"og:image\" content=\"https:\/\/www.conseg.pt\/wp-content\/uploads\/2016\/12\/seguro-de-vida.png\" \/>\n\t<meta property=\"og:image:width\" content=\"900\" \/>\n\t<meta property=\"og:image:height\" content=\"600\" \/>\n<meta name=\"twitter:card\" content=\"summary\" \/>\n<meta name=\"twitter:label1\" content=\"Est. reading time\">\n\t<meta name=\"twitter:data1\" content=\"1 minute\">\n<script type=\"application\/ld+json\" class=\"yoast-schema-graph\">{\"@context\":\"https:\/\/schema.org\",\"@graph\":[{\"@type\":\"Organization\",\"@id\":\"https:\/\/www.conseg.pt\/#organization\",\"name\":\"Conseg seguros\",\"url\":\"https:\/\/www.conseg.pt\/\",\"sameAs\":[\"https:\/\/www.facebook.com\/Conseg.pt\/\",\"https:\/\/www.instagram.com\/conseg.pt\/\"],\"logo\":{\"@type\":\"ImageObject\",\"@id\":\"https:\/\/www.conseg.pt\/#logo\",\"inLanguage\":\"de-DE\",\"url\":\"https:\/\/www.conseg.pt\/wp-content\/uploads\/2020\/11\/Logo_Conseg-01-e1604333642146.png\",\"width\":500,\"height\":313,\"caption\":\"Conseg seguros\"},\"image\":{\"@id\":\"https:\/\/www.conseg.pt\/#logo\"}},{\"@type\":\"WebSite\",\"@id\":\"https:\/\/www.conseg.pt\/#website\",\"url\":\"https:\/\/www.conseg.pt\/\",\"name\":\"Conseg\",\"description\":\"Seguros\",\"publisher\":{\"@id\":\"https:\/\/www.conseg.pt\/#organization\"},\"potentialAction\":[{\"@type\":\"SearchAction\",\"target\":\"https:\/\/www.conseg.pt\/?s={search_term_string}\",\"query-input\":\"required name=search_term_string\"}],\"inLanguage\":\"de-DE\"},{\"@type\":\"ImageObject\",\"@id\":\"https:\/\/www.conseg.pt\/de\/privat\/lebensversicherung\/#primaryimage\",\"inLanguage\":\"de-DE\",\"url\":\"https:\/\/www.conseg.pt\/wp-content\/uploads\/2016\/12\/seguro-de-vida.png\",\"width\":900,\"height\":600},{\"@type\":\"WebPage\",\"@id\":\"https:\/\/www.conseg.pt\/de\/privat\/lebensversicherung\/#webpage\",\"url\":\"https:\/\/www.conseg.pt\/de\/privat\/lebensversicherung\/\",\"name\":\"Lebensversicherung | Conseg\",\"isPartOf\":{\"@id\":\"https:\/\/www.conseg.pt\/#website\"},\"primaryImageOfPage\":{\"@id\":\"https:\/\/www.conseg.pt\/de\/privat\/lebensversicherung\/#primaryimage\"},\"datePublished\":\"2017-01-11T16:07:39+00:00\",\"dateModified\":\"2020-11-02T16:46:29+00:00\",\"breadcrumb\":{\"@id\":\"https:\/\/www.conseg.pt\/de\/privat\/lebensversicherung\/#breadcrumb\"},\"inLanguage\":\"de-DE\",\"potentialAction\":[{\"@type\":\"ReadAction\",\"target\":[\"https:\/\/www.conseg.pt\/de\/privat\/lebensversicherung\/\"]}]},{\"@type\":\"BreadcrumbList\",\"@id\":\"https:\/\/www.conseg.pt\/de\/privat\/lebensversicherung\/#breadcrumb\",\"itemListElement\":[{\"@type\":\"ListItem\",\"position\":1,\"item\":{\"@type\":\"WebPage\",\"@id\":\"https:\/\/www.conseg.pt\/de\/\",\"url\":\"https:\/\/www.conseg.pt\/de\/\",\"name\":\"Home\"}},{\"@type\":\"ListItem\",\"position\":2,\"item\":{\"@type\":\"WebPage\",\"@id\":\"https:\/\/www.conseg.pt\/de\/privat\/\",\"url\":\"https:\/\/www.conseg.pt\/de\/privat\/\",\"name\":\"Privatpersonen\"}},{\"@type\":\"ListItem\",\"position\":3,\"item\":{\"@type\":\"WebPage\",\"@id\":\"https:\/\/www.conseg.pt\/de\/privat\/lebensversicherung\/\",\"url\":\"https:\/\/www.conseg.pt\/de\/privat\/lebensversicherung\/\",\"name\":\"Lebensversicherung\"}}]}]}<\/script>\n<!-- \/ Yoast SEO plugin. -->","_links":{"self":[{"href":"https:\/\/www.conseg.pt\/de\/wp-json\/wp\/v2\/pages\/1233"}],"collection":[{"href":"https:\/\/www.conseg.pt\/de\/wp-json\/wp\/v2\/pages"}],"about":[{"href":"https:\/\/www.conseg.pt\/de\/wp-json\/wp\/v2\/types\/page"}],"author":[{"embeddable":true,"href":"https:\/\/www.conseg.pt\/de\/wp-json\/wp\/v2\/users\/1"}],"replies":[{"embeddable":true,"href":"https:\/\/www.conseg.pt\/de\/wp-json\/wp\/v2\/comments?post=1233"}],"version-history":[{"count":7,"href":"https:\/\/www.conseg.pt\/de\/wp-json\/wp\/v2\/pages\/1233\/revisions"}],"predecessor-version":[{"id":1896,"href":"https:\/\/www.conseg.pt\/de\/wp-json\/wp\/v2\/pages\/1233\/revisions\/1896"}],"up":[{"embeddable":true,"href":"https:\/\/www.conseg.pt\/de\/wp-json\/wp\/v2\/pages\/1213"}],"wp:featuredmedia":[{"embeddable":true,"href":"https:\/\/www.conseg.pt\/de\/wp-json\/wp\/v2\/media\/1335"}],"wp:attachment":[{"href":"https:\/\/www.conseg.pt\/de\/wp-json\/wp\/v2\/media?parent=1233"}],"curies":[{"name":"wp","href":"https:\/\/api.w.org\/{rel}","templated":true}]}}