{"id":1969,"date":"2020-11-18T09:05:33","date_gmt":"2020-11-18T09:05:33","guid":{"rendered":"https:\/\/www.conseg.pt\/fr\/?page_id=1969"},"modified":"2020-11-18T09:05:33","modified_gmt":"2020-11-18T09:05:33","slug":"assurance-construction","status":"publish","type":"page","link":"https:\/\/www.conseg.pt\/fr\/entreprise\/assurance-construction\/","title":{"rendered":"Assurance Construction"},"content":{"rendered":"<p>[vc_row][vc_column width=&#8221;2\/3&#8243;]<div id=\"ultimate-heading-584069f27f90a337a\" class=\"uvc-heading ult-adjust-bottom-margin ultimate-heading-584069f27f90a337a uvc-7083 \" data-hspacer=\"no_spacer\"  data-halign=\"left\" style=\"text-align:left\"><div class=\"uvc-heading-spacer no_spacer\" style=\"top\"><\/div><div class=\"uvc-main-heading ult-responsive\"  data-ultimate-target='.uvc-heading.ultimate-heading-584069f27f90a337a h2'  data-responsive-json-new='{\"font-size\":\"\",\"line-height\":\"\"}' ><h2 style=\"font-weight:normal;margin-bottom:10px;\">L'assurance construction est destin\u00e9e \u00e0 tous les ma\u00eetres d'ouvrage et \/ ou entrepreneurs<\/h2><\/div><\/div>[vc_column_text]<span class=\"VIiyi\" lang=\"fr\"><span class=\"JLqJ4b\" data-language-for-alternatives=\"fr\" data-language-to-translate-into=\"pt\" data-phrase-index=\"0\">L&#8217;assurance construction, qui porte la d\u00e9nomination internationale CAR (Construtions All Risks), est sp\u00e9cialement destin\u00e9e \u00e0 tous les Ma\u00eetres de Projets et \/ ou Entrepreneurs G\u00e9n\u00e9raux avec une couverture des risques li\u00e9s \u00e0 l&#8217;ex\u00e9cution des travaux publics ou des travaux de g\u00e9nie civil (construction , r\u00e9novation et \/ ou agrandissement de maisons, b\u00e2timents r\u00e9sidentiels, commerciaux et industriels, etc.). Les couvertures, comme son nom l&#8217;indique, sont de type \u00abTous Risques\u00bb, c&#8217;est-\u00e0-dire que les travaux sont couverts d\u00e8s le premier jour jusqu&#8217;\u00e0 la livraison de la cl\u00e9 pour tous risques sauf ceux qui sont exclus dans les conditions particuli\u00e8res. <\/span><\/span><\/p>\n<p><span class=\"VIiyi\" lang=\"fr\"><span class=\"JLqJ4b\" data-language-for-alternatives=\"fr\" data-language-to-translate-into=\"pt\" data-phrase-index=\"0\">Ces politiques garantissent \u00e9galement une maintenance compl\u00e8te pendant 24 mois. <\/span><\/span><\/p>\n<p><span class=\"VIiyi\" lang=\"fr\"><span class=\"JLqJ4b\" data-language-for-alternatives=\"fr\" data-language-to-translate-into=\"pt\" data-phrase-index=\"0\">Il garantit les pertes accidentelles et les dommages mat\u00e9riels caus\u00e9s aux ouvrages, lorsqu&#8217;il est n\u00e9cessaire de les r\u00e9parer, de les remplacer ou de les remplacer dans l&#8217;\u00e9tat o\u00f9 ils se trouvaient au moment imm\u00e9diatement avant l&#8217;accident.<\/span><\/span><\/p>\n<p><span class=\"VIiyi\" lang=\"fr\"><span class=\"JLqJ4b\" data-language-for-alternatives=\"fr\" data-language-to-translate-into=\"pt\" data-phrase-index=\"0\"> Il peut \u00eatre contract\u00e9 de deux mani\u00e8res: la police par travaux ou la police ouverte, renouvelable annuellement, pour tous les travaux que l&#8217;entreprise ex\u00e9cute en annuit\u00e9.<\/span><\/span>[\/vc_column_text]<a href=\"#\" class=\"btn-shortcode dt-btn-m dt-btn default-btn-color default-btn-hover-color default-btn-bg-color default-btn-bg-hover-color\" id=\"dt-btn-1\"><i class=\"fa fa-info-circle\"><\/i><span>Demande plus d&#8217;informations<\/span><\/a>[\/vc_column][vc_column width=&#8221;1\/3&#8243;][vc_single_image image=&#8221;1612&#8243; img_size=&#8221;full&#8221; alignment=&#8221;center&#8221;][\/vc_column][\/vc_row]<\/p>\n","protected":false},"excerpt":{"rendered":"<p>[vc_row][vc_column width=&#8221;2\/3&#8243;][vc_column_text]L&#8217;assurance construction, qui porte la d\u00e9nomination internationale CAR (Construtions All Risks), est sp\u00e9cialement destin\u00e9e \u00e0 tous les Ma\u00eetres de Projets et \/ ou Entrepreneurs G\u00e9n\u00e9raux avec une couverture des risques li\u00e9s \u00e0 l&#8217;ex\u00e9cution des travaux publics ou des travaux de g\u00e9nie civil (construction , r\u00e9novation et \/ ou agrandissement de maisons, b\u00e2timents r\u00e9sidentiels, commerciaux&hellip;<\/p>\n","protected":false},"author":1,"featured_media":0,"parent":1997,"menu_order":6,"comment_status":"closed","ping_status":"closed","template":"","meta":[],"yoast_head":"<!-- This site is optimized with the Yoast SEO plugin v15.9 - https:\/\/yoast.com\/wordpress\/plugins\/seo\/ -->\n<title>Assurance Construction | Conseg<\/title>\n<meta name=\"robots\" content=\"index, follow, max-snippet:-1, max-image-preview:large, max-video-preview:-1\" \/>\n<link rel=\"canonical\" href=\"https:\/\/www.conseg.pt\/fr\/entreprise\/assurance-construction\/\" \/>\n<meta property=\"og:locale\" content=\"fr_FR\" \/>\n<meta property=\"og:type\" content=\"article\" \/>\n<meta property=\"og:title\" content=\"Assurance Construction | Conseg\" \/>\n<meta property=\"og:description\" content=\"[vc_row][vc_column width=&#8221;2\/3&#8243;][vc_column_text]L&#8217;assurance construction, qui porte la d\u00e9nomination internationale CAR (Construtions All Risks), est sp\u00e9cialement destin\u00e9e \u00e0 tous les Ma\u00eetres de Projets et \/ ou Entrepreneurs G\u00e9n\u00e9raux avec une couverture des risques li\u00e9s \u00e0 l&#8217;ex\u00e9cution des travaux publics ou des travaux de g\u00e9nie civil (construction , r\u00e9novation et \/ ou agrandissement de maisons, b\u00e2timents r\u00e9sidentiels, commerciaux&hellip;\" \/>\n<meta property=\"og:url\" content=\"https:\/\/www.conseg.pt\/fr\/entreprise\/assurance-construction\/\" \/>\n<meta property=\"og:site_name\" content=\"Conseg\" \/>\n<meta property=\"article:publisher\" content=\"https:\/\/www.facebook.com\/Conseg.pt\/\" \/>\n<meta property=\"og:image\" content=\"https:\/\/www.conseg.pt\/wp-content\/uploads\/2020\/11\/Logo_Conseg-01-e1604333642146.png\" \/>\n\t<meta property=\"og:image:width\" content=\"500\" \/>\n\t<meta property=\"og:image:height\" content=\"313\" \/>\n<meta name=\"twitter:card\" content=\"summary\" \/>\n<meta name=\"twitter:label1\" content=\"Est. reading time\">\n\t<meta name=\"twitter:data1\" content=\"1 minute\">\n<script type=\"application\/ld+json\" class=\"yoast-schema-graph\">{\"@context\":\"https:\/\/schema.org\",\"@graph\":[{\"@type\":\"Organization\",\"@id\":\"https:\/\/www.conseg.pt\/#organization\",\"name\":\"Conseg seguros\",\"url\":\"https:\/\/www.conseg.pt\/\",\"sameAs\":[\"https:\/\/www.facebook.com\/Conseg.pt\/\",\"https:\/\/www.instagram.com\/conseg.pt\/\"],\"logo\":{\"@type\":\"ImageObject\",\"@id\":\"https:\/\/www.conseg.pt\/#logo\",\"inLanguage\":\"fr-FR\",\"url\":\"https:\/\/www.conseg.pt\/wp-content\/uploads\/2020\/11\/Logo_Conseg-01-e1604333642146.png\",\"width\":500,\"height\":313,\"caption\":\"Conseg seguros\"},\"image\":{\"@id\":\"https:\/\/www.conseg.pt\/#logo\"}},{\"@type\":\"WebSite\",\"@id\":\"https:\/\/www.conseg.pt\/#website\",\"url\":\"https:\/\/www.conseg.pt\/\",\"name\":\"Conseg\",\"description\":\"Seguros\",\"publisher\":{\"@id\":\"https:\/\/www.conseg.pt\/#organization\"},\"potentialAction\":[{\"@type\":\"SearchAction\",\"target\":\"https:\/\/www.conseg.pt\/?s={search_term_string}\",\"query-input\":\"required name=search_term_string\"}],\"inLanguage\":\"fr-FR\"},{\"@type\":\"WebPage\",\"@id\":\"https:\/\/www.conseg.pt\/fr\/entreprise\/assurance-construction\/#webpage\",\"url\":\"https:\/\/www.conseg.pt\/fr\/entreprise\/assurance-construction\/\",\"name\":\"Assurance Construction | Conseg\",\"isPartOf\":{\"@id\":\"https:\/\/www.conseg.pt\/#website\"},\"datePublished\":\"2020-11-18T09:05:33+00:00\",\"dateModified\":\"2020-11-18T09:05:33+00:00\",\"breadcrumb\":{\"@id\":\"https:\/\/www.conseg.pt\/fr\/entreprise\/assurance-construction\/#breadcrumb\"},\"inLanguage\":\"fr-FR\",\"potentialAction\":[{\"@type\":\"ReadAction\",\"target\":[\"https:\/\/www.conseg.pt\/fr\/entreprise\/assurance-construction\/\"]}]},{\"@type\":\"BreadcrumbList\",\"@id\":\"https:\/\/www.conseg.pt\/fr\/entreprise\/assurance-construction\/#breadcrumb\",\"itemListElement\":[{\"@type\":\"ListItem\",\"position\":1,\"item\":{\"@type\":\"WebPage\",\"@id\":\"https:\/\/www.conseg.pt\/fr\/\",\"url\":\"https:\/\/www.conseg.pt\/fr\/\",\"name\":\"Home\"}},{\"@type\":\"ListItem\",\"position\":2,\"item\":{\"@type\":\"WebPage\",\"@id\":\"https:\/\/www.conseg.pt\/fr\/entreprise\/\",\"url\":\"https:\/\/www.conseg.pt\/fr\/entreprise\/\",\"name\":\"Assurance Entreprise\"}},{\"@type\":\"ListItem\",\"position\":3,\"item\":{\"@type\":\"WebPage\",\"@id\":\"https:\/\/www.conseg.pt\/fr\/entreprise\/assurance-construction\/\",\"url\":\"https:\/\/www.conseg.pt\/fr\/entreprise\/assurance-construction\/\",\"name\":\"Assurance Construction\"}}]}]}<\/script>\n<!-- \/ Yoast SEO plugin. -->","_links":{"self":[{"href":"https:\/\/www.conseg.pt\/fr\/wp-json\/wp\/v2\/pages\/1969"}],"collection":[{"href":"https:\/\/www.conseg.pt\/fr\/wp-json\/wp\/v2\/pages"}],"about":[{"href":"https:\/\/www.conseg.pt\/fr\/wp-json\/wp\/v2\/types\/page"}],"author":[{"embeddable":true,"href":"https:\/\/www.conseg.pt\/fr\/wp-json\/wp\/v2\/users\/1"}],"replies":[{"embeddable":true,"href":"https:\/\/www.conseg.pt\/fr\/wp-json\/wp\/v2\/comments?post=1969"}],"version-history":[{"count":3,"href":"https:\/\/www.conseg.pt\/fr\/wp-json\/wp\/v2\/pages\/1969\/revisions"}],"predecessor-version":[{"id":2014,"href":"https:\/\/www.conseg.pt\/fr\/wp-json\/wp\/v2\/pages\/1969\/revisions\/2014"}],"up":[{"embeddable":true,"href":"https:\/\/www.conseg.pt\/fr\/wp-json\/wp\/v2\/pages\/1997"}],"wp:attachment":[{"href":"https:\/\/www.conseg.pt\/fr\/wp-json\/wp\/v2\/media?parent=1969"}],"curies":[{"name":"wp","href":"https:\/\/api.w.org\/{rel}","templated":true}]}}