{"id":1997,"date":"2020-11-18T10:38:34","date_gmt":"2020-11-18T10:38:34","guid":{"rendered":"https:\/\/www.conseg.pt\/fr\/?page_id=1997"},"modified":"2020-11-18T10:42:28","modified_gmt":"2020-11-18T10:42:28","slug":"entreprise","status":"publish","type":"page","link":"https:\/\/www.conseg.pt\/fr\/entreprise\/","title":{"rendered":"Assurance Entreprise"},"content":{"rendered":"<p>[vc_row][vc_column width=&#8221;1\/3&#8243;][vc_single_image image=&#8221;1614&#8243; img_size=&#8221;full&#8221; alignment=&#8221;center&#8221; lazy_loading=&#8221;true&#8221; css=&#8221;.vc_custom_1521030044614{margin-bottom: 0px !important;border-bottom-width: 0px !important;padding-bottom: 0px !important;}&#8221;]<div class=\"ult-content-box-container \" >\t\t<div class=\"ult-content-box\" style=\"background-color:#f9f9f9;box-shadow: px px px px #f7f7f7 none;padding-top:25px;padding-right:20px;padding-bottom:0px;padding-left:20px;-webkit-transition: all 700ms ease;-moz-transition: all 700ms ease;-ms-transition: all 700ms ease;-o-transition: all 700ms ease;transition: all 700ms ease;\"  data-hover_box_shadow=\"none\"     data-bg=\"#f9f9f9\" ><div id=\"ultimate-heading-7669f27f52585ef\" class=\"uvc-heading ult-adjust-bottom-margin ultimate-heading-7669f27f52585ef uvc-7623 \" data-hspacer=\"no_spacer\"  data-halign=\"left\" style=\"text-align:left\"><div class=\"uvc-heading-spacer no_spacer\" style=\"top\"><\/div><div class=\"uvc-main-heading ult-responsive\"  data-ultimate-target='.uvc-heading.ultimate-heading-7669f27f52585ef h2'  data-responsive-json-new='{\"font-size\":\"\",\"line-height\":\"\"}' ><h2 style=\"font-weight:normal;margin-bottom:15px;\">Multirisque Entreprise<\/h2><\/div><\/div>[vc_column_text]<span class=\"VIiyi\" lang=\"fr\"><span class=\"JLqJ4b ChMk0b\" data-language-for-alternatives=\"fr\" data-language-to-translate-into=\"pt\" data-phrase-index=\"0\">Prot\u00e9ger la stabilit\u00e9 \u00e9conomique de votre entreprise est primordial pour la croissance durable de l&#8217;entreprise.<\/span><\/span>[\/vc_column_text][vc_btn title=&#8221;En savoir plus&#8221; link=&#8221;url:http%3A%2F%2Fwww.conseg.pt%2Fempresas%2Fseguro-multi-riscos-empresa%2F|||&#8221; el_class=&#8221;btn-primary&#8221;]\t\t<\/div><\/div>[\/vc_column][vc_column width=&#8221;1\/3&#8243;][vc_single_image image=&#8221;1609&#8243; img_size=&#8221;full&#8221; alignment=&#8221;center&#8221; lazy_loading=&#8221;true&#8221; css=&#8221;.vc_custom_1521030059420{margin-bottom: 0px !important;border-bottom-width: 0px !important;padding-bottom: 0px !important;}&#8221;]<div class=\"ult-content-box-container \" >\t\t<div class=\"ult-content-box\" style=\"background-color:#f9f9f9;box-shadow: px px px px #f7f7f7 none;padding-top:25px;padding-right:20px;padding-bottom:0px;padding-left:20px;-webkit-transition: all 700ms ease;-moz-transition: all 700ms ease;-ms-transition: all 700ms ease;-o-transition: all 700ms ease;transition: all 700ms ease;\"  data-hover_box_shadow=\"none\"     data-bg=\"#f9f9f9\" ><div id=\"ultimate-heading-37769f27f525877c\" class=\"uvc-heading ult-adjust-bottom-margin ultimate-heading-37769f27f525877c uvc-2959 \" data-hspacer=\"no_spacer\"  data-halign=\"left\" style=\"text-align:left\"><div class=\"uvc-heading-spacer no_spacer\" style=\"top\"><\/div><div class=\"uvc-main-heading ult-responsive\"  data-ultimate-target='.uvc-heading.ultimate-heading-37769f27f525877c h2'  data-responsive-json-new='{\"font-size\":\"\",\"line-height\":\"\"}' ><h2 style=\"font-weight:normal;margin-bottom:15px;\">Accident au Travail<\/h2><\/div><\/div>[vc_column_text]<span class=\"VIiyi\" lang=\"fr\"><span class=\"JLqJ4b ChMk0b\" data-language-for-alternatives=\"fr\" data-language-to-translate-into=\"pt\" data-phrase-index=\"0\">Assurance requise par la loi et parce que personne n&#8217;est libre d&#8217;avoir un accident au travail.<\/span><\/span>[\/vc_column_text][vc_btn title=&#8221;En savoir plus&#8221; link=&#8221;url:http%3A%2F%2Fwww.conseg.pt%2Fempresas%2Fseguro-acidentes-de-trabalho%2F|||&#8221; el_class=&#8221;btn-primary&#8221;]\t\t<\/div><\/div>[\/vc_column][vc_column width=&#8221;1\/3&#8243;][vc_single_image image=&#8221;1615&#8243; img_size=&#8221;full&#8221; alignment=&#8221;center&#8221; lazy_loading=&#8221;true&#8221; css=&#8221;.vc_custom_1521030080372{margin-bottom: 0px !important;border-bottom-width: 0px !important;padding-bottom: 0px !important;}&#8221;]<div class=\"ult-content-box-container \" >\t\t<div class=\"ult-content-box\" style=\"background-color:#f9f9f9;box-shadow: px px px px #f7f7f7 none;padding-top:25px;padding-right:20px;padding-bottom:0px;padding-left:20px;-webkit-transition: all 700ms ease;-moz-transition: all 700ms ease;-ms-transition: all 700ms ease;-o-transition: all 700ms ease;transition: all 700ms ease;\"  data-hover_box_shadow=\"none\"     data-bg=\"#f9f9f9\" ><div id=\"ultimate-heading-36869f27f52588df\" class=\"uvc-heading ult-adjust-bottom-margin ultimate-heading-36869f27f52588df uvc-3924 \" data-hspacer=\"no_spacer\"  data-halign=\"left\" style=\"text-align:left\"><div class=\"uvc-heading-spacer no_spacer\" style=\"top\"><\/div><div class=\"uvc-main-heading ult-responsive\"  data-ultimate-target='.uvc-heading.ultimate-heading-36869f27f52588df h2'  data-responsive-json-new='{\"font-size\":\"\",\"line-height\":\"\"}' ><h2 style=\"font-weight:normal;margin-bottom:15px;\">Responsabilit\u00e9 Civile<\/h2><\/div><\/div>[vc_column_text]<span class=\"VIiyi\" lang=\"fr\"><span class=\"JLqJ4b ChMk0b\" data-language-for-alternatives=\"fr\" data-language-to-translate-into=\"pt\" data-phrase-index=\"2\">La pr\u00e9vention est la cl\u00e9 pour garantir qu&#8217;aucun \u00e9v\u00e9nement impr\u00e9vu n&#8217;affecte votre entreprise.&nbsp; &nbsp; &nbsp;&nbsp;<\/span><\/span>[\/vc_column_text][vc_btn title=&#8221;En savoir plus&#8221; link=&#8221;url:http%3A%2F%2Fwww.conseg.pt%2Fempresas%2Fseguro-responsabilidade-civil%2F|||&#8221; el_class=&#8221;btn-primary&#8221;]\t\t<\/div><\/div>[\/vc_column][\/vc_row][vc_row][vc_column][vc_empty_space height=&#8221;40px&#8221;][\/vc_column][\/vc_row][vc_row][vc_column width=&#8221;1\/3&#8243;][vc_single_image image=&#8221;1616&#8243; img_size=&#8221;full&#8221; alignment=&#8221;center&#8221; lazy_loading=&#8221;true&#8221; css=&#8221;.vc_custom_1521030135337{margin-bottom: 0px !important;border-bottom-width: 0px !important;padding-bottom: 0px !important;}&#8221;]<div class=\"ult-content-box-container \" >\t\t<div class=\"ult-content-box\" style=\"background-color:#f9f9f9;box-shadow: px px px px #f7f7f7 none;padding-top:25px;padding-right:20px;padding-bottom:0px;padding-left:20px;-webkit-transition: all 700ms ease;-moz-transition: all 700ms ease;-ms-transition: all 700ms ease;-o-transition: all 700ms ease;transition: all 700ms ease;\"  data-hover_box_shadow=\"none\"     data-bg=\"#f9f9f9\" ><div id=\"ultimate-heading-679069f27f5258a45\" class=\"uvc-heading ult-adjust-bottom-margin ultimate-heading-679069f27f5258a45 uvc-6444 \" data-hspacer=\"no_spacer\"  data-halign=\"left\" style=\"text-align:left\"><div class=\"uvc-heading-spacer no_spacer\" style=\"top\"><\/div><div class=\"uvc-main-heading ult-responsive\"  data-ultimate-target='.uvc-heading.ultimate-heading-679069f27f5258a45 h2'  data-responsive-json-new='{\"font-size\":\"\",\"line-height\":\"\"}' ><h2 style=\"font-weight:normal;margin-bottom:15px;\">Assurance Sant\u00e9 Collective<\/h2><\/div><\/div>[vc_column_text]<span class=\"VIiyi\" lang=\"fr\"><span class=\"JLqJ4b ChMk0b\" data-language-for-alternatives=\"fr\" data-language-to-translate-into=\"pt\" data-phrase-index=\"0\">Assurance sant\u00e9<\/span> <span class=\"JLqJ4b ChMk0b\" data-language-for-alternatives=\"fr\" data-language-to-translate-into=\"pt\" data-phrase-index=\"2\">c&#8217;est une excellente fa\u00e7on de profiter aux employ\u00e9s de l&#8217;entreprise.&nbsp; &nbsp; &nbsp; &nbsp; &nbsp; &nbsp; &nbsp; &nbsp; &nbsp; &nbsp;&nbsp;<\/span><\/span>[\/vc_column_text][vc_btn title=&#8221;En savoir plus&#8221; link=&#8221;url:http%3A%2F%2Fwww.conseg.pt%2Fempresas%2Fseguro-saude-grupo%2F|||&#8221; el_class=&#8221;btn-primary&#8221;]\t\t<\/div><\/div>[\/vc_column][vc_column width=&#8221;1\/3&#8243;][vc_single_image image=&#8221;1617&#8243; img_size=&#8221;full&#8221; alignment=&#8221;center&#8221; lazy_loading=&#8221;true&#8221; css=&#8221;.vc_custom_1521030116224{margin-bottom: 0px !important;border-bottom-width: 0px !important;padding-bottom: 0px !important;}&#8221;]<div class=\"ult-content-box-container \" >\t\t<div class=\"ult-content-box\" style=\"background-color:#f9f9f9;box-shadow: px px px px #f7f7f7 none;padding-top:25px;padding-right:20px;padding-bottom:0px;padding-left:20px;-webkit-transition: all 700ms ease;-moz-transition: all 700ms ease;-ms-transition: all 700ms ease;-o-transition: all 700ms ease;transition: all 700ms ease;\"  data-hover_box_shadow=\"none\"     data-bg=\"#f9f9f9\" ><div id=\"ultimate-heading-287069f27f5258b93\" class=\"uvc-heading ult-adjust-bottom-margin ultimate-heading-287069f27f5258b93 uvc-821 \" data-hspacer=\"no_spacer\"  data-halign=\"left\" style=\"text-align:left\"><div class=\"uvc-heading-spacer no_spacer\" style=\"top\"><\/div><div class=\"uvc-main-heading ult-responsive\"  data-ultimate-target='.uvc-heading.ultimate-heading-287069f27f5258b93 h2'  data-responsive-json-new='{\"font-size\":\"\",\"line-height\":\"\"}' ><h2 style=\"font-weight:normal;margin-bottom:15px;\">Transport de Marchandises<\/h2><\/div><\/div>[vc_column_text]<span class=\"VIiyi\" lang=\"fr\"><span class=\"JLqJ4b ChMk0b\" data-language-for-alternatives=\"fr\" data-language-to-translate-into=\"pt\" data-phrase-index=\"0\">C&#8217;est l&#8217;assurance qui garantit les \u00e9ventuels dommages mat\u00e9riels caus\u00e9s aux marchandises lors de leur transport.<\/span><\/span>[\/vc_column_text][vc_btn title=&#8221;En savoir plus&#8221; link=&#8221;url:http%3A%2F%2Fwww.conseg.pt%2Fempresas%2Fseguro-transporte-mercadorias%2F|||&#8221; el_class=&#8221;btn-primary&#8221;]\t\t<\/div><\/div>[\/vc_column][vc_column width=&#8221;1\/3&#8243;][vc_single_image image=&#8221;1612&#8243; img_size=&#8221;full&#8221; alignment=&#8221;center&#8221; lazy_loading=&#8221;true&#8221; css=&#8221;.vc_custom_1521030101976{margin-bottom: 0px !important;border-bottom-width: 0px !important;padding-bottom: 0px !important;}&#8221;]<div class=\"ult-content-box-container \" >\t\t<div class=\"ult-content-box\" style=\"background-color:#f9f9f9;box-shadow: px px px px #f7f7f7 none;padding-top:25px;padding-right:20px;padding-bottom:0px;padding-left:20px;-webkit-transition: all 700ms ease;-moz-transition: all 700ms ease;-ms-transition: all 700ms ease;-o-transition: all 700ms ease;transition: all 700ms ease;\"  data-hover_box_shadow=\"none\"     data-bg=\"#f9f9f9\" ><div id=\"ultimate-heading-413569f27f5258ce0\" class=\"uvc-heading ult-adjust-bottom-margin ultimate-heading-413569f27f5258ce0 uvc-1740 \" data-hspacer=\"no_spacer\"  data-halign=\"left\" style=\"text-align:left\"><div class=\"uvc-heading-spacer no_spacer\" style=\"top\"><\/div><div class=\"uvc-main-heading ult-responsive\"  data-ultimate-target='.uvc-heading.ultimate-heading-413569f27f5258ce0 h2'  data-responsive-json-new='{\"font-size\":\"\",\"line-height\":\"\"}' ><h2 style=\"font-weight:normal;margin-bottom:15px;\">Construction<\/h2><\/div><\/div>[vc_column_text]<span class=\"VIiyi\" lang=\"fr\"><span class=\"JLqJ4b ChMk0b\" data-language-for-alternatives=\"fr\" data-language-to-translate-into=\"pt\" data-phrase-index=\"0\">L&#8217;assurance construction est destin\u00e9e \u00e0 tous les ma\u00eetres d&#8217;ouvrage et \/ ou entrepreneurs pour couvrir les risques.<\/span><\/span>[\/vc_column_text][vc_btn title=&#8221;En savoir plus&#8221; link=&#8221;url:https%3A%2F%2Fwww.conseg.pt%2Fempresas%2Fseguro-de-construcao%2F|||&#8221; el_class=&#8221;btn-primary&#8221;]\t\t<\/div><\/div>[\/vc_column][\/vc_row]<\/p>\n","protected":false},"excerpt":{"rendered":"<p>[vc_row][vc_column width=&#8221;1\/3&#8243;][vc_single_image image=&#8221;1614&#8243; img_size=&#8221;full&#8221; alignment=&#8221;center&#8221; lazy_loading=&#8221;true&#8221; css=&#8221;.vc_custom_1521030044614{margin-bottom: 0px !important;border-bottom-width: 0px !important;padding-bottom: 0px !important;}&#8221;][\/vc_column][vc_column width=&#8221;1\/3&#8243;][vc_single_image image=&#8221;1609&#8243; img_size=&#8221;full&#8221; alignment=&#8221;center&#8221; lazy_loading=&#8221;true&#8221; css=&#8221;.vc_custom_1521030059420{margin-bottom: 0px !important;border-bottom-width: 0px !important;padding-bottom: 0px !important;}&#8221;][\/vc_column][vc_column width=&#8221;1\/3&#8243;][vc_single_image image=&#8221;1615&#8243; img_size=&#8221;full&#8221; alignment=&#8221;center&#8221; lazy_loading=&#8221;true&#8221; css=&#8221;.vc_custom_1521030080372{margin-bottom: 0px !important;border-bottom-width: 0px !important;padding-bottom: 0px !important;}&#8221;][\/vc_column][\/vc_row][vc_row][vc_column][vc_empty_space height=&#8221;40px&#8221;][\/vc_column][\/vc_row][vc_row][vc_column width=&#8221;1\/3&#8243;][vc_single_image image=&#8221;1616&#8243; img_size=&#8221;full&#8221; alignment=&#8221;center&#8221; lazy_loading=&#8221;true&#8221; css=&#8221;.vc_custom_1521030135337{margin-bottom: 0px !important;border-bottom-width: 0px !important;padding-bottom: 0px !important;}&#8221;][\/vc_column][vc_column width=&#8221;1\/3&#8243;][vc_single_image image=&#8221;1617&#8243; img_size=&#8221;full&#8221; alignment=&#8221;center&#8221; lazy_loading=&#8221;true&#8221;&hellip;<\/p>\n","protected":false},"author":1,"featured_media":0,"parent":0,"menu_order":0,"comment_status":"closed","ping_status":"closed","template":"","meta":[],"yoast_head":"<!-- This site is optimized with the Yoast SEO plugin v15.9 - https:\/\/yoast.com\/wordpress\/plugins\/seo\/ -->\n<title>Assurance Entreprise | Conseg<\/title>\n<meta name=\"robots\" content=\"index, follow, max-snippet:-1, max-image-preview:large, max-video-preview:-1\" \/>\n<link rel=\"canonical\" href=\"https:\/\/www.conseg.pt\/fr\/entreprise\/\" \/>\n<meta property=\"og:locale\" content=\"fr_FR\" \/>\n<meta property=\"og:type\" content=\"article\" \/>\n<meta property=\"og:title\" content=\"Assurance Entreprise | Conseg\" \/>\n<meta property=\"og:description\" content=\"[vc_row][vc_column width=&#8221;1\/3&#8243;][vc_single_image image=&#8221;1614&#8243; img_size=&#8221;full&#8221; alignment=&#8221;center&#8221; lazy_loading=&#8221;true&#8221; css=&#8221;.vc_custom_1521030044614{margin-bottom: 0px !important;border-bottom-width: 0px !important;padding-bottom: 0px !important;}&#8221;][\/vc_column][vc_column width=&#8221;1\/3&#8243;][vc_single_image image=&#8221;1609&#8243; img_size=&#8221;full&#8221; alignment=&#8221;center&#8221; lazy_loading=&#8221;true&#8221; css=&#8221;.vc_custom_1521030059420{margin-bottom: 0px !important;border-bottom-width: 0px !important;padding-bottom: 0px !important;}&#8221;][\/vc_column][vc_column width=&#8221;1\/3&#8243;][vc_single_image image=&#8221;1615&#8243; img_size=&#8221;full&#8221; alignment=&#8221;center&#8221; lazy_loading=&#8221;true&#8221; css=&#8221;.vc_custom_1521030080372{margin-bottom: 0px !important;border-bottom-width: 0px !important;padding-bottom: 0px !important;}&#8221;][\/vc_column][\/vc_row][vc_row][vc_column][vc_empty_space height=&#8221;40px&#8221;][\/vc_column][\/vc_row][vc_row][vc_column width=&#8221;1\/3&#8243;][vc_single_image image=&#8221;1616&#8243; img_size=&#8221;full&#8221; alignment=&#8221;center&#8221; lazy_loading=&#8221;true&#8221; css=&#8221;.vc_custom_1521030135337{margin-bottom: 0px !important;border-bottom-width: 0px !important;padding-bottom: 0px !important;}&#8221;][\/vc_column][vc_column width=&#8221;1\/3&#8243;][vc_single_image image=&#8221;1617&#8243; img_size=&#8221;full&#8221; alignment=&#8221;center&#8221; lazy_loading=&#8221;true&#8221;&hellip;\" \/>\n<meta property=\"og:url\" content=\"https:\/\/www.conseg.pt\/fr\/entreprise\/\" \/>\n<meta property=\"og:site_name\" content=\"Conseg\" \/>\n<meta property=\"article:publisher\" content=\"https:\/\/www.facebook.com\/Conseg.pt\/\" \/>\n<meta property=\"article:modified_time\" content=\"2020-11-18T10:42:28+00:00\" \/>\n<meta property=\"og:image\" content=\"https:\/\/www.conseg.pt\/wp-content\/uploads\/2020\/11\/Logo_Conseg-01-e1604333642146.png\" \/>\n\t<meta property=\"og:image:width\" content=\"500\" \/>\n\t<meta property=\"og:image:height\" content=\"313\" \/>\n<meta name=\"twitter:card\" content=\"summary\" \/>\n<meta name=\"twitter:label1\" content=\"Est. reading time\">\n\t<meta name=\"twitter:data1\" content=\"4 minutes\">\n<script type=\"application\/ld+json\" class=\"yoast-schema-graph\">{\"@context\":\"https:\/\/schema.org\",\"@graph\":[{\"@type\":\"Organization\",\"@id\":\"https:\/\/www.conseg.pt\/#organization\",\"name\":\"Conseg seguros\",\"url\":\"https:\/\/www.conseg.pt\/\",\"sameAs\":[\"https:\/\/www.facebook.com\/Conseg.pt\/\",\"https:\/\/www.instagram.com\/conseg.pt\/\"],\"logo\":{\"@type\":\"ImageObject\",\"@id\":\"https:\/\/www.conseg.pt\/#logo\",\"inLanguage\":\"fr-FR\",\"url\":\"https:\/\/www.conseg.pt\/wp-content\/uploads\/2020\/11\/Logo_Conseg-01-e1604333642146.png\",\"width\":500,\"height\":313,\"caption\":\"Conseg seguros\"},\"image\":{\"@id\":\"https:\/\/www.conseg.pt\/#logo\"}},{\"@type\":\"WebSite\",\"@id\":\"https:\/\/www.conseg.pt\/#website\",\"url\":\"https:\/\/www.conseg.pt\/\",\"name\":\"Conseg\",\"description\":\"Seguros\",\"publisher\":{\"@id\":\"https:\/\/www.conseg.pt\/#organization\"},\"potentialAction\":[{\"@type\":\"SearchAction\",\"target\":\"https:\/\/www.conseg.pt\/?s={search_term_string}\",\"query-input\":\"required name=search_term_string\"}],\"inLanguage\":\"fr-FR\"},{\"@type\":\"WebPage\",\"@id\":\"https:\/\/www.conseg.pt\/fr\/entreprise\/#webpage\",\"url\":\"https:\/\/www.conseg.pt\/fr\/entreprise\/\",\"name\":\"Assurance Entreprise | Conseg\",\"isPartOf\":{\"@id\":\"https:\/\/www.conseg.pt\/#website\"},\"datePublished\":\"2020-11-18T10:38:34+00:00\",\"dateModified\":\"2020-11-18T10:42:28+00:00\",\"breadcrumb\":{\"@id\":\"https:\/\/www.conseg.pt\/fr\/entreprise\/#breadcrumb\"},\"inLanguage\":\"fr-FR\",\"potentialAction\":[{\"@type\":\"ReadAction\",\"target\":[\"https:\/\/www.conseg.pt\/fr\/entreprise\/\"]}]},{\"@type\":\"BreadcrumbList\",\"@id\":\"https:\/\/www.conseg.pt\/fr\/entreprise\/#breadcrumb\",\"itemListElement\":[{\"@type\":\"ListItem\",\"position\":1,\"item\":{\"@type\":\"WebPage\",\"@id\":\"https:\/\/www.conseg.pt\/fr\/\",\"url\":\"https:\/\/www.conseg.pt\/fr\/\",\"name\":\"Home\"}},{\"@type\":\"ListItem\",\"position\":2,\"item\":{\"@type\":\"WebPage\",\"@id\":\"https:\/\/www.conseg.pt\/fr\/entreprise\/\",\"url\":\"https:\/\/www.conseg.pt\/fr\/entreprise\/\",\"name\":\"Assurance Entreprise\"}}]}]}<\/script>\n<!-- \/ Yoast SEO plugin. -->","_links":{"self":[{"href":"https:\/\/www.conseg.pt\/fr\/wp-json\/wp\/v2\/pages\/1997"}],"collection":[{"href":"https:\/\/www.conseg.pt\/fr\/wp-json\/wp\/v2\/pages"}],"about":[{"href":"https:\/\/www.conseg.pt\/fr\/wp-json\/wp\/v2\/types\/page"}],"author":[{"embeddable":true,"href":"https:\/\/www.conseg.pt\/fr\/wp-json\/wp\/v2\/users\/1"}],"replies":[{"embeddable":true,"href":"https:\/\/www.conseg.pt\/fr\/wp-json\/wp\/v2\/comments?post=1997"}],"version-history":[{"count":3,"href":"https:\/\/www.conseg.pt\/fr\/wp-json\/wp\/v2\/pages\/1997\/revisions"}],"predecessor-version":[{"id":2004,"href":"https:\/\/www.conseg.pt\/fr\/wp-json\/wp\/v2\/pages\/1997\/revisions\/2004"}],"wp:attachment":[{"href":"https:\/\/www.conseg.pt\/fr\/wp-json\/wp\/v2\/media?parent=1997"}],"curies":[{"name":"wp","href":"https:\/\/api.w.org\/{rel}","templated":true}]}}