{"id":2174,"date":"2020-11-19T15:51:57","date_gmt":"2020-11-19T15:51:57","guid":{"rendered":"https:\/\/www.conseg.pt\/fr\/?page_id=2174"},"modified":"2020-11-19T16:54:38","modified_gmt":"2020-11-19T16:54:38","slug":"assurance-multirisque-entreprise","status":"publish","type":"page","link":"https:\/\/www.conseg.pt\/fr\/entreprise\/assurance-multirisque-entreprise\/","title":{"rendered":"Assurance Multirisque entreprise"},"content":{"rendered":"<p>[vc_row][vc_column width=&#8221;2\/3&#8243;]<div id=\"ultimate-heading-416469f27f7b56f5e\" class=\"uvc-heading ult-adjust-bottom-margin ultimate-heading-416469f27f7b56f5e uvc-4715 \" data-hspacer=\"no_spacer\"  data-halign=\"left\" style=\"text-align:left\"><div class=\"uvc-heading-spacer no_spacer\" style=\"top\"><\/div><div class=\"uvc-main-heading ult-responsive\"  data-ultimate-target='.uvc-heading.ultimate-heading-416469f27f7b56f5e h2'  data-responsive-json-new='{\"font-size\":\"\",\"line-height\":\"\"}' ><h2 style=\"font-weight:normal;margin-bottom:10px;\">La protection de la stabilit\u00e9 \u00e9conomique de votre entreprise est essentielle \u00e0 la croissance durable de l'entreprise. Voil\u00e0 pourquoi vous avez besoin d'une compagnie d'assurance multirisque!<\/h2><\/div><\/div>[vc_column_text]L&#8217;impr\u00e9vu se produit et c&#8217;est \u00e0 ce moment-l\u00e0 que le besoin d&#8217;une protection ad\u00e9quate est souvent \u00e9valu\u00e9. L&#8217;assurance multirisques est le type d&#8217;assurance destin\u00e9 aux entreprises, qui assure la protection des investissements immobiliers, des dommages aux installations ainsi que des dommages aux biens mobiliers, au mobilier et aux \u00e9quipements de votre entreprise ainsi que les dommages caus\u00e9s aux clients dans le cadre de de votre activit\u00e9, quel que soit le secteur.[\/vc_column_text][vc_btn title=&#8221;Conctatez-nous&#8221; color=&#8221;default&#8221; i_icon_fontawesome=&#8221;fa fa-info-circle&#8221; add_icon=&#8221;true&#8221; el_class=&#8221;btn-primary&#8221; css=&#8221;.vc_custom_1605782768338{margin-right: 5px !important;}&#8221; link=&#8221;url:http%3A%2F%2Fwww.conseg.pt%2Fcontactos%2F|||&#8221;][\/vc_column][vc_column width=&#8221;1\/3&#8243;][vc_single_image image=&#8221;1614&#8243; img_size=&#8221;full&#8221; alignment=&#8221;center&#8221;][\/vc_column][\/vc_row]<\/p>\n","protected":false},"excerpt":{"rendered":"<p>[vc_row][vc_column width=&#8221;2\/3&#8243;]La protection de la stabilit\u00e9 \u00e9conomique de votre entreprise est essentielle \u00e0 la croissance durable de l&#8217;entreprise. Voil\u00e0 pourquoi vous avez besoin d&#8217;une compagnie d&#8217;assurance multirisque![vc_column_text]L&#8217;impr\u00e9vu se produit et c&#8217;est \u00e0 ce moment-l\u00e0 que le besoin d&#8217;une protection ad\u00e9quate est souvent \u00e9valu\u00e9. L&#8217;assurance multirisques est le type d&#8217;assurance destin\u00e9 aux entreprises, qui assure la&hellip;<\/p>\n","protected":false},"author":1,"featured_media":0,"parent":1997,"menu_order":0,"comment_status":"closed","ping_status":"closed","template":"","meta":[],"yoast_head":"<!-- This site is optimized with the Yoast SEO plugin v15.9 - https:\/\/yoast.com\/wordpress\/plugins\/seo\/ -->\n<title>Assurance Multirisque entreprise | Conseg<\/title>\n<meta name=\"robots\" content=\"index, follow, max-snippet:-1, max-image-preview:large, max-video-preview:-1\" \/>\n<link rel=\"canonical\" href=\"https:\/\/www.conseg.pt\/fr\/entreprise\/assurance-multirisque-entreprise\/\" \/>\n<meta property=\"og:locale\" content=\"fr_FR\" \/>\n<meta property=\"og:type\" content=\"article\" \/>\n<meta property=\"og:title\" content=\"Assurance Multirisque entreprise | Conseg\" \/>\n<meta property=\"og:url\" content=\"https:\/\/www.conseg.pt\/fr\/entreprise\/assurance-multirisque-entreprise\/\" \/>\n<meta property=\"og:site_name\" content=\"Conseg\" \/>\n<meta property=\"article:publisher\" content=\"https:\/\/www.facebook.com\/Conseg.pt\/\" \/>\n<meta property=\"article:modified_time\" content=\"2020-11-19T16:54:38+00:00\" \/>\n<meta property=\"og:image\" content=\"https:\/\/www.conseg.pt\/wp-content\/uploads\/2020\/11\/Logo_Conseg-01-e1604333642146.png\" \/>\n\t<meta property=\"og:image:width\" content=\"500\" \/>\n\t<meta property=\"og:image:height\" content=\"313\" \/>\n<meta name=\"twitter:card\" content=\"summary\" \/>\n<meta name=\"twitter:label1\" content=\"Est. reading time\">\n\t<meta name=\"twitter:data1\" content=\"1 minute\">\n<script type=\"application\/ld+json\" class=\"yoast-schema-graph\">{\"@context\":\"https:\/\/schema.org\",\"@graph\":[{\"@type\":\"Organization\",\"@id\":\"https:\/\/www.conseg.pt\/#organization\",\"name\":\"Conseg seguros\",\"url\":\"https:\/\/www.conseg.pt\/\",\"sameAs\":[\"https:\/\/www.facebook.com\/Conseg.pt\/\",\"https:\/\/www.instagram.com\/conseg.pt\/\"],\"logo\":{\"@type\":\"ImageObject\",\"@id\":\"https:\/\/www.conseg.pt\/#logo\",\"inLanguage\":\"fr-FR\",\"url\":\"https:\/\/www.conseg.pt\/wp-content\/uploads\/2020\/11\/Logo_Conseg-01-e1604333642146.png\",\"width\":500,\"height\":313,\"caption\":\"Conseg seguros\"},\"image\":{\"@id\":\"https:\/\/www.conseg.pt\/#logo\"}},{\"@type\":\"WebSite\",\"@id\":\"https:\/\/www.conseg.pt\/#website\",\"url\":\"https:\/\/www.conseg.pt\/\",\"name\":\"Conseg\",\"description\":\"Seguros\",\"publisher\":{\"@id\":\"https:\/\/www.conseg.pt\/#organization\"},\"potentialAction\":[{\"@type\":\"SearchAction\",\"target\":\"https:\/\/www.conseg.pt\/?s={search_term_string}\",\"query-input\":\"required name=search_term_string\"}],\"inLanguage\":\"fr-FR\"},{\"@type\":\"WebPage\",\"@id\":\"https:\/\/www.conseg.pt\/fr\/entreprise\/assurance-multirisque-entreprise\/#webpage\",\"url\":\"https:\/\/www.conseg.pt\/fr\/entreprise\/assurance-multirisque-entreprise\/\",\"name\":\"Assurance Multirisque entreprise | Conseg\",\"isPartOf\":{\"@id\":\"https:\/\/www.conseg.pt\/#website\"},\"datePublished\":\"2020-11-19T15:51:57+00:00\",\"dateModified\":\"2020-11-19T16:54:38+00:00\",\"breadcrumb\":{\"@id\":\"https:\/\/www.conseg.pt\/fr\/entreprise\/assurance-multirisque-entreprise\/#breadcrumb\"},\"inLanguage\":\"fr-FR\",\"potentialAction\":[{\"@type\":\"ReadAction\",\"target\":[\"https:\/\/www.conseg.pt\/fr\/entreprise\/assurance-multirisque-entreprise\/\"]}]},{\"@type\":\"BreadcrumbList\",\"@id\":\"https:\/\/www.conseg.pt\/fr\/entreprise\/assurance-multirisque-entreprise\/#breadcrumb\",\"itemListElement\":[{\"@type\":\"ListItem\",\"position\":1,\"item\":{\"@type\":\"WebPage\",\"@id\":\"https:\/\/www.conseg.pt\/fr\/\",\"url\":\"https:\/\/www.conseg.pt\/fr\/\",\"name\":\"Home\"}},{\"@type\":\"ListItem\",\"position\":2,\"item\":{\"@type\":\"WebPage\",\"@id\":\"https:\/\/www.conseg.pt\/fr\/entreprise\/\",\"url\":\"https:\/\/www.conseg.pt\/fr\/entreprise\/\",\"name\":\"Assurance Entreprise\"}},{\"@type\":\"ListItem\",\"position\":3,\"item\":{\"@type\":\"WebPage\",\"@id\":\"https:\/\/www.conseg.pt\/fr\/entreprise\/assurance-multirisque-entreprise\/\",\"url\":\"https:\/\/www.conseg.pt\/fr\/entreprise\/assurance-multirisque-entreprise\/\",\"name\":\"Assurance Multirisque entreprise\"}}]}]}<\/script>\n<!-- \/ Yoast SEO plugin. -->","_links":{"self":[{"href":"https:\/\/www.conseg.pt\/fr\/wp-json\/wp\/v2\/pages\/2174"}],"collection":[{"href":"https:\/\/www.conseg.pt\/fr\/wp-json\/wp\/v2\/pages"}],"about":[{"href":"https:\/\/www.conseg.pt\/fr\/wp-json\/wp\/v2\/types\/page"}],"author":[{"embeddable":true,"href":"https:\/\/www.conseg.pt\/fr\/wp-json\/wp\/v2\/users\/1"}],"replies":[{"embeddable":true,"href":"https:\/\/www.conseg.pt\/fr\/wp-json\/wp\/v2\/comments?post=2174"}],"version-history":[{"count":1,"href":"https:\/\/www.conseg.pt\/fr\/wp-json\/wp\/v2\/pages\/2174\/revisions"}],"predecessor-version":[{"id":2175,"href":"https:\/\/www.conseg.pt\/fr\/wp-json\/wp\/v2\/pages\/2174\/revisions\/2175"}],"up":[{"embeddable":true,"href":"https:\/\/www.conseg.pt\/fr\/wp-json\/wp\/v2\/pages\/1997"}],"wp:attachment":[{"href":"https:\/\/www.conseg.pt\/fr\/wp-json\/wp\/v2\/media?parent=2174"}],"curies":[{"name":"wp","href":"https:\/\/api.w.org\/{rel}","templated":true}]}}