{"id":2176,"date":"2020-11-19T15:56:47","date_gmt":"2020-11-19T15:56:47","guid":{"rendered":"https:\/\/www.conseg.pt\/fr\/?page_id=2176"},"modified":"2020-11-19T15:56:54","modified_gmt":"2020-11-19T15:56:54","slug":"transport-de-marchandises","status":"publish","type":"page","link":"https:\/\/www.conseg.pt\/fr\/entreprise\/transport-de-marchandises\/","title":{"rendered":"Transport de marchandises"},"content":{"rendered":"<p>[vc_row][vc_column width=&#8221;2\/3&#8243;]<div id=\"ultimate-heading-141769f2731caf349\" class=\"uvc-heading ult-adjust-bottom-margin ultimate-heading-141769f2731caf349 uvc-8808 \" data-hspacer=\"no_spacer\"  data-halign=\"left\" style=\"text-align:left\"><div class=\"uvc-heading-spacer no_spacer\" style=\"top\"><\/div><div class=\"uvc-main-heading ult-responsive\"  data-ultimate-target='.uvc-heading.ultimate-heading-141769f2731caf349 h2'  data-responsive-json-new='{\"font-size\":\"\",\"line-height\":\"\"}' ><h2 style=\"font-weight:normal;margin-bottom:10px;\">Prot\u00e9ger les marchandises pendant le transport<\/h2><\/div><\/div>[vc_column_text]L&#8217;assurance transport de marchandises est l&#8217;assurance qui garantit les \u00e9ventuels dommages mat\u00e9riels caus\u00e9s aux marchandises lors de leur transport, que ce soit par voie terrestre, territoriale ou maritime. Les risques contre lesquels les marchandises sont prot\u00e9g\u00e9es sont tr\u00e8s vari\u00e9s, allant d&#8217;incendie, d&#8217;explosion, de choc, de collision ou de renversement du v\u00e9hicule de transport, de vol ou de vol de la marchandise. En option, vous pouvez \u00e9galement contracter les risques inh\u00e9rents au chargement et au d\u00e9chargement des marchandises<br \/>\nIl peut \u00e9galement inclure des couvertures appropri\u00e9es pour les entreprises exportatrices et importatrices, telles que la couverture des expositions et des foires.[\/vc_column_text]<a href=\"http:\/\/www.conseg.pt\/contactos\/\" class=\"btn-shortcode dt-btn-m dt-btn default-btn-color default-btn-hover-color default-btn-bg-color default-btn-bg-hover-color\" id=\"dt-btn-1\"><i class=\"fa fa-info-circle\"><\/i><span>Contactez-nous<\/span><\/a>[\/vc_column][vc_column width=&#8221;1\/3&#8243;][vc_single_image image=&#8221;1617&#8243; img_size=&#8221;full&#8221; alignment=&#8221;center&#8221;][\/vc_column][\/vc_row]<\/p>\n","protected":false},"excerpt":{"rendered":"<p>[vc_row][vc_column width=&#8221;2\/3&#8243;]Prot\u00e9ger les marchandises pendant le transport[vc_column_text]L&#8217;assurance transport de marchandises est l&#8217;assurance qui garantit les \u00e9ventuels dommages mat\u00e9riels caus\u00e9s aux marchandises lors de leur transport, que ce soit par voie terrestre, territoriale ou maritime. Les risques contre lesquels les marchandises sont prot\u00e9g\u00e9es sont tr\u00e8s vari\u00e9s, allant d&#8217;incendie, d&#8217;explosion, de choc, de collision ou de renversement&hellip;<\/p>\n","protected":false},"author":1,"featured_media":0,"parent":1997,"menu_order":5,"comment_status":"closed","ping_status":"closed","template":"","meta":[],"yoast_head":"<!-- This site is optimized with the Yoast SEO plugin v15.9 - https:\/\/yoast.com\/wordpress\/plugins\/seo\/ -->\n<title>Transport de marchandises | Conseg<\/title>\n<meta name=\"robots\" content=\"index, follow, max-snippet:-1, max-image-preview:large, max-video-preview:-1\" \/>\n<link rel=\"canonical\" href=\"https:\/\/www.conseg.pt\/fr\/entreprise\/transport-de-marchandises\/\" \/>\n<meta property=\"og:locale\" content=\"fr_FR\" \/>\n<meta property=\"og:type\" content=\"article\" \/>\n<meta property=\"og:title\" content=\"Transport de marchandises | Conseg\" \/>\n<meta property=\"og:url\" content=\"https:\/\/www.conseg.pt\/fr\/entreprise\/transport-de-marchandises\/\" \/>\n<meta property=\"og:site_name\" content=\"Conseg\" \/>\n<meta property=\"article:publisher\" content=\"https:\/\/www.facebook.com\/Conseg.pt\/\" \/>\n<meta property=\"article:modified_time\" content=\"2020-11-19T15:56:54+00:00\" \/>\n<meta property=\"og:image\" content=\"https:\/\/www.conseg.pt\/wp-content\/uploads\/2020\/11\/Logo_Conseg-01-e1604333642146.png\" \/>\n\t<meta property=\"og:image:width\" content=\"500\" \/>\n\t<meta property=\"og:image:height\" content=\"313\" \/>\n<meta name=\"twitter:card\" content=\"summary\" \/>\n<meta name=\"twitter:label1\" content=\"Est. reading time\">\n\t<meta name=\"twitter:data1\" content=\"1 minute\">\n<script type=\"application\/ld+json\" class=\"yoast-schema-graph\">{\"@context\":\"https:\/\/schema.org\",\"@graph\":[{\"@type\":\"Organization\",\"@id\":\"https:\/\/www.conseg.pt\/#organization\",\"name\":\"Conseg seguros\",\"url\":\"https:\/\/www.conseg.pt\/\",\"sameAs\":[\"https:\/\/www.facebook.com\/Conseg.pt\/\",\"https:\/\/www.instagram.com\/conseg.pt\/\"],\"logo\":{\"@type\":\"ImageObject\",\"@id\":\"https:\/\/www.conseg.pt\/#logo\",\"inLanguage\":\"fr-FR\",\"url\":\"https:\/\/www.conseg.pt\/wp-content\/uploads\/2020\/11\/Logo_Conseg-01-e1604333642146.png\",\"width\":500,\"height\":313,\"caption\":\"Conseg seguros\"},\"image\":{\"@id\":\"https:\/\/www.conseg.pt\/#logo\"}},{\"@type\":\"WebSite\",\"@id\":\"https:\/\/www.conseg.pt\/#website\",\"url\":\"https:\/\/www.conseg.pt\/\",\"name\":\"Conseg\",\"description\":\"Seguros\",\"publisher\":{\"@id\":\"https:\/\/www.conseg.pt\/#organization\"},\"potentialAction\":[{\"@type\":\"SearchAction\",\"target\":\"https:\/\/www.conseg.pt\/?s={search_term_string}\",\"query-input\":\"required name=search_term_string\"}],\"inLanguage\":\"fr-FR\"},{\"@type\":\"WebPage\",\"@id\":\"https:\/\/www.conseg.pt\/fr\/entreprise\/transport-de-marchandises\/#webpage\",\"url\":\"https:\/\/www.conseg.pt\/fr\/entreprise\/transport-de-marchandises\/\",\"name\":\"Transport de marchandises | Conseg\",\"isPartOf\":{\"@id\":\"https:\/\/www.conseg.pt\/#website\"},\"datePublished\":\"2020-11-19T15:56:47+00:00\",\"dateModified\":\"2020-11-19T15:56:54+00:00\",\"breadcrumb\":{\"@id\":\"https:\/\/www.conseg.pt\/fr\/entreprise\/transport-de-marchandises\/#breadcrumb\"},\"inLanguage\":\"fr-FR\",\"potentialAction\":[{\"@type\":\"ReadAction\",\"target\":[\"https:\/\/www.conseg.pt\/fr\/entreprise\/transport-de-marchandises\/\"]}]},{\"@type\":\"BreadcrumbList\",\"@id\":\"https:\/\/www.conseg.pt\/fr\/entreprise\/transport-de-marchandises\/#breadcrumb\",\"itemListElement\":[{\"@type\":\"ListItem\",\"position\":1,\"item\":{\"@type\":\"WebPage\",\"@id\":\"https:\/\/www.conseg.pt\/fr\/\",\"url\":\"https:\/\/www.conseg.pt\/fr\/\",\"name\":\"Home\"}},{\"@type\":\"ListItem\",\"position\":2,\"item\":{\"@type\":\"WebPage\",\"@id\":\"https:\/\/www.conseg.pt\/fr\/entreprise\/\",\"url\":\"https:\/\/www.conseg.pt\/fr\/entreprise\/\",\"name\":\"Assurance Entreprise\"}},{\"@type\":\"ListItem\",\"position\":3,\"item\":{\"@type\":\"WebPage\",\"@id\":\"https:\/\/www.conseg.pt\/fr\/entreprise\/transport-de-marchandises\/\",\"url\":\"https:\/\/www.conseg.pt\/fr\/entreprise\/transport-de-marchandises\/\",\"name\":\"Transport de marchandises\"}}]}]}<\/script>\n<!-- \/ Yoast SEO plugin. -->","_links":{"self":[{"href":"https:\/\/www.conseg.pt\/fr\/wp-json\/wp\/v2\/pages\/2176"}],"collection":[{"href":"https:\/\/www.conseg.pt\/fr\/wp-json\/wp\/v2\/pages"}],"about":[{"href":"https:\/\/www.conseg.pt\/fr\/wp-json\/wp\/v2\/types\/page"}],"author":[{"embeddable":true,"href":"https:\/\/www.conseg.pt\/fr\/wp-json\/wp\/v2\/users\/1"}],"replies":[{"embeddable":true,"href":"https:\/\/www.conseg.pt\/fr\/wp-json\/wp\/v2\/comments?post=2176"}],"version-history":[{"count":1,"href":"https:\/\/www.conseg.pt\/fr\/wp-json\/wp\/v2\/pages\/2176\/revisions"}],"predecessor-version":[{"id":2178,"href":"https:\/\/www.conseg.pt\/fr\/wp-json\/wp\/v2\/pages\/2176\/revisions\/2178"}],"up":[{"embeddable":true,"href":"https:\/\/www.conseg.pt\/fr\/wp-json\/wp\/v2\/pages\/1997"}],"wp:attachment":[{"href":"https:\/\/www.conseg.pt\/fr\/wp-json\/wp\/v2\/media?parent=2176"}],"curies":[{"name":"wp","href":"https:\/\/api.w.org\/{rel}","templated":true}]}}