{"id":2181,"date":"2020-11-19T16:04:57","date_gmt":"2020-11-19T16:04:57","guid":{"rendered":"https:\/\/www.conseg.pt\/fr\/?page_id=2181"},"modified":"2020-11-19T16:05:06","modified_gmt":"2020-11-19T16:05:06","slug":"assurance-accident-au-travail","status":"publish","type":"page","link":"https:\/\/www.conseg.pt\/fr\/entreprise\/assurance-accident-au-travail\/","title":{"rendered":"Assurance Accident au Travail"},"content":{"rendered":"\n<p><\/p>\n\n\n<p>[vc_row][vc_column width=&#8221;2\/3&#8243;]<div id=\"ultimate-heading-231069e104b57ca00\" class=\"uvc-heading ult-adjust-bottom-margin ultimate-heading-231069e104b57ca00 uvc-4322 \" data-hspacer=\"no_spacer\"  data-halign=\"left\" style=\"text-align:left\"><div class=\"uvc-heading-spacer no_spacer\" style=\"top\"><\/div><div class=\"uvc-main-heading ult-responsive\"  data-ultimate-target='.uvc-heading.ultimate-heading-231069e104b57ca00 h2'  data-responsive-json-new='{\"font-size\":\"\",\"line-height\":\"\"}' ><h2 style=\"font-weight:normal;margin-bottom:10px;\">L'assurance accidents en milieu de travail est obligatoire par la loi<\/h2><\/div><\/div>[vc_column_text]<\/p>\n<p>Assurance requise par la loi, et parce que personne n&#8217;est libre d&#8217;avoir un accident au travail. L&#8217;assurance accidents du travail garantit aux salari\u00e9s de l&#8217;entreprise (\u00e0 temps plein ou partiel, \u00e0 temps plein ou \u00e0 temps partiel), l&#8217;indemnisation des dommages subis en cas d&#8217;accident, pendant les heures de travail ou sur le trajet vers et depuis le lieu de travail .<\/p>\n<p>[\/vc_column_text]<div id=\"ultimate-heading-838469e104b57ca90\" class=\"uvc-heading ult-adjust-bottom-margin ultimate-heading-838469e104b57ca90 uvc-5971 \" data-hspacer=\"no_spacer\"  data-halign=\"left\" style=\"text-align:left\"><div class=\"uvc-heading-spacer no_spacer\" style=\"top\"><\/div><div class=\"uvc-main-heading ult-responsive\"  data-ultimate-target='.uvc-heading.ultimate-heading-838469e104b57ca90 h2'  data-responsive-json-new='{\"font-size\":\"\",\"line-height\":\"\"}' ><h2 style=\"font-weight:normal;margin-bottom:10px;\">Accident du travail garanties d'assurance<\/h2><\/div><\/div>[vc_column_text]<\/p>\n<p>Accident de travail garanti par la Police: prestations m\u00e9dicales, chirurgicales, pharmaceutiques, hospitali\u00e8res et toutes autres \u00e0 condition qu&#8217;elles soient n\u00e9cessaires et ad\u00e9quates pour r\u00e9tablir l&#8217;\u00e9tat de sant\u00e9 et la capacit\u00e9 de travailler ou de gagner et de reprendre une vie active.<\/p>\n<p>[\/vc_column_text]<div class=\"uavc-list-icon uavc-list-icon-wrapper ult-adjust-bottom-margin   \"><ul class=\"uavc-list\"><li><div class=\"uavc-list-content\" id=\"list-icon-wrap-8181\">\n<div class=\"uavc-list-icon  \" data-animation=\"\" data-animation-delay=\"03\" style=\"margin-right:10px;\"><div class=\"ult-just-icon-wrapper  \"><div class=\"align-icon\" style=\"text-align:center;\">\n<div class=\"aio-icon none \"  style=\"color:#443d84;font-size:16px;display:inline-block;\">\n\t<i class=\"Defaults-check\"><\/i>\n<\/div><\/div><\/div>\n<\/div><span  data-ultimate-target='#list-icon-wrap-8181 .uavc-list-desc'  data-responsive-json-new='{\"font-size\":\"\",\"line-height\":\"\"}'  class=\"uavc-list-desc ult-responsive\" style=\"\"><\/p>\n<p>D\u00e9c\u00e8s<br \/>\n&#8211; Pensions pour les membres de la famille<br \/>\n&#8211; Prime de d\u00e9c\u00e8s<br \/>\n&#8211; Allocation pour frais fun\u00e9raires<\/p>\n<p><\/span><\/div><\/li><li><div class=\"uavc-list-content\" id=\"list-icon-wrap-8712\">\n<div class=\"uavc-list-icon  \" data-animation=\"\" data-animation-delay=\"03\" style=\"margin-right:10px;\"><div class=\"ult-just-icon-wrapper  \"><div class=\"align-icon\" style=\"text-align:center;\">\n<div class=\"aio-icon none \"  style=\"color:#443d84;font-size:16px;display:inline-block;\">\n\t<i class=\"Defaults-check\"><\/i>\n<\/div><\/div><\/div>\n<\/div><span  data-ultimate-target='#list-icon-wrap-8712 .uavc-list-desc'  data-responsive-json-new='{\"font-size\":\"\",\"line-height\":\"\"}'  class=\"uavc-list-desc ult-responsive\" style=\"\"><\/p>\n<p>Invalidit\u00e9 permanente absolue ou partielle<br \/>\n&#8211; R\u00e9mun\u00e9ration en pension viag\u00e8re ou en capital<br \/>\n&#8211; Allocation pour invalidit\u00e9 permanente \u00e9lev\u00e9e<br \/>\n&#8211; Allocation de r\u00e9am\u00e9nagement du logement<br \/>\n&#8211; Prestation compl\u00e9mentaire de retraite pour assistance aux tiers<br \/>\n&#8211; Subvention pour la fr\u00e9quence des actions dans le cadre de la r\u00e9adaptation professionnelle<\/p>\n<p><\/span><\/div><\/li><li><div class=\"uavc-list-content\" id=\"list-icon-wrap-5728\">\n<div class=\"uavc-list-icon  \" data-animation=\"\" data-animation-delay=\"03\" style=\"margin-right:10px;\"><div class=\"ult-just-icon-wrapper  \"><div class=\"align-icon\" style=\"text-align:center;\">\n<div class=\"aio-icon none \"  style=\"color:#443d84;font-size:16px;display:inline-block;\">\n\t<i class=\"Defaults-check\"><\/i>\n<\/div><\/div><\/div>\n<\/div><span  data-ultimate-target='#list-icon-wrap-5728 .uavc-list-desc'  data-responsive-json-new='{\"font-size\":\"\",\"line-height\":\"\"}'  class=\"uavc-list-desc ult-responsive\" style=\"\"><\/p>\n<p>Invalidit\u00e9 temporaire absolue ou partielle<br \/>\n&#8211; Compensation journali\u00e8re<\/p>\n<p><\/span><\/div><\/li><li><div class=\"uavc-list-content\" id=\"list-icon-wrap-4963\">\n<div class=\"uavc-list-icon  \" data-animation=\"\" data-animation-delay=\"03\" style=\"margin-right:10px;\"><div class=\"ult-just-icon-wrapper  \"><div class=\"align-icon\" style=\"text-align:center;\">\n<div class=\"aio-icon none \"  style=\"color:#443d84;font-size:16px;display:inline-block;\">\n\t<i class=\"Defaults-check\"><\/i>\n<\/div><\/div><\/div>\n<\/div><span  data-ultimate-target='#list-icon-wrap-4963 .uavc-list-desc'  data-responsive-json-new='{\"font-size\":\"\",\"line-height\":\"\"}'  class=\"uavc-list-desc ult-responsive\" style=\"\"><\/p>\n<p>Accident de travail garanti par la police<br \/>\n&#8211; Services m\u00e9dicaux, chirurgicaux, pharmaceutiques, hospitaliers;<br \/>\n&#8211; Toute autre tant qu&#8217;elle est n\u00e9cessaire et ad\u00e9quate pour r\u00e9tablir l&#8217;\u00e9tat de sant\u00e9 et la capacit\u00e9 de travailler ou de gagner et de reprendre une vie active.<\/p>\n<p><\/span><\/div><\/li><\/ul><\/div>[vc_btn title=&#8221;Contactez-nous&#8221; i_icon_fontawesome=&#8221;fa fa-info-circle&#8221; add_icon=&#8221;true&#8221; link=&#8221;url:https%3A%2F%2Fwww.conseg.pt%2Fcontactos%2F|||&#8221; el_class=&#8221;btn-primary&#8221;][\/vc_column][vc_column width=&#8221;1\/3&#8243;][vc_single_image image=&#8221;1609&#8243; img_size=&#8221;full&#8221; alignment=&#8221;center&#8221;][\/vc_column][\/vc_row]<\/p>\n\n\n\n<p><\/p>\n","protected":false},"excerpt":{"rendered":"<p>[vc_row][vc_column width=&#8221;2\/3&#8243;]L&#8217;assurance accidents en milieu de travail est obligatoire par la loi[vc_column_text] Assurance requise par la loi, et parce que personne n&#8217;est libre d&#8217;avoir un accident au travail. L&#8217;assurance accidents du travail garantit aux salari\u00e9s de l&#8217;entreprise (\u00e0 temps plein ou partiel, \u00e0 temps plein ou \u00e0 temps partiel), l&#8217;indemnisation des dommages subis en cas&hellip;<\/p>\n","protected":false},"author":1,"featured_media":0,"parent":1997,"menu_order":2,"comment_status":"closed","ping_status":"closed","template":"","meta":[],"yoast_head":"<!-- This site is optimized with the Yoast SEO plugin v15.9 - https:\/\/yoast.com\/wordpress\/plugins\/seo\/ -->\n<title>Assurance Accident au Travail | Conseg<\/title>\n<meta name=\"robots\" content=\"index, follow, max-snippet:-1, max-image-preview:large, max-video-preview:-1\" \/>\n<link rel=\"canonical\" href=\"https:\/\/www.conseg.pt\/fr\/entreprise\/assurance-accident-au-travail\/\" \/>\n<meta property=\"og:locale\" content=\"fr_FR\" \/>\n<meta property=\"og:type\" content=\"article\" \/>\n<meta property=\"og:title\" content=\"Assurance Accident au Travail | Conseg\" \/>\n<meta property=\"og:url\" content=\"https:\/\/www.conseg.pt\/fr\/entreprise\/assurance-accident-au-travail\/\" \/>\n<meta property=\"og:site_name\" content=\"Conseg\" \/>\n<meta property=\"article:publisher\" content=\"https:\/\/www.facebook.com\/Conseg.pt\/\" \/>\n<meta property=\"article:modified_time\" content=\"2020-11-19T16:05:06+00:00\" \/>\n<meta property=\"og:image\" content=\"https:\/\/www.conseg.pt\/wp-content\/uploads\/2020\/11\/Logo_Conseg-01-e1604333642146.png\" \/>\n\t<meta property=\"og:image:width\" content=\"500\" \/>\n\t<meta property=\"og:image:height\" content=\"313\" \/>\n<meta name=\"twitter:card\" content=\"summary\" \/>\n<meta name=\"twitter:label1\" content=\"Est. reading time\">\n\t<meta name=\"twitter:data1\" content=\"2 minutes\">\n<script type=\"application\/ld+json\" class=\"yoast-schema-graph\">{\"@context\":\"https:\/\/schema.org\",\"@graph\":[{\"@type\":\"Organization\",\"@id\":\"https:\/\/www.conseg.pt\/#organization\",\"name\":\"Conseg seguros\",\"url\":\"https:\/\/www.conseg.pt\/\",\"sameAs\":[\"https:\/\/www.facebook.com\/Conseg.pt\/\",\"https:\/\/www.instagram.com\/conseg.pt\/\"],\"logo\":{\"@type\":\"ImageObject\",\"@id\":\"https:\/\/www.conseg.pt\/#logo\",\"inLanguage\":\"fr-FR\",\"url\":\"https:\/\/www.conseg.pt\/wp-content\/uploads\/2020\/11\/Logo_Conseg-01-e1604333642146.png\",\"width\":500,\"height\":313,\"caption\":\"Conseg seguros\"},\"image\":{\"@id\":\"https:\/\/www.conseg.pt\/#logo\"}},{\"@type\":\"WebSite\",\"@id\":\"https:\/\/www.conseg.pt\/#website\",\"url\":\"https:\/\/www.conseg.pt\/\",\"name\":\"Conseg\",\"description\":\"Seguros\",\"publisher\":{\"@id\":\"https:\/\/www.conseg.pt\/#organization\"},\"potentialAction\":[{\"@type\":\"SearchAction\",\"target\":\"https:\/\/www.conseg.pt\/?s={search_term_string}\",\"query-input\":\"required name=search_term_string\"}],\"inLanguage\":\"fr-FR\"},{\"@type\":\"WebPage\",\"@id\":\"https:\/\/www.conseg.pt\/fr\/entreprise\/assurance-accident-au-travail\/#webpage\",\"url\":\"https:\/\/www.conseg.pt\/fr\/entreprise\/assurance-accident-au-travail\/\",\"name\":\"Assurance Accident au Travail | Conseg\",\"isPartOf\":{\"@id\":\"https:\/\/www.conseg.pt\/#website\"},\"datePublished\":\"2020-11-19T16:04:57+00:00\",\"dateModified\":\"2020-11-19T16:05:06+00:00\",\"breadcrumb\":{\"@id\":\"https:\/\/www.conseg.pt\/fr\/entreprise\/assurance-accident-au-travail\/#breadcrumb\"},\"inLanguage\":\"fr-FR\",\"potentialAction\":[{\"@type\":\"ReadAction\",\"target\":[\"https:\/\/www.conseg.pt\/fr\/entreprise\/assurance-accident-au-travail\/\"]}]},{\"@type\":\"BreadcrumbList\",\"@id\":\"https:\/\/www.conseg.pt\/fr\/entreprise\/assurance-accident-au-travail\/#breadcrumb\",\"itemListElement\":[{\"@type\":\"ListItem\",\"position\":1,\"item\":{\"@type\":\"WebPage\",\"@id\":\"https:\/\/www.conseg.pt\/fr\/\",\"url\":\"https:\/\/www.conseg.pt\/fr\/\",\"name\":\"Home\"}},{\"@type\":\"ListItem\",\"position\":2,\"item\":{\"@type\":\"WebPage\",\"@id\":\"https:\/\/www.conseg.pt\/fr\/entreprise\/\",\"url\":\"https:\/\/www.conseg.pt\/fr\/entreprise\/\",\"name\":\"Assurance Entreprise\"}},{\"@type\":\"ListItem\",\"position\":3,\"item\":{\"@type\":\"WebPage\",\"@id\":\"https:\/\/www.conseg.pt\/fr\/entreprise\/assurance-accident-au-travail\/\",\"url\":\"https:\/\/www.conseg.pt\/fr\/entreprise\/assurance-accident-au-travail\/\",\"name\":\"Assurance Accident au Travail\"}}]}]}<\/script>\n<!-- \/ Yoast SEO plugin. -->","_links":{"self":[{"href":"https:\/\/www.conseg.pt\/fr\/wp-json\/wp\/v2\/pages\/2181"}],"collection":[{"href":"https:\/\/www.conseg.pt\/fr\/wp-json\/wp\/v2\/pages"}],"about":[{"href":"https:\/\/www.conseg.pt\/fr\/wp-json\/wp\/v2\/types\/page"}],"author":[{"embeddable":true,"href":"https:\/\/www.conseg.pt\/fr\/wp-json\/wp\/v2\/users\/1"}],"replies":[{"embeddable":true,"href":"https:\/\/www.conseg.pt\/fr\/wp-json\/wp\/v2\/comments?post=2181"}],"version-history":[{"count":1,"href":"https:\/\/www.conseg.pt\/fr\/wp-json\/wp\/v2\/pages\/2181\/revisions"}],"predecessor-version":[{"id":2182,"href":"https:\/\/www.conseg.pt\/fr\/wp-json\/wp\/v2\/pages\/2181\/revisions\/2182"}],"up":[{"embeddable":true,"href":"https:\/\/www.conseg.pt\/fr\/wp-json\/wp\/v2\/pages\/1997"}],"wp:attachment":[{"href":"https:\/\/www.conseg.pt\/fr\/wp-json\/wp\/v2\/media?parent=2181"}],"curies":[{"name":"wp","href":"https:\/\/api.w.org\/{rel}","templated":true}]}}