{"id":2183,"date":"2020-11-19T16:09:05","date_gmt":"2020-11-19T16:09:05","guid":{"rendered":"https:\/\/www.conseg.pt\/fr\/?page_id=2183"},"modified":"2020-11-19T16:09:21","modified_gmt":"2020-11-19T16:09:21","slug":"assurance-responsabilite-civile","status":"publish","type":"page","link":"https:\/\/www.conseg.pt\/fr\/entreprise\/assurance-responsabilite-civile\/","title":{"rendered":"Assurance Responsabilit\u00e9 Civile"},"content":{"rendered":"\n<p><\/p>\n\n\n<p>[vc_row][vc_column width=&#8221;2\/3&#8243;]<div id=\"ultimate-heading-520769f27f5254f76\" class=\"uvc-heading ult-adjust-bottom-margin ultimate-heading-520769f27f5254f76 uvc-2523 \" data-hspacer=\"no_spacer\"  data-halign=\"left\" style=\"text-align:left\"><div class=\"uvc-heading-spacer no_spacer\" style=\"top\"><\/div><div class=\"uvc-main-heading ult-responsive\"  data-ultimate-target='.uvc-heading.ultimate-heading-520769f27f5254f76 h2'  data-responsive-json-new='{\"font-size\":\"\",\"line-height\":\"\"}' ><h2 style=\"font-weight:normal;margin-bottom:10px;\">La pr\u00e9vention est la cl\u00e9 pour s'assurer qu'aucun \u00e9v\u00e9nement impr\u00e9vu n'affecte votre entreprise<\/h2><\/div><\/div>[vc_column_text]<\/p>\n<p><strong>La responsabilit\u00e9 civile<\/strong> est l&#8217;obligation de r\u00e9parer les dommages qu&#8217;une personne cause \u00e0 une autre. En droit, la th\u00e9orie de la responsabilit\u00e9 civile cherche \u00e0 d\u00e9terminer dans quelles conditions une personne peut \u00eatre tenue responsable du dommage subi par une autre personne et dans quelle mesure elle est tenue de le r\u00e9parer. La r\u00e9paration du dommage se fait par l&#8217;indemnisation, qui est presque toujours p\u00e9cuniaire. Les dommages peuvent porter sur l&#8217;int\u00e9grit\u00e9 physique, l&#8217;honneur ou la propri\u00e9t\u00e9 d&#8217;une personne.<\/p>\n<p>L&#8217;assurance <strong>responsabilit\u00e9 civile<\/strong> peut \u00eatre obligatoire ou facultative selon la l\u00e9gislation portugaise.<\/p>\n<p>De uma forma geral, a responsabilidade civil poder\u00e1 cobrir v\u00e1rios riscos, tais como:<\/p>\n<p>[\/vc_column_text]<div class=\"uavc-list-icon uavc-list-icon-wrapper ult-adjust-bottom-margin   \"><ul class=\"uavc-list\"><li><div class=\"uavc-list-content\" id=\"list-icon-wrap-5206\">\n<div class=\"uavc-list-icon  \" data-animation=\"\" data-animation-delay=\"03\" style=\"margin-right:10px;\"><div class=\"ult-just-icon-wrapper  \"><div class=\"align-icon\" style=\"text-align:center;\">\n<div class=\"aio-icon none \"  style=\"color:#27215a;font-size:16px;display:inline-block;\">\n\t<i class=\"Defaults-check\"><\/i>\n<\/div><\/div><\/div>\n<\/div><span  data-ultimate-target='#list-icon-wrap-5206 .uavc-list-desc'  data-responsive-json-new='{\"font-size\":\"\",\"line-height\":\"\"}'  class=\"uavc-list-desc ult-responsive\" style=\"\"><\/p>\n<p>Activit\u00e9 commerciale<\/p>\n<p><\/span><\/div><\/li><li><div class=\"uavc-list-content\" id=\"list-icon-wrap-7072\">\n<div class=\"uavc-list-icon  \" data-animation=\"\" data-animation-delay=\"03\" style=\"margin-right:10px;\"><div class=\"ult-just-icon-wrapper  \"><div class=\"align-icon\" style=\"text-align:center;\">\n<div class=\"aio-icon none \"  style=\"color:#27215a;font-size:16px;display:inline-block;\">\n\t<i class=\"Defaults-check\"><\/i>\n<\/div><\/div><\/div>\n<\/div><span  data-ultimate-target='#list-icon-wrap-7072 .uavc-list-desc'  data-responsive-json-new='{\"font-size\":\"\",\"line-height\":\"\"}'  class=\"uavc-list-desc ult-responsive\" style=\"\"><\/p>\n<p>Activit\u00e9 professionnelle<\/p>\n<p><\/span><\/div><\/li><li><div class=\"uavc-list-content\" id=\"list-icon-wrap-5955\">\n<div class=\"uavc-list-icon  \" data-animation=\"\" data-animation-delay=\"03\" style=\"margin-right:10px;\"><div class=\"ult-just-icon-wrapper  \"><div class=\"align-icon\" style=\"text-align:center;\">\n<div class=\"aio-icon none \"  style=\"color:#27215a;font-size:16px;display:inline-block;\">\n\t<i class=\"Defaults-check\"><\/i>\n<\/div><\/div><\/div>\n<\/div><span  data-ultimate-target='#list-icon-wrap-5955 .uavc-list-desc'  data-responsive-json-new='{\"font-size\":\"\",\"line-height\":\"\"}'  class=\"uavc-list-desc ult-responsive\" style=\"\"><\/p>\n<p>Produits<\/p>\n<p><\/span><\/div><\/li><li><div class=\"uavc-list-content\" id=\"list-icon-wrap-3413\">\n<div class=\"uavc-list-icon  \" data-animation=\"\" data-animation-delay=\"03\" style=\"margin-right:10px;\"><div class=\"ult-just-icon-wrapper  \"><div class=\"align-icon\" style=\"text-align:center;\">\n<div class=\"aio-icon none \"  style=\"color:#27215a;font-size:16px;display:inline-block;\">\n\t<i class=\"Defaults-check\"><\/i>\n<\/div><\/div><\/div>\n<\/div><span  data-ultimate-target='#list-icon-wrap-3413 .uavc-list-desc'  data-responsive-json-new='{\"font-size\":\"\",\"line-height\":\"\"}'  class=\"uavc-list-desc ult-responsive\" style=\"\"><\/p>\n<p>Environnement<\/p>\n<p><\/span><\/div><\/li><\/ul><\/div>[vc_btn title=&#8221;Contactez-nous&#8221; i_icon_fontawesome=&#8221;fa fa-info-circle&#8221; add_icon=&#8221;true&#8221; link=&#8221;url:https%3A%2F%2Fwww.conseg.pt%2Fcontactos%2F|||&#8221; el_class=&#8221;btn-primary&#8221;][\/vc_column][vc_column width=&#8221;1\/3&#8243;][vc_single_image image=&#8221;1615&#8243; img_size=&#8221;full&#8221; alignment=&#8221;center&#8221;][\/vc_column][\/vc_row]<\/p>\n\n\n\n<p><\/p>\n","protected":false},"excerpt":{"rendered":"<p>[vc_row][vc_column width=&#8221;2\/3&#8243;]La pr\u00e9vention est la cl\u00e9 pour s&#8217;assurer qu&#8217;aucun \u00e9v\u00e9nement impr\u00e9vu n&#8217;affecte votre entreprise[vc_column_text] La responsabilit\u00e9 civile est l&#8217;obligation de r\u00e9parer les dommages qu&#8217;une personne cause \u00e0 une autre. En droit, la th\u00e9orie de la responsabilit\u00e9 civile cherche \u00e0 d\u00e9terminer dans quelles conditions une personne peut \u00eatre tenue responsable du dommage subi par une autre&hellip;<\/p>\n","protected":false},"author":1,"featured_media":0,"parent":1997,"menu_order":3,"comment_status":"closed","ping_status":"closed","template":"","meta":[],"yoast_head":"<!-- This site is optimized with the Yoast SEO plugin v15.9 - https:\/\/yoast.com\/wordpress\/plugins\/seo\/ -->\n<title>Assurance Responsabilit\u00e9 Civile | Conseg<\/title>\n<meta name=\"robots\" content=\"index, follow, max-snippet:-1, max-image-preview:large, max-video-preview:-1\" \/>\n<link rel=\"canonical\" href=\"https:\/\/www.conseg.pt\/fr\/entreprise\/assurance-responsabilite-civile\/\" \/>\n<meta property=\"og:locale\" content=\"fr_FR\" \/>\n<meta property=\"og:type\" content=\"article\" \/>\n<meta property=\"og:title\" content=\"Assurance Responsabilit\u00e9 Civile | Conseg\" \/>\n<meta property=\"og:url\" content=\"https:\/\/www.conseg.pt\/fr\/entreprise\/assurance-responsabilite-civile\/\" \/>\n<meta property=\"og:site_name\" content=\"Conseg\" \/>\n<meta property=\"article:publisher\" content=\"https:\/\/www.facebook.com\/Conseg.pt\/\" \/>\n<meta property=\"article:modified_time\" content=\"2020-11-19T16:09:21+00:00\" \/>\n<meta property=\"og:image\" content=\"https:\/\/www.conseg.pt\/wp-content\/uploads\/2020\/11\/Logo_Conseg-01-e1604333642146.png\" \/>\n\t<meta property=\"og:image:width\" content=\"500\" \/>\n\t<meta property=\"og:image:height\" content=\"313\" \/>\n<meta name=\"twitter:card\" content=\"summary\" \/>\n<meta name=\"twitter:label1\" content=\"Est. reading time\">\n\t<meta name=\"twitter:data1\" content=\"1 minute\">\n<script type=\"application\/ld+json\" class=\"yoast-schema-graph\">{\"@context\":\"https:\/\/schema.org\",\"@graph\":[{\"@type\":\"Organization\",\"@id\":\"https:\/\/www.conseg.pt\/#organization\",\"name\":\"Conseg seguros\",\"url\":\"https:\/\/www.conseg.pt\/\",\"sameAs\":[\"https:\/\/www.facebook.com\/Conseg.pt\/\",\"https:\/\/www.instagram.com\/conseg.pt\/\"],\"logo\":{\"@type\":\"ImageObject\",\"@id\":\"https:\/\/www.conseg.pt\/#logo\",\"inLanguage\":\"fr-FR\",\"url\":\"https:\/\/www.conseg.pt\/wp-content\/uploads\/2020\/11\/Logo_Conseg-01-e1604333642146.png\",\"width\":500,\"height\":313,\"caption\":\"Conseg seguros\"},\"image\":{\"@id\":\"https:\/\/www.conseg.pt\/#logo\"}},{\"@type\":\"WebSite\",\"@id\":\"https:\/\/www.conseg.pt\/#website\",\"url\":\"https:\/\/www.conseg.pt\/\",\"name\":\"Conseg\",\"description\":\"Seguros\",\"publisher\":{\"@id\":\"https:\/\/www.conseg.pt\/#organization\"},\"potentialAction\":[{\"@type\":\"SearchAction\",\"target\":\"https:\/\/www.conseg.pt\/?s={search_term_string}\",\"query-input\":\"required name=search_term_string\"}],\"inLanguage\":\"fr-FR\"},{\"@type\":\"WebPage\",\"@id\":\"https:\/\/www.conseg.pt\/fr\/entreprise\/assurance-responsabilite-civile\/#webpage\",\"url\":\"https:\/\/www.conseg.pt\/fr\/entreprise\/assurance-responsabilite-civile\/\",\"name\":\"Assurance Responsabilit\\u00e9 Civile | Conseg\",\"isPartOf\":{\"@id\":\"https:\/\/www.conseg.pt\/#website\"},\"datePublished\":\"2020-11-19T16:09:05+00:00\",\"dateModified\":\"2020-11-19T16:09:21+00:00\",\"breadcrumb\":{\"@id\":\"https:\/\/www.conseg.pt\/fr\/entreprise\/assurance-responsabilite-civile\/#breadcrumb\"},\"inLanguage\":\"fr-FR\",\"potentialAction\":[{\"@type\":\"ReadAction\",\"target\":[\"https:\/\/www.conseg.pt\/fr\/entreprise\/assurance-responsabilite-civile\/\"]}]},{\"@type\":\"BreadcrumbList\",\"@id\":\"https:\/\/www.conseg.pt\/fr\/entreprise\/assurance-responsabilite-civile\/#breadcrumb\",\"itemListElement\":[{\"@type\":\"ListItem\",\"position\":1,\"item\":{\"@type\":\"WebPage\",\"@id\":\"https:\/\/www.conseg.pt\/fr\/\",\"url\":\"https:\/\/www.conseg.pt\/fr\/\",\"name\":\"Home\"}},{\"@type\":\"ListItem\",\"position\":2,\"item\":{\"@type\":\"WebPage\",\"@id\":\"https:\/\/www.conseg.pt\/fr\/entreprise\/\",\"url\":\"https:\/\/www.conseg.pt\/fr\/entreprise\/\",\"name\":\"Assurance Entreprise\"}},{\"@type\":\"ListItem\",\"position\":3,\"item\":{\"@type\":\"WebPage\",\"@id\":\"https:\/\/www.conseg.pt\/fr\/entreprise\/assurance-responsabilite-civile\/\",\"url\":\"https:\/\/www.conseg.pt\/fr\/entreprise\/assurance-responsabilite-civile\/\",\"name\":\"Assurance Responsabilit\\u00e9 Civile\"}}]}]}<\/script>\n<!-- \/ Yoast SEO plugin. -->","_links":{"self":[{"href":"https:\/\/www.conseg.pt\/fr\/wp-json\/wp\/v2\/pages\/2183"}],"collection":[{"href":"https:\/\/www.conseg.pt\/fr\/wp-json\/wp\/v2\/pages"}],"about":[{"href":"https:\/\/www.conseg.pt\/fr\/wp-json\/wp\/v2\/types\/page"}],"author":[{"embeddable":true,"href":"https:\/\/www.conseg.pt\/fr\/wp-json\/wp\/v2\/users\/1"}],"replies":[{"embeddable":true,"href":"https:\/\/www.conseg.pt\/fr\/wp-json\/wp\/v2\/comments?post=2183"}],"version-history":[{"count":1,"href":"https:\/\/www.conseg.pt\/fr\/wp-json\/wp\/v2\/pages\/2183\/revisions"}],"predecessor-version":[{"id":2184,"href":"https:\/\/www.conseg.pt\/fr\/wp-json\/wp\/v2\/pages\/2183\/revisions\/2184"}],"up":[{"embeddable":true,"href":"https:\/\/www.conseg.pt\/fr\/wp-json\/wp\/v2\/pages\/1997"}],"wp:attachment":[{"href":"https:\/\/www.conseg.pt\/fr\/wp-json\/wp\/v2\/media?parent=2183"}],"curies":[{"name":"wp","href":"https:\/\/api.w.org\/{rel}","templated":true}]}}